{"id":11182,"date":"2021-07-09T09:54:10","date_gmt":"2021-07-09T07:54:10","guid":{"rendered":"https:\/\/gruponogar.com\/port-logistics\/"},"modified":"2022-01-28T13:38:09","modified_gmt":"2022-01-28T12:38:09","slug":"port-logistics","status":"publish","type":"page","link":"https:\/\/gruponogar.com\/en\/logistic-services\/port-logistics\/","title":{"rendered":"Port Logistics"},"content":{"rendered":"","protected":false},"excerpt":{"rendered":"","protected":false},"author":1,"featured_media":0,"parent":11341,"menu_order":0,"comment_status":"closed","ping_status":"closed","template":"","meta":[],"yoast_head":"<!-- This site is optimized with the Yoast SEO plugin v20.12 - https:\/\/yoast.com\/wordpress\/plugins\/seo\/ -->\n<title>Port Logistics<\/title>\n<meta name=\"description\" content=\"We offer a comprehensive and varied range of services in the ports where we operate, thanks to our professionals and to the modern machinery pool that we put at your disposal to carry out any port logistics project.\" \/>\n<meta name=\"robots\" content=\"index, follow, max-snippet:-1, max-image-preview:large, max-video-preview:-1\" \/>\n<link rel=\"canonical\" href=\"https:\/\/gruponogar.com\/en\/logistic-services\/port-logistics\/\" \/>\n<meta property=\"og:locale\" content=\"en_US\" \/>\n<meta property=\"og:type\" content=\"article\" \/>\n<meta property=\"og:title\" content=\"Port Logistics\" \/>\n<meta property=\"og:description\" content=\"We offer a comprehensive and varied range of services in the ports where we operate, thanks to our professionals and to the modern machinery pool that we put at your disposal to carry out any port logistics project.\" \/>\n<meta property=\"og:url\" content=\"https:\/\/gruponogar.com\/en\/logistic-services\/port-logistics\/\" \/>\n<meta property=\"og:site_name\" content=\"Grupo Nogar - Log\u00edstica portuaria y comercio mar\u00edtimo\" \/>\n<meta property=\"article:modified_time\" content=\"2022-01-28T12:38:09+00:00\" \/>\n<meta name=\"twitter:card\" content=\"summary_large_image\" \/>\n<script type=\"application\/ld+json\" class=\"yoast-schema-graph\">{\"@context\":\"https:\/\/schema.org\",\"@graph\":[{\"@type\":\"WebPage\",\"@id\":\"https:\/\/gruponogar.com\/en\/logistic-services\/port-logistics\/\",\"url\":\"https:\/\/gruponogar.com\/en\/logistic-services\/port-logistics\/\",\"name\":\"Port Logistics\",\"isPartOf\":{\"@id\":\"https:\/\/gruponogar.com\/#website\"},\"datePublished\":\"2021-07-09T07:54:10+00:00\",\"dateModified\":\"2022-01-28T12:38:09+00:00\",\"description\":\"We offer a comprehensive and varied range of services in the ports where we operate, thanks to our professionals and to the modern machinery pool that we put at your disposal to carry out any port logistics project.\",\"breadcrumb\":{\"@id\":\"https:\/\/gruponogar.com\/en\/logistic-services\/port-logistics\/#breadcrumb\"},\"inLanguage\":\"en-US\",\"potentialAction\":[{\"@type\":\"ReadAction\",\"target\":[\"https:\/\/gruponogar.com\/en\/logistic-services\/port-logistics\/\"]}]},{\"@type\":\"BreadcrumbList\",\"@id\":\"https:\/\/gruponogar.com\/en\/logistic-services\/port-logistics\/#breadcrumb\",\"itemListElement\":[{\"@type\":\"ListItem\",\"position\":1,\"name\":\"Portada\",\"item\":\"https:\/\/gruponogar.com\/en\/\"},{\"@type\":\"ListItem\",\"position\":2,\"name\":\"Logistic Services\",\"item\":\"https:\/\/gruponogar.com\/en\/logistic-services\/\"},{\"@type\":\"ListItem\",\"position\":3,\"name\":\"Port Logistics\"}]},{\"@type\":\"WebSite\",\"@id\":\"https:\/\/gruponogar.com\/#website\",\"url\":\"https:\/\/gruponogar.com\/\",\"name\":\"Grupo Nogar - Log\u00edstica portuaria y comercio mar\u00edtimo\",\"description\":\"GrupoNogar es referente en el mundo mar\u00edtimo-portuario, log\u00edstico y comercial\",\"potentialAction\":[{\"@type\":\"SearchAction\",\"target\":{\"@type\":\"EntryPoint\",\"urlTemplate\":\"https:\/\/gruponogar.com\/?s={search_term_string}\"},\"query-input\":\"required name=search_term_string\"}],\"inLanguage\":\"en-US\"}]}<\/script>\n<!-- \/ Yoast SEO plugin. -->","yoast_head_json":{"title":"Port Logistics","description":"We offer a comprehensive and varied range of services in the ports where we operate, thanks to our professionals and to the modern machinery pool that we put at your disposal to carry out any port logistics project.","robots":{"index":"index","follow":"follow","max-snippet":"max-snippet:-1","max-image-preview":"max-image-preview:large","max-video-preview":"max-video-preview:-1"},"canonical":"https:\/\/gruponogar.com\/en\/logistic-services\/port-logistics\/","og_locale":"en_US","og_type":"article","og_title":"Port Logistics","og_description":"We offer a comprehensive and varied range of services in the ports where we operate, thanks to our professionals and to the modern machinery pool that we put at your disposal to carry out any port logistics project.","og_url":"https:\/\/gruponogar.com\/en\/logistic-services\/port-logistics\/","og_site_name":"Grupo Nogar - Log\u00edstica portuaria y comercio mar\u00edtimo","article_modified_time":"2022-01-28T12:38:09+00:00","twitter_card":"summary_large_image","schema":{"@context":"https:\/\/schema.org","@graph":[{"@type":"WebPage","@id":"https:\/\/gruponogar.com\/en\/logistic-services\/port-logistics\/","url":"https:\/\/gruponogar.com\/en\/logistic-services\/port-logistics\/","name":"Port Logistics","isPartOf":{"@id":"https:\/\/gruponogar.com\/#website"},"datePublished":"2021-07-09T07:54:10+00:00","dateModified":"2022-01-28T12:38:09+00:00","description":"We offer a comprehensive and varied range of services in the ports where we operate, thanks to our professionals and to the modern machinery pool that we put at your disposal to carry out any port logistics project.","breadcrumb":{"@id":"https:\/\/gruponogar.com\/en\/logistic-services\/port-logistics\/#breadcrumb"},"inLanguage":"en-US","potentialAction":[{"@type":"ReadAction","target":["https:\/\/gruponogar.com\/en\/logistic-services\/port-logistics\/"]}]},{"@type":"BreadcrumbList","@id":"https:\/\/gruponogar.com\/en\/logistic-services\/port-logistics\/#breadcrumb","itemListElement":[{"@type":"ListItem","position":1,"name":"Portada","item":"https:\/\/gruponogar.com\/en\/"},{"@type":"ListItem","position":2,"name":"Logistic Services","item":"https:\/\/gruponogar.com\/en\/logistic-services\/"},{"@type":"ListItem","position":3,"name":"Port Logistics"}]},{"@type":"WebSite","@id":"https:\/\/gruponogar.com\/#website","url":"https:\/\/gruponogar.com\/","name":"Grupo Nogar - Log\u00edstica portuaria y comercio mar\u00edtimo","description":"GrupoNogar es referente en el mundo mar\u00edtimo-portuario, log\u00edstico y comercial","potentialAction":[{"@type":"SearchAction","target":{"@type":"EntryPoint","urlTemplate":"https:\/\/gruponogar.com\/?s={search_term_string}"},"query-input":"required name=search_term_string"}],"inLanguage":"en-US"}]}},"_links":{"self":[{"href":"https:\/\/gruponogar.com\/en\/wp-json\/wp\/v2\/pages\/11182"}],"collection":[{"href":"https:\/\/gruponogar.com\/en\/wp-json\/wp\/v2\/pages"}],"about":[{"href":"https:\/\/gruponogar.com\/en\/wp-json\/wp\/v2\/types\/page"}],"author":[{"embeddable":true,"href":"https:\/\/gruponogar.com\/en\/wp-json\/wp\/v2\/users\/1"}],"replies":[{"embeddable":true,"href":"https:\/\/gruponogar.com\/en\/wp-json\/wp\/v2\/comments?post=11182"}],"version-history":[{"count":5,"href":"https:\/\/gruponogar.com\/en\/wp-json\/wp\/v2\/pages\/11182\/revisions"}],"predecessor-version":[{"id":12848,"href":"https:\/\/gruponogar.com\/en\/wp-json\/wp\/v2\/pages\/11182\/revisions\/12848"}],"up":[{"embeddable":true,"href":"https:\/\/gruponogar.com\/en\/wp-json\/wp\/v2\/pages\/11341"}],"wp:attachment":[{"href":"https:\/\/gruponogar.com\/en\/wp-json\/wp\/v2\/media?parent=11182"}],"curies":[{"name":"wp","href":"https:\/\/api.w.org\/{rel}","templated":true}]}}