{"id":11212,"date":"2021-07-20T12:07:01","date_gmt":"2021-07-20T10:07:01","guid":{"rendered":"https:\/\/gruponogar.com\/joint-controller-agreement-for-data-processing\/"},"modified":"2022-01-28T13:38:22","modified_gmt":"2022-01-28T12:38:22","slug":"joint-controller-agreement-for-data-processing","status":"publish","type":"page","link":"https:\/\/gruponogar.com\/en\/privacy-policy\/joint-controller-agreement-for-data-processing\/","title":{"rendered":"Joint controller agreement for data processing"},"content":{"rendered":"","protected":false},"excerpt":{"rendered":"","protected":false},"author":1,"featured_media":0,"parent":11460,"menu_order":0,"comment_status":"closed","ping_status":"closed","template":"","meta":[],"yoast_head":"<!-- This site is optimized with the Yoast SEO plugin v20.12 - https:\/\/yoast.com\/wordpress\/plugins\/seo\/ -->\n<title>Joint controller agreement for data processing<\/title>\n<meta name=\"description\" content=\"Pursuant to Art. 26 General Data Protection Regulation (hereinafter GDPR), the companies that make up the GrupoNogar have jointly agreed on the purposes and methods for the processing of personal data, and hence they should be considered joint controllers of the data processing indicated below\" \/>\n<meta name=\"robots\" content=\"index, follow, max-snippet:-1, max-image-preview:large, max-video-preview:-1\" \/>\n<link rel=\"canonical\" href=\"https:\/\/gruponogar.com\/politica-de-privacidad\/corresponsables\/\" \/>\n<meta property=\"og:locale\" content=\"en_US\" \/>\n<meta property=\"og:type\" content=\"article\" \/>\n<meta property=\"og:title\" content=\"Joint controller agreement for data processing\" \/>\n<meta property=\"og:description\" content=\"Pursuant to Art. 26 General Data Protection Regulation (hereinafter GDPR), the companies that make up the GrupoNogar have jointly agreed on the purposes and methods for the processing of personal data, and hence they should be considered joint controllers of the data processing indicated below\" \/>\n<meta property=\"og:url\" content=\"https:\/\/gruponogar.com\/politica-de-privacidad\/corresponsables\/\" \/>\n<meta property=\"og:site_name\" content=\"Grupo Nogar - Log\u00edstica portuaria y comercio mar\u00edtimo\" \/>\n<meta property=\"article:modified_time\" content=\"2022-01-28T12:38:22+00:00\" \/>\n<meta name=\"twitter:card\" content=\"summary_large_image\" \/>\n<script type=\"application\/ld+json\" class=\"yoast-schema-graph\">{\"@context\":\"https:\/\/schema.org\",\"@graph\":[{\"@type\":\"WebPage\",\"@id\":\"https:\/\/gruponogar.com\/politica-de-privacidad\/corresponsables\/\",\"url\":\"https:\/\/gruponogar.com\/politica-de-privacidad\/corresponsables\/\",\"name\":\"Joint controller agreement for data processing\",\"isPartOf\":{\"@id\":\"https:\/\/gruponogar.com\/#website\"},\"datePublished\":\"2021-07-20T10:07:01+00:00\",\"dateModified\":\"2022-01-28T12:38:22+00:00\",\"description\":\"Pursuant to Art. 26 General Data Protection Regulation (hereinafter GDPR), the companies that make up the GrupoNogar have jointly agreed on the purposes and methods for the processing of personal data, and hence they should be considered joint controllers of the data processing indicated below\",\"breadcrumb\":{\"@id\":\"https:\/\/gruponogar.com\/politica-de-privacidad\/corresponsables\/#breadcrumb\"},\"inLanguage\":\"en-US\",\"potentialAction\":[{\"@type\":\"ReadAction\",\"target\":[\"https:\/\/gruponogar.com\/politica-de-privacidad\/corresponsables\/\"]}]},{\"@type\":\"BreadcrumbList\",\"@id\":\"https:\/\/gruponogar.com\/politica-de-privacidad\/corresponsables\/#breadcrumb\",\"itemListElement\":[{\"@type\":\"ListItem\",\"position\":1,\"name\":\"Portada\",\"item\":\"https:\/\/gruponogar.com\/en\/\"},{\"@type\":\"ListItem\",\"position\":2,\"name\":\"Privacy Policy\",\"item\":\"https:\/\/gruponogar.com\/politica-de-privacidad\/\"},{\"@type\":\"ListItem\",\"position\":3,\"name\":\"Joint controller agreement for data processing\"}]},{\"@type\":\"WebSite\",\"@id\":\"https:\/\/gruponogar.com\/#website\",\"url\":\"https:\/\/gruponogar.com\/\",\"name\":\"Grupo Nogar - Log\u00edstica portuaria y comercio mar\u00edtimo\",\"description\":\"GrupoNogar es referente en el mundo mar\u00edtimo-portuario, log\u00edstico y comercial\",\"potentialAction\":[{\"@type\":\"SearchAction\",\"target\":{\"@type\":\"EntryPoint\",\"urlTemplate\":\"https:\/\/gruponogar.com\/?s={search_term_string}\"},\"query-input\":\"required name=search_term_string\"}],\"inLanguage\":\"en-US\"}]}<\/script>\n<!-- \/ Yoast SEO plugin. -->","yoast_head_json":{"title":"Joint controller agreement for data processing","description":"Pursuant to Art. 26 General Data Protection Regulation (hereinafter GDPR), the companies that make up the GrupoNogar have jointly agreed on the purposes and methods for the processing of personal data, and hence they should be considered joint controllers of the data processing indicated below","robots":{"index":"index","follow":"follow","max-snippet":"max-snippet:-1","max-image-preview":"max-image-preview:large","max-video-preview":"max-video-preview:-1"},"canonical":"https:\/\/gruponogar.com\/politica-de-privacidad\/corresponsables\/","og_locale":"en_US","og_type":"article","og_title":"Joint controller agreement for data processing","og_description":"Pursuant to Art. 26 General Data Protection Regulation (hereinafter GDPR), the companies that make up the GrupoNogar have jointly agreed on the purposes and methods for the processing of personal data, and hence they should be considered joint controllers of the data processing indicated below","og_url":"https:\/\/gruponogar.com\/politica-de-privacidad\/corresponsables\/","og_site_name":"Grupo Nogar - Log\u00edstica portuaria y comercio mar\u00edtimo","article_modified_time":"2022-01-28T12:38:22+00:00","twitter_card":"summary_large_image","schema":{"@context":"https:\/\/schema.org","@graph":[{"@type":"WebPage","@id":"https:\/\/gruponogar.com\/politica-de-privacidad\/corresponsables\/","url":"https:\/\/gruponogar.com\/politica-de-privacidad\/corresponsables\/","name":"Joint controller agreement for data processing","isPartOf":{"@id":"https:\/\/gruponogar.com\/#website"},"datePublished":"2021-07-20T10:07:01+00:00","dateModified":"2022-01-28T12:38:22+00:00","description":"Pursuant to Art. 26 General Data Protection Regulation (hereinafter GDPR), the companies that make up the GrupoNogar have jointly agreed on the purposes and methods for the processing of personal data, and hence they should be considered joint controllers of the data processing indicated below","breadcrumb":{"@id":"https:\/\/gruponogar.com\/politica-de-privacidad\/corresponsables\/#breadcrumb"},"inLanguage":"en-US","potentialAction":[{"@type":"ReadAction","target":["https:\/\/gruponogar.com\/politica-de-privacidad\/corresponsables\/"]}]},{"@type":"BreadcrumbList","@id":"https:\/\/gruponogar.com\/politica-de-privacidad\/corresponsables\/#breadcrumb","itemListElement":[{"@type":"ListItem","position":1,"name":"Portada","item":"https:\/\/gruponogar.com\/en\/"},{"@type":"ListItem","position":2,"name":"Privacy Policy","item":"https:\/\/gruponogar.com\/politica-de-privacidad\/"},{"@type":"ListItem","position":3,"name":"Joint controller agreement for data processing"}]},{"@type":"WebSite","@id":"https:\/\/gruponogar.com\/#website","url":"https:\/\/gruponogar.com\/","name":"Grupo Nogar - Log\u00edstica portuaria y comercio mar\u00edtimo","description":"GrupoNogar es referente en el mundo mar\u00edtimo-portuario, log\u00edstico y comercial","potentialAction":[{"@type":"SearchAction","target":{"@type":"EntryPoint","urlTemplate":"https:\/\/gruponogar.com\/?s={search_term_string}"},"query-input":"required name=search_term_string"}],"inLanguage":"en-US"}]}},"_links":{"self":[{"href":"https:\/\/gruponogar.com\/en\/wp-json\/wp\/v2\/pages\/11212"}],"collection":[{"href":"https:\/\/gruponogar.com\/en\/wp-json\/wp\/v2\/pages"}],"about":[{"href":"https:\/\/gruponogar.com\/en\/wp-json\/wp\/v2\/types\/page"}],"author":[{"embeddable":true,"href":"https:\/\/gruponogar.com\/en\/wp-json\/wp\/v2\/users\/1"}],"replies":[{"embeddable":true,"href":"https:\/\/gruponogar.com\/en\/wp-json\/wp\/v2\/comments?post=11212"}],"version-history":[{"count":5,"href":"https:\/\/gruponogar.com\/en\/wp-json\/wp\/v2\/pages\/11212\/revisions"}],"predecessor-version":[{"id":12850,"href":"https:\/\/gruponogar.com\/en\/wp-json\/wp\/v2\/pages\/11212\/revisions\/12850"}],"up":[{"embeddable":true,"href":"https:\/\/gruponogar.com\/en\/wp-json\/wp\/v2\/pages\/11460"}],"wp:attachment":[{"href":"https:\/\/gruponogar.com\/en\/wp-json\/wp\/v2\/media?parent=11212"}],"curies":[{"name":"wp","href":"https:\/\/api.w.org\/{rel}","templated":true}]}}