{"id":11218,"date":"2021-07-20T12:07:17","date_gmt":"2021-07-20T10:07:17","guid":{"rendered":"https:\/\/gruponogar.com\/a-coruna\/"},"modified":"2022-01-28T13:39:11","modified_gmt":"2022-01-28T12:39:11","slug":"a-coruna","status":"publish","type":"page","link":"https:\/\/gruponogar.com\/en\/logistic-services\/port-logistics\/terminals\/a-coruna\/","title":{"rendered":"A Coru\u00f1a"},"content":{"rendered":"","protected":false},"excerpt":{"rendered":"","protected":false},"author":1,"featured_media":0,"parent":11221,"menu_order":1,"comment_status":"closed","ping_status":"closed","template":"","meta":[],"yoast_head":"<!-- This site is optimized with the Yoast SEO plugin v20.12 - https:\/\/yoast.com\/wordpress\/plugins\/seo\/ -->\n<title>Nogar Group: the history of its port and logistics services, and its business operations<\/title>\n<meta name=\"description\" content=\"The Nogar Group was founded by Ceferino Nogueira Rodr\u00edguez in 1942. More than half a century dedicated to providing port and logistics services and to trade.\" \/>\n<meta name=\"robots\" content=\"index, follow, max-snippet:-1, max-image-preview:large, max-video-preview:-1\" \/>\n<link rel=\"canonical\" href=\"https:\/\/gruponogar.com\/servicios-logisticos\/logistica-portuaria\/terminales\/coruna\/\" \/>\n<meta property=\"og:locale\" content=\"en_US\" \/>\n<meta property=\"og:type\" content=\"article\" \/>\n<meta property=\"og:title\" content=\"Nogar Group: the history of its port and logistics services, and its business operations\" \/>\n<meta property=\"og:description\" content=\"The Nogar Group was founded by Ceferino Nogueira Rodr\u00edguez in 1942. More than half a century dedicated to providing port and logistics services and to trade.\" \/>\n<meta property=\"og:url\" content=\"https:\/\/gruponogar.com\/servicios-logisticos\/logistica-portuaria\/terminales\/coruna\/\" \/>\n<meta property=\"og:site_name\" content=\"Grupo Nogar - Log\u00edstica portuaria y comercio mar\u00edtimo\" \/>\n<meta property=\"article:modified_time\" content=\"2022-01-28T12:39:11+00:00\" \/>\n<meta name=\"twitter:card\" content=\"summary_large_image\" \/>\n<script type=\"application\/ld+json\" class=\"yoast-schema-graph\">{\"@context\":\"https:\/\/schema.org\",\"@graph\":[{\"@type\":\"WebPage\",\"@id\":\"https:\/\/gruponogar.com\/servicios-logisticos\/logistica-portuaria\/terminales\/coruna\/\",\"url\":\"https:\/\/gruponogar.com\/servicios-logisticos\/logistica-portuaria\/terminales\/coruna\/\",\"name\":\"Nogar Group: the history of its port and logistics services, and its business operations\",\"isPartOf\":{\"@id\":\"https:\/\/gruponogar.com\/#website\"},\"datePublished\":\"2021-07-20T10:07:17+00:00\",\"dateModified\":\"2022-01-28T12:39:11+00:00\",\"description\":\"The Nogar Group was founded by Ceferino Nogueira Rodr\u00edguez in 1942. More than half a century dedicated to providing port and logistics services and to trade.\",\"breadcrumb\":{\"@id\":\"https:\/\/gruponogar.com\/servicios-logisticos\/logistica-portuaria\/terminales\/coruna\/#breadcrumb\"},\"inLanguage\":\"en-US\",\"potentialAction\":[{\"@type\":\"ReadAction\",\"target\":[\"https:\/\/gruponogar.com\/servicios-logisticos\/logistica-portuaria\/terminales\/coruna\/\"]}]},{\"@type\":\"BreadcrumbList\",\"@id\":\"https:\/\/gruponogar.com\/servicios-logisticos\/logistica-portuaria\/terminales\/coruna\/#breadcrumb\",\"itemListElement\":[{\"@type\":\"ListItem\",\"position\":1,\"name\":\"Portada\",\"item\":\"https:\/\/gruponogar.com\/en\/\"},{\"@type\":\"ListItem\",\"position\":2,\"name\":\"Logistic Services\",\"item\":\"https:\/\/gruponogar.com\/en\/logistic-services\/\"},{\"@type\":\"ListItem\",\"position\":3,\"name\":\"Port Logistics\",\"item\":\"https:\/\/gruponogar.com\/en\/logistic-services\/port-logistics\/\"},{\"@type\":\"ListItem\",\"position\":4,\"name\":\"Terminals\",\"item\":\"https:\/\/gruponogar.com\/en\/logistic-services\/port-logistics\/terminals\/\"},{\"@type\":\"ListItem\",\"position\":5,\"name\":\"A Coru\u00f1a\"}]},{\"@type\":\"WebSite\",\"@id\":\"https:\/\/gruponogar.com\/#website\",\"url\":\"https:\/\/gruponogar.com\/\",\"name\":\"Grupo Nogar - Log\u00edstica portuaria y comercio mar\u00edtimo\",\"description\":\"GrupoNogar es referente en el mundo mar\u00edtimo-portuario, log\u00edstico y comercial\",\"potentialAction\":[{\"@type\":\"SearchAction\",\"target\":{\"@type\":\"EntryPoint\",\"urlTemplate\":\"https:\/\/gruponogar.com\/?s={search_term_string}\"},\"query-input\":\"required name=search_term_string\"}],\"inLanguage\":\"en-US\"}]}<\/script>\n<!-- \/ Yoast SEO plugin. -->","yoast_head_json":{"title":"Nogar Group: the history of its port and logistics services, and its business operations","description":"The Nogar Group was founded by Ceferino Nogueira Rodr\u00edguez in 1942. More than half a century dedicated to providing port and logistics services and to trade.","robots":{"index":"index","follow":"follow","max-snippet":"max-snippet:-1","max-image-preview":"max-image-preview:large","max-video-preview":"max-video-preview:-1"},"canonical":"https:\/\/gruponogar.com\/servicios-logisticos\/logistica-portuaria\/terminales\/coruna\/","og_locale":"en_US","og_type":"article","og_title":"Nogar Group: the history of its port and logistics services, and its business operations","og_description":"The Nogar Group was founded by Ceferino Nogueira Rodr\u00edguez in 1942. More than half a century dedicated to providing port and logistics services and to trade.","og_url":"https:\/\/gruponogar.com\/servicios-logisticos\/logistica-portuaria\/terminales\/coruna\/","og_site_name":"Grupo Nogar - Log\u00edstica portuaria y comercio mar\u00edtimo","article_modified_time":"2022-01-28T12:39:11+00:00","twitter_card":"summary_large_image","schema":{"@context":"https:\/\/schema.org","@graph":[{"@type":"WebPage","@id":"https:\/\/gruponogar.com\/servicios-logisticos\/logistica-portuaria\/terminales\/coruna\/","url":"https:\/\/gruponogar.com\/servicios-logisticos\/logistica-portuaria\/terminales\/coruna\/","name":"Nogar Group: the history of its port and logistics services, and its business operations","isPartOf":{"@id":"https:\/\/gruponogar.com\/#website"},"datePublished":"2021-07-20T10:07:17+00:00","dateModified":"2022-01-28T12:39:11+00:00","description":"The Nogar Group was founded by Ceferino Nogueira Rodr\u00edguez in 1942. More than half a century dedicated to providing port and logistics services and to trade.","breadcrumb":{"@id":"https:\/\/gruponogar.com\/servicios-logisticos\/logistica-portuaria\/terminales\/coruna\/#breadcrumb"},"inLanguage":"en-US","potentialAction":[{"@type":"ReadAction","target":["https:\/\/gruponogar.com\/servicios-logisticos\/logistica-portuaria\/terminales\/coruna\/"]}]},{"@type":"BreadcrumbList","@id":"https:\/\/gruponogar.com\/servicios-logisticos\/logistica-portuaria\/terminales\/coruna\/#breadcrumb","itemListElement":[{"@type":"ListItem","position":1,"name":"Portada","item":"https:\/\/gruponogar.com\/en\/"},{"@type":"ListItem","position":2,"name":"Logistic Services","item":"https:\/\/gruponogar.com\/en\/logistic-services\/"},{"@type":"ListItem","position":3,"name":"Port Logistics","item":"https:\/\/gruponogar.com\/en\/logistic-services\/port-logistics\/"},{"@type":"ListItem","position":4,"name":"Terminals","item":"https:\/\/gruponogar.com\/en\/logistic-services\/port-logistics\/terminals\/"},{"@type":"ListItem","position":5,"name":"A Coru\u00f1a"}]},{"@type":"WebSite","@id":"https:\/\/gruponogar.com\/#website","url":"https:\/\/gruponogar.com\/","name":"Grupo Nogar - Log\u00edstica portuaria y comercio mar\u00edtimo","description":"GrupoNogar es referente en el mundo mar\u00edtimo-portuario, log\u00edstico y comercial","potentialAction":[{"@type":"SearchAction","target":{"@type":"EntryPoint","urlTemplate":"https:\/\/gruponogar.com\/?s={search_term_string}"},"query-input":"required name=search_term_string"}],"inLanguage":"en-US"}]}},"_links":{"self":[{"href":"https:\/\/gruponogar.com\/en\/wp-json\/wp\/v2\/pages\/11218"}],"collection":[{"href":"https:\/\/gruponogar.com\/en\/wp-json\/wp\/v2\/pages"}],"about":[{"href":"https:\/\/gruponogar.com\/en\/wp-json\/wp\/v2\/types\/page"}],"author":[{"embeddable":true,"href":"https:\/\/gruponogar.com\/en\/wp-json\/wp\/v2\/users\/1"}],"replies":[{"embeddable":true,"href":"https:\/\/gruponogar.com\/en\/wp-json\/wp\/v2\/comments?post=11218"}],"version-history":[{"count":3,"href":"https:\/\/gruponogar.com\/en\/wp-json\/wp\/v2\/pages\/11218\/revisions"}],"predecessor-version":[{"id":12856,"href":"https:\/\/gruponogar.com\/en\/wp-json\/wp\/v2\/pages\/11218\/revisions\/12856"}],"up":[{"embeddable":true,"href":"https:\/\/gruponogar.com\/en\/wp-json\/wp\/v2\/pages\/11221"}],"wp:attachment":[{"href":"https:\/\/gruponogar.com\/en\/wp-json\/wp\/v2\/media?parent=11218"}],"curies":[{"name":"wp","href":"https:\/\/api.w.org\/{rel}","templated":true}]}}