{"id":11226,"date":"2021-07-20T12:08:36","date_gmt":"2021-07-20T10:08:36","guid":{"rendered":"https:\/\/gruponogar.com\/where-we-operate\/"},"modified":"2021-07-20T12:08:36","modified_gmt":"2021-07-20T10:08:36","slug":"where-we-operate","status":"publish","type":"page","link":"https:\/\/gruponogar.com\/en\/where-we-operate\/","title":{"rendered":"Where we operate"},"content":{"rendered":"","protected":false},"excerpt":{"rendered":"","protected":false},"author":1,"featured_media":0,"parent":0,"menu_order":0,"comment_status":"closed","ping_status":"closed","template":"","meta":[],"yoast_head":"<!-- This site is optimized with the Yoast SEO plugin v20.12 - https:\/\/yoast.com\/wordpress\/plugins\/seo\/ -->\n<title>operate in more than 6 countries<\/title>\n<meta name=\"description\" content=\"We operate in more than 6 countries - PORTS LOGISTICS | LOGISTICS WAREHOUSE | BUSINESS | REAL ESTATE | RENEWABLE ENERGIES\" \/>\n<meta name=\"robots\" content=\"index, follow, max-snippet:-1, max-image-preview:large, max-video-preview:-1\" \/>\n<link rel=\"canonical\" href=\"https:\/\/gruponogar.com\/en\/where-we-operate\/\" \/>\n<meta property=\"og:locale\" content=\"en_US\" \/>\n<meta property=\"og:type\" content=\"article\" \/>\n<meta property=\"og:title\" content=\"operate in more than 6 countries\" \/>\n<meta property=\"og:description\" content=\"We operate in more than 6 countries - PORTS LOGISTICS | LOGISTICS WAREHOUSE | BUSINESS | REAL ESTATE | RENEWABLE ENERGIES\" \/>\n<meta property=\"og:url\" content=\"https:\/\/gruponogar.com\/en\/where-we-operate\/\" \/>\n<meta property=\"og:site_name\" content=\"Grupo Nogar - Log\u00edstica portuaria y comercio mar\u00edtimo\" \/>\n<meta name=\"twitter:card\" content=\"summary_large_image\" \/>\n<script type=\"application\/ld+json\" class=\"yoast-schema-graph\">{\"@context\":\"https:\/\/schema.org\",\"@graph\":[{\"@type\":\"WebPage\",\"@id\":\"https:\/\/gruponogar.com\/en\/where-we-operate\/\",\"url\":\"https:\/\/gruponogar.com\/en\/where-we-operate\/\",\"name\":\"operate in more than 6 countries\",\"isPartOf\":{\"@id\":\"https:\/\/gruponogar.com\/#website\"},\"datePublished\":\"2021-07-20T10:08:36+00:00\",\"dateModified\":\"2021-07-20T10:08:36+00:00\",\"description\":\"We operate in more than 6 countries - PORTS LOGISTICS | LOGISTICS WAREHOUSE | BUSINESS | REAL ESTATE | RENEWABLE ENERGIES\",\"breadcrumb\":{\"@id\":\"https:\/\/gruponogar.com\/en\/where-we-operate\/#breadcrumb\"},\"inLanguage\":\"en-US\",\"potentialAction\":[{\"@type\":\"ReadAction\",\"target\":[\"https:\/\/gruponogar.com\/en\/where-we-operate\/\"]}]},{\"@type\":\"BreadcrumbList\",\"@id\":\"https:\/\/gruponogar.com\/en\/where-we-operate\/#breadcrumb\",\"itemListElement\":[{\"@type\":\"ListItem\",\"position\":1,\"name\":\"Portada\",\"item\":\"https:\/\/gruponogar.com\/en\/\"},{\"@type\":\"ListItem\",\"position\":2,\"name\":\"Where we operate\"}]},{\"@type\":\"WebSite\",\"@id\":\"https:\/\/gruponogar.com\/#website\",\"url\":\"https:\/\/gruponogar.com\/\",\"name\":\"Grupo Nogar - Log\u00edstica portuaria y comercio mar\u00edtimo\",\"description\":\"GrupoNogar es referente en el mundo mar\u00edtimo-portuario, log\u00edstico y comercial\",\"potentialAction\":[{\"@type\":\"SearchAction\",\"target\":{\"@type\":\"EntryPoint\",\"urlTemplate\":\"https:\/\/gruponogar.com\/?s={search_term_string}\"},\"query-input\":\"required name=search_term_string\"}],\"inLanguage\":\"en-US\"}]}<\/script>\n<!-- \/ Yoast SEO plugin. -->","yoast_head_json":{"title":"operate in more than 6 countries","description":"We operate in more than 6 countries - PORTS LOGISTICS | LOGISTICS WAREHOUSE | BUSINESS | REAL ESTATE | RENEWABLE ENERGIES","robots":{"index":"index","follow":"follow","max-snippet":"max-snippet:-1","max-image-preview":"max-image-preview:large","max-video-preview":"max-video-preview:-1"},"canonical":"https:\/\/gruponogar.com\/en\/where-we-operate\/","og_locale":"en_US","og_type":"article","og_title":"operate in more than 6 countries","og_description":"We operate in more than 6 countries - PORTS LOGISTICS | LOGISTICS WAREHOUSE | BUSINESS | REAL ESTATE | RENEWABLE ENERGIES","og_url":"https:\/\/gruponogar.com\/en\/where-we-operate\/","og_site_name":"Grupo Nogar - Log\u00edstica portuaria y comercio mar\u00edtimo","twitter_card":"summary_large_image","schema":{"@context":"https:\/\/schema.org","@graph":[{"@type":"WebPage","@id":"https:\/\/gruponogar.com\/en\/where-we-operate\/","url":"https:\/\/gruponogar.com\/en\/where-we-operate\/","name":"operate in more than 6 countries","isPartOf":{"@id":"https:\/\/gruponogar.com\/#website"},"datePublished":"2021-07-20T10:08:36+00:00","dateModified":"2021-07-20T10:08:36+00:00","description":"We operate in more than 6 countries - PORTS LOGISTICS | LOGISTICS WAREHOUSE | BUSINESS | REAL ESTATE | RENEWABLE ENERGIES","breadcrumb":{"@id":"https:\/\/gruponogar.com\/en\/where-we-operate\/#breadcrumb"},"inLanguage":"en-US","potentialAction":[{"@type":"ReadAction","target":["https:\/\/gruponogar.com\/en\/where-we-operate\/"]}]},{"@type":"BreadcrumbList","@id":"https:\/\/gruponogar.com\/en\/where-we-operate\/#breadcrumb","itemListElement":[{"@type":"ListItem","position":1,"name":"Portada","item":"https:\/\/gruponogar.com\/en\/"},{"@type":"ListItem","position":2,"name":"Where we operate"}]},{"@type":"WebSite","@id":"https:\/\/gruponogar.com\/#website","url":"https:\/\/gruponogar.com\/","name":"Grupo Nogar - Log\u00edstica portuaria y comercio mar\u00edtimo","description":"GrupoNogar es referente en el mundo mar\u00edtimo-portuario, log\u00edstico y comercial","potentialAction":[{"@type":"SearchAction","target":{"@type":"EntryPoint","urlTemplate":"https:\/\/gruponogar.com\/?s={search_term_string}"},"query-input":"required name=search_term_string"}],"inLanguage":"en-US"}]}},"_links":{"self":[{"href":"https:\/\/gruponogar.com\/en\/wp-json\/wp\/v2\/pages\/11226"}],"collection":[{"href":"https:\/\/gruponogar.com\/en\/wp-json\/wp\/v2\/pages"}],"about":[{"href":"https:\/\/gruponogar.com\/en\/wp-json\/wp\/v2\/types\/page"}],"author":[{"embeddable":true,"href":"https:\/\/gruponogar.com\/en\/wp-json\/wp\/v2\/users\/1"}],"replies":[{"embeddable":true,"href":"https:\/\/gruponogar.com\/en\/wp-json\/wp\/v2\/comments?post=11226"}],"version-history":[{"count":0,"href":"https:\/\/gruponogar.com\/en\/wp-json\/wp\/v2\/pages\/11226\/revisions"}],"wp:attachment":[{"href":"https:\/\/gruponogar.com\/en\/wp-json\/wp\/v2\/media?parent=11226"}],"curies":[{"name":"wp","href":"https:\/\/api.w.org\/{rel}","templated":true}]}}