{"id":11233,"date":"2021-07-20T12:08:50","date_gmt":"2021-07-20T10:08:50","guid":{"rendered":"https:\/\/gruponogar.com\/the-group-3\/corporate-news\/"},"modified":"2022-11-09T14:30:20","modified_gmt":"2022-11-09T13:30:20","slug":"corporate-news","status":"publish","type":"page","link":"https:\/\/gruponogar.com\/en\/the-group\/corporate-news\/","title":{"rendered":"Corporate News"},"content":{"rendered":"","protected":false},"excerpt":{"rendered":"","protected":false},"author":1,"featured_media":0,"parent":11229,"menu_order":0,"comment_status":"closed","ping_status":"closed","template":"","meta":[],"yoast_head":"<!-- This site is optimized with the Yoast SEO plugin v20.12 - https:\/\/yoast.com\/wordpress\/plugins\/seo\/ -->\n<title>Corporate News<\/title>\n<meta name=\"description\" content=\"Find out the latest news about the GrupoNogar\" \/>\n<meta name=\"robots\" content=\"index, follow, max-snippet:-1, max-image-preview:large, max-video-preview:-1\" \/>\n<link rel=\"canonical\" href=\"https:\/\/gruponogar.com\/el-grupo\/noticias-corporativas\/\" \/>\n<meta property=\"og:locale\" content=\"en_US\" \/>\n<meta property=\"og:type\" content=\"article\" \/>\n<meta property=\"og:title\" content=\"Corporate News\" \/>\n<meta property=\"og:description\" content=\"Find out the latest news about the GrupoNogar\" \/>\n<meta property=\"og:url\" content=\"https:\/\/gruponogar.com\/el-grupo\/noticias-corporativas\/\" \/>\n<meta property=\"og:site_name\" content=\"Grupo Nogar - Log\u00edstica portuaria y comercio mar\u00edtimo\" \/>\n<meta property=\"article:modified_time\" content=\"2022-11-09T13:30:20+00:00\" \/>\n<meta name=\"twitter:card\" content=\"summary_large_image\" \/>\n<script type=\"application\/ld+json\" class=\"yoast-schema-graph\">{\"@context\":\"https:\/\/schema.org\",\"@graph\":[{\"@type\":\"WebPage\",\"@id\":\"https:\/\/gruponogar.com\/el-grupo\/noticias-corporativas\/\",\"url\":\"https:\/\/gruponogar.com\/el-grupo\/noticias-corporativas\/\",\"name\":\"Corporate News\",\"isPartOf\":{\"@id\":\"https:\/\/gruponogar.com\/#website\"},\"datePublished\":\"2021-07-20T10:08:50+00:00\",\"dateModified\":\"2022-11-09T13:30:20+00:00\",\"description\":\"Find out the latest news about the GrupoNogar\",\"breadcrumb\":{\"@id\":\"https:\/\/gruponogar.com\/el-grupo\/noticias-corporativas\/#breadcrumb\"},\"inLanguage\":\"en-US\",\"potentialAction\":[{\"@type\":\"ReadAction\",\"target\":[\"https:\/\/gruponogar.com\/el-grupo\/noticias-corporativas\/\"]}]},{\"@type\":\"BreadcrumbList\",\"@id\":\"https:\/\/gruponogar.com\/el-grupo\/noticias-corporativas\/#breadcrumb\",\"itemListElement\":[{\"@type\":\"ListItem\",\"position\":1,\"name\":\"Portada\",\"item\":\"https:\/\/gruponogar.com\/en\/\"},{\"@type\":\"ListItem\",\"position\":2,\"name\":\"The Group\",\"item\":\"https:\/\/gruponogar.com\/en\/the-group\/\"},{\"@type\":\"ListItem\",\"position\":3,\"name\":\"Corporate News\"}]},{\"@type\":\"WebSite\",\"@id\":\"https:\/\/gruponogar.com\/#website\",\"url\":\"https:\/\/gruponogar.com\/\",\"name\":\"Grupo Nogar - Log\u00edstica portuaria y comercio mar\u00edtimo\",\"description\":\"GrupoNogar es referente en el mundo mar\u00edtimo-portuario, log\u00edstico y comercial\",\"potentialAction\":[{\"@type\":\"SearchAction\",\"target\":{\"@type\":\"EntryPoint\",\"urlTemplate\":\"https:\/\/gruponogar.com\/?s={search_term_string}\"},\"query-input\":\"required name=search_term_string\"}],\"inLanguage\":\"en-US\"}]}<\/script>\n<!-- \/ Yoast SEO plugin. -->","yoast_head_json":{"title":"Corporate News","description":"Find out the latest news about the GrupoNogar","robots":{"index":"index","follow":"follow","max-snippet":"max-snippet:-1","max-image-preview":"max-image-preview:large","max-video-preview":"max-video-preview:-1"},"canonical":"https:\/\/gruponogar.com\/el-grupo\/noticias-corporativas\/","og_locale":"en_US","og_type":"article","og_title":"Corporate News","og_description":"Find out the latest news about the GrupoNogar","og_url":"https:\/\/gruponogar.com\/el-grupo\/noticias-corporativas\/","og_site_name":"Grupo Nogar - Log\u00edstica portuaria y comercio mar\u00edtimo","article_modified_time":"2022-11-09T13:30:20+00:00","twitter_card":"summary_large_image","schema":{"@context":"https:\/\/schema.org","@graph":[{"@type":"WebPage","@id":"https:\/\/gruponogar.com\/el-grupo\/noticias-corporativas\/","url":"https:\/\/gruponogar.com\/el-grupo\/noticias-corporativas\/","name":"Corporate News","isPartOf":{"@id":"https:\/\/gruponogar.com\/#website"},"datePublished":"2021-07-20T10:08:50+00:00","dateModified":"2022-11-09T13:30:20+00:00","description":"Find out the latest news about the GrupoNogar","breadcrumb":{"@id":"https:\/\/gruponogar.com\/el-grupo\/noticias-corporativas\/#breadcrumb"},"inLanguage":"en-US","potentialAction":[{"@type":"ReadAction","target":["https:\/\/gruponogar.com\/el-grupo\/noticias-corporativas\/"]}]},{"@type":"BreadcrumbList","@id":"https:\/\/gruponogar.com\/el-grupo\/noticias-corporativas\/#breadcrumb","itemListElement":[{"@type":"ListItem","position":1,"name":"Portada","item":"https:\/\/gruponogar.com\/en\/"},{"@type":"ListItem","position":2,"name":"The Group","item":"https:\/\/gruponogar.com\/en\/the-group\/"},{"@type":"ListItem","position":3,"name":"Corporate News"}]},{"@type":"WebSite","@id":"https:\/\/gruponogar.com\/#website","url":"https:\/\/gruponogar.com\/","name":"Grupo Nogar - Log\u00edstica portuaria y comercio mar\u00edtimo","description":"GrupoNogar es referente en el mundo mar\u00edtimo-portuario, log\u00edstico y comercial","potentialAction":[{"@type":"SearchAction","target":{"@type":"EntryPoint","urlTemplate":"https:\/\/gruponogar.com\/?s={search_term_string}"},"query-input":"required name=search_term_string"}],"inLanguage":"en-US"}]}},"_links":{"self":[{"href":"https:\/\/gruponogar.com\/en\/wp-json\/wp\/v2\/pages\/11233"}],"collection":[{"href":"https:\/\/gruponogar.com\/en\/wp-json\/wp\/v2\/pages"}],"about":[{"href":"https:\/\/gruponogar.com\/en\/wp-json\/wp\/v2\/types\/page"}],"author":[{"embeddable":true,"href":"https:\/\/gruponogar.com\/en\/wp-json\/wp\/v2\/users\/1"}],"replies":[{"embeddable":true,"href":"https:\/\/gruponogar.com\/en\/wp-json\/wp\/v2\/comments?post=11233"}],"version-history":[{"count":5,"href":"https:\/\/gruponogar.com\/en\/wp-json\/wp\/v2\/pages\/11233\/revisions"}],"predecessor-version":[{"id":13826,"href":"https:\/\/gruponogar.com\/en\/wp-json\/wp\/v2\/pages\/11233\/revisions\/13826"}],"up":[{"embeddable":true,"href":"https:\/\/gruponogar.com\/en\/wp-json\/wp\/v2\/pages\/11229"}],"wp:attachment":[{"href":"https:\/\/gruponogar.com\/en\/wp-json\/wp\/v2\/media?parent=11233"}],"curies":[{"name":"wp","href":"https:\/\/api.w.org\/{rel}","templated":true}]}}