{"id":11236,"date":"2021-07-20T12:08:54","date_gmt":"2021-07-20T10:08:54","guid":{"rendered":"https:\/\/gruponogar.com\/contact\/work-with-us\/"},"modified":"2022-03-30T16:03:32","modified_gmt":"2022-03-30T14:03:32","slug":"work-with-us","status":"publish","type":"page","link":"https:\/\/gruponogar.com\/en\/contact\/work-with-us\/","title":{"rendered":"Work with us"},"content":{"rendered":"\n<div class=\"wpcf7 no-js\" id=\"wpcf7-f11790-o1\" lang=\"en-US\" dir=\"ltr\">\n<div class=\"screen-reader-response\"><p role=\"status\" aria-live=\"polite\" aria-atomic=\"true\"><\/p> <ul><\/ul><\/div>\n<form action=\"\/en\/wp-json\/wp\/v2\/pages\/11236#wpcf7-f11790-o1\" method=\"post\" class=\"wpcf7-form init\" aria-label=\"Contact form\" enctype=\"multipart\/form-data\" novalidate=\"novalidate\" data-status=\"init\">\n<div style=\"display: none;\">\n<input type=\"hidden\" name=\"_wpcf7\" value=\"11790\" \/>\n<input type=\"hidden\" name=\"_wpcf7_version\" value=\"5.7.7\" \/>\n<input type=\"hidden\" name=\"_wpcf7_locale\" value=\"en_US\" \/>\n<input type=\"hidden\" name=\"_wpcf7_unit_tag\" value=\"wpcf7-f11790-o1\" \/>\n<input type=\"hidden\" name=\"_wpcf7_container_post\" value=\"0\" \/>\n<input type=\"hidden\" name=\"_wpcf7_posted_data_hash\" value=\"\" \/>\n<input type=\"hidden\" name=\"_wpcf7_recaptcha_response\" value=\"\" \/>\n<\/div>\n<div class=\"gdlr-core-input-wrap gdlr-core-large gdlr-core-full-width gdlr-core-with-column gdlr-core-no-border\" >\n\t<div class=\"gdlr-core-column-30\">\n\t\t<p><span class=\"wpcf7-form-control-wrap\" data-name=\"your-name\"><input size=\"40\" class=\"wpcf7-form-control wpcf7-text wpcf7-validates-as-required\" aria-required=\"true\" aria-invalid=\"false\" placeholder=\"First name and surname*\" value=\"\" type=\"text\" name=\"your-name\" \/><\/span>\n\t\t<\/p>\n\t<\/div>\n\t<div class=\"gdlr-core-column-30\">\n\t\t<p><span class=\"wpcf7-form-control-wrap\" data-name=\"your-email\"><input size=\"40\" class=\"wpcf7-form-control wpcf7-text wpcf7-email wpcf7-validates-as-required wpcf7-validates-as-email\" aria-required=\"true\" aria-invalid=\"false\" placeholder=\"Email*\" value=\"\" type=\"email\" name=\"your-email\" \/><\/span>\n\t\t<\/p>\n\t<\/div>\n\t<div class=\"clear\">\n\t<\/div>\n\t<div class=\"gdlr-core-column-30\">\n\t\t<p><span class=\"wpcf7-form-control-wrap\" data-name=\"tel-743\"><input size=\"40\" class=\"wpcf7-form-control wpcf7-text wpcf7-tel wpcf7-validates-as-required wpcf7-validates-as-tel\" aria-required=\"true\" aria-invalid=\"false\" placeholder=\"Phone*\" value=\"\" type=\"tel\" name=\"tel-743\" \/><\/span>\n\t\t<\/p>\n\t<\/div>\n\t<div class=\"gdlr-core-column-30\">\n\t\t<p><span class=\"wpcf7-form-control-wrap\" data-name=\"titulacion\"><input size=\"40\" class=\"wpcf7-form-control wpcf7-text wpcf7-validates-as-required\" aria-required=\"true\" aria-invalid=\"false\" placeholder=\"Title*\" value=\"\" type=\"text\" name=\"titulacion\" \/><\/span>\n\t\t<\/p>\n\t<\/div>\n\t<div class=\"clear\">\n\t<\/div>\n\t<div class=\"gdlr-core-column-30\">\n\t\t<p><span class=\"wpcf7-form-control-wrap\" data-name=\"nivel\"><select class=\"wpcf7-form-control wpcf7-select wpcf7-validates-as-required\" aria-required=\"true\" aria-invalid=\"false\" name=\"nivel\"><option value=\"Level of studies\">Level of studies<\/option><option value=\"Primary\">Primary<\/option><option value=\"ESO\">ESO<\/option><option value=\"Bachelor\">Bachelor<\/option><option value=\"Diploma\">Diploma<\/option><option value=\"Graduate\">Graduate<\/option><\/select><\/span>\n\t\t<\/p>\n\t<\/div>\n\t<div class=\"gdlr-core-column-30\">\n\t\t<p><span class=\"wpcf7-form-control-wrap\" data-name=\"puesto\"><select class=\"wpcf7-form-control wpcf7-select wpcf7-validates-as-required\" aria-required=\"true\" aria-invalid=\"false\" name=\"puesto\"><option value=\"Required position\">Required position<\/option><option value=\"Accounting and Finance\">Accounting and Finance<\/option><option value=\"Human Resources\">Human Resources<\/option><option value=\"Computing\">Computing<\/option><option value=\"Ship consignee\">Ship consignee<\/option><option value=\"Logistics and Forwarding\">Logistics and Forwarding<\/option><option value=\"Production\">Production<\/option><option value=\"Maintenance\">Maintenance<\/option><option value=\"Transport\">Transport<\/option><option value=\"Port operations\">Port operations<\/option><\/select><\/span>\n\t\t<\/p>\n\t<\/div>\n\t<div class=\"clear\">\n\t<\/div>\n\t<div class=\"gdlr-core-column-60\">\n\t\t<p><span class=\"wpcf7-form-control-wrap\" data-name=\"your-message\"><textarea cols=\"40\" rows=\"10\" class=\"wpcf7-form-control wpcf7-textarea wpcf7-validates-as-required\" aria-required=\"true\" aria-invalid=\"false\" placeholder=\"Message*\" name=\"your-message\"><\/textarea><\/span>\n\t\t<\/p>\n\t<\/div>\n\t<div class=\"clear\">\n\t<\/div>\n\t<div class=\"gdlr-core-column-60\">\n\t\t<p><span class=\"wpcf7-form-control-wrap\" data-name=\"file-72\"><input size=\"40\" class=\"wpcf7-form-control wpcf7-file wpcf7-validates-as-required\" accept=\".pdf,.txt,.doc,.docx,.odt\" aria-required=\"true\" aria-invalid=\"false\" type=\"file\" name=\"file-72\" \/><\/span>\n\t\t<\/p>\n\t<\/div>\n\t<div class=\"clear\">\n\t<\/div>\n\t<div class=\"gdlr-core-column-60 condiciones\" style=\"padding-top:20px;\">\n\t\t<p>Pursuant to current data protection regulations, Regulation (EU) 2016\/679 of the European Parliament and of the Council of 27 April 2016 (GDPR), Organic Law on Data Protection and Guarantee of Digital Rights (LOPDGDD, Law 3\/2018 of 5 December), we provide you with the following information that you must read before authorizing the processing of your personal data:\n\t\t<\/p>\n\t\t<ul>\n\t\t\t<li>\n\t\t\t\t<p><strong>Data controller:<\/strong> SERVINOGA, S.L., Tax ID No.: B-36.301.109 and registered office at Muelle Comercial s\/n 36900 Mar\u00edn - Pontevedra. Email: rgpd@gruponogar.com\n\t\t\t\t<\/p>\n\t\t\t<\/li>\n\t\t\t<li>\n\t\t\t\t<p><strong>Purposes of the processing:<\/strong> The personal data provided will be used for the management of data on business contacts and potential customers. The purpose of advertising and market research has also been stipulated, and the express consent of the data subject to this purpose is also requested.\n\t\t\t\t<\/p>\n\t\t\t<\/li>\n\t\t\t<li>\n\t\t\t\t<p><strong>Legal basis:<\/strong> Express consent of the data subject.\n\t\t\t\t<\/p>\n\t\t\t<\/li>\n\t\t\t<li>\n\t\t\t\t<p><strong>Recipients:<\/strong> Your data may be transferred to other Nogar Group companies for the management of commercial contact data and potential customers. No international data transfers will be made.\n\t\t\t\t<\/p>\n\t\t\t<\/li>\n\t\t\t<li>\n\t\t\t\t<p><strong>Rights:<\/strong> You have the right to access, rectify and delete data, as well as other rights, as explained in the additional information.\n\t\t\t\t<\/p>\n\t\t\t<\/li>\n\t\t\t<li>\n\t\t\t\t<p><strong>Additional information:<\/strong> Additional information can be found in the company's Privacy and Data Protection Policy, which is available <a href=\"\/politica-de-privacidad\/\" target=\"_blank\">here<\/a>.\n\t\t\t\t<\/p>\n\t\t\t<\/li>\n\t\t<\/ul>\n\t\t<p><span class=\"wpcf7-form-control-wrap\" data-name=\"acceptance-403\"><span class=\"wpcf7-form-control wpcf7-acceptance\"><span class=\"wpcf7-list-item\"><label><input type=\"checkbox\" name=\"acceptance-403\" value=\"1\" aria-invalid=\"false\" \/><span class=\"wpcf7-list-item-label\">The interested party declares that he\/she is over 16 years of age and gives his\/her consent to the processing of his\/her personal data, in accordance with the information provided and the conditions set out in the Data Protection Policy. Likewise, you declare that the data provided is accurate and truthful, and you are obliged to communicate it in writing to SERVINOGA, S.L., Muelle Comercial s\/n 36900 Mar\u00edn \u2013 Pontevedra, or to the email: <a href=\"rgpd@gruponogar.com \" target=\"_blank\">rgpd@gruponogar.com<\/a>, any variation or modification that occurs in the aforementioned data.<\/a><\/span><\/label><\/span><\/span><\/span>\n\t\t<\/p>\n\t<\/div>\n<\/div>\n<div class=\"clear\">\n<\/div>\n<div class=\"gdlr-core-column-60 gdlr-core-left-align\">\n\t<p><input class=\"wpcf7-form-control has-spinner wpcf7-submit gdlr-core-large\" type=\"submit\" value=\"Submit\" \/>\n\t<\/p>\n<\/div>\n<div class=\"wpcf7-response-output\" aria-hidden=\"true\"><\/div>\n<\/form>\n<\/div>\n\n","protected":false},"excerpt":{"rendered":"","protected":false},"author":1,"featured_media":0,"parent":11228,"menu_order":0,"comment_status":"closed","ping_status":"closed","template":"","meta":[],"yoast_head":"<!-- This site is optimized with the Yoast SEO plugin v20.12 - https:\/\/yoast.com\/wordpress\/plugins\/seo\/ -->\n<title>Nogar Group: the history of its port and logistics services, and its business operations<\/title>\n<meta name=\"description\" content=\"The Nogar Group was founded by Ceferino Nogueira Rodr\u00edguez in 1942. More than half a century dedicated to providing port and logistics services and to trade.\" \/>\n<meta name=\"robots\" content=\"index, follow, max-snippet:-1, max-image-preview:large, max-video-preview:-1\" \/>\n<link rel=\"canonical\" href=\"https:\/\/gruponogar.com\/contacto\/trabaja-con-nosotros\/\" \/>\n<meta property=\"og:locale\" content=\"en_US\" \/>\n<meta property=\"og:type\" content=\"article\" \/>\n<meta property=\"og:title\" content=\"Nogar Group: the history of its port and logistics services, and its business operations\" \/>\n<meta property=\"og:description\" content=\"The Nogar Group was founded by Ceferino Nogueira Rodr\u00edguez in 1942. More than half a century dedicated to providing port and logistics services and to trade.\" \/>\n<meta property=\"og:url\" content=\"https:\/\/gruponogar.com\/contacto\/trabaja-con-nosotros\/\" \/>\n<meta property=\"og:site_name\" content=\"Grupo Nogar - Log\u00edstica portuaria y comercio mar\u00edtimo\" \/>\n<meta property=\"article:modified_time\" content=\"2022-03-30T14:03:32+00:00\" \/>\n<meta name=\"twitter:card\" content=\"summary_large_image\" \/>\n<script type=\"application\/ld+json\" class=\"yoast-schema-graph\">{\"@context\":\"https:\/\/schema.org\",\"@graph\":[{\"@type\":\"WebPage\",\"@id\":\"https:\/\/gruponogar.com\/contacto\/trabaja-con-nosotros\/\",\"url\":\"https:\/\/gruponogar.com\/contacto\/trabaja-con-nosotros\/\",\"name\":\"Nogar Group: the history of its port and logistics services, and its business operations\",\"isPartOf\":{\"@id\":\"https:\/\/gruponogar.com\/#website\"},\"datePublished\":\"2021-07-20T10:08:54+00:00\",\"dateModified\":\"2022-03-30T14:03:32+00:00\",\"description\":\"The Nogar Group was founded by Ceferino Nogueira Rodr\u00edguez in 1942. More than half a century dedicated to providing port and logistics services and to trade.\",\"breadcrumb\":{\"@id\":\"https:\/\/gruponogar.com\/contacto\/trabaja-con-nosotros\/#breadcrumb\"},\"inLanguage\":\"en-US\",\"potentialAction\":[{\"@type\":\"ReadAction\",\"target\":[\"https:\/\/gruponogar.com\/contacto\/trabaja-con-nosotros\/\"]}]},{\"@type\":\"BreadcrumbList\",\"@id\":\"https:\/\/gruponogar.com\/contacto\/trabaja-con-nosotros\/#breadcrumb\",\"itemListElement\":[{\"@type\":\"ListItem\",\"position\":1,\"name\":\"Portada\",\"item\":\"https:\/\/gruponogar.com\/en\/\"},{\"@type\":\"ListItem\",\"position\":2,\"name\":\"Contact\",\"item\":\"https:\/\/gruponogar.com\/en\/contact\/\"},{\"@type\":\"ListItem\",\"position\":3,\"name\":\"Work with us\"}]},{\"@type\":\"WebSite\",\"@id\":\"https:\/\/gruponogar.com\/#website\",\"url\":\"https:\/\/gruponogar.com\/\",\"name\":\"Grupo Nogar - Log\u00edstica portuaria y comercio mar\u00edtimo\",\"description\":\"GrupoNogar es referente en el mundo mar\u00edtimo-portuario, log\u00edstico y comercial\",\"potentialAction\":[{\"@type\":\"SearchAction\",\"target\":{\"@type\":\"EntryPoint\",\"urlTemplate\":\"https:\/\/gruponogar.com\/?s={search_term_string}\"},\"query-input\":\"required name=search_term_string\"}],\"inLanguage\":\"en-US\"}]}<\/script>\n<!-- \/ Yoast SEO plugin. -->","yoast_head_json":{"title":"Nogar Group: the history of its port and logistics services, and its business operations","description":"The Nogar Group was founded by Ceferino Nogueira Rodr\u00edguez in 1942. More than half a century dedicated to providing port and logistics services and to trade.","robots":{"index":"index","follow":"follow","max-snippet":"max-snippet:-1","max-image-preview":"max-image-preview:large","max-video-preview":"max-video-preview:-1"},"canonical":"https:\/\/gruponogar.com\/contacto\/trabaja-con-nosotros\/","og_locale":"en_US","og_type":"article","og_title":"Nogar Group: the history of its port and logistics services, and its business operations","og_description":"The Nogar Group was founded by Ceferino Nogueira Rodr\u00edguez in 1942. More than half a century dedicated to providing port and logistics services and to trade.","og_url":"https:\/\/gruponogar.com\/contacto\/trabaja-con-nosotros\/","og_site_name":"Grupo Nogar - Log\u00edstica portuaria y comercio mar\u00edtimo","article_modified_time":"2022-03-30T14:03:32+00:00","twitter_card":"summary_large_image","schema":{"@context":"https:\/\/schema.org","@graph":[{"@type":"WebPage","@id":"https:\/\/gruponogar.com\/contacto\/trabaja-con-nosotros\/","url":"https:\/\/gruponogar.com\/contacto\/trabaja-con-nosotros\/","name":"Nogar Group: the history of its port and logistics services, and its business operations","isPartOf":{"@id":"https:\/\/gruponogar.com\/#website"},"datePublished":"2021-07-20T10:08:54+00:00","dateModified":"2022-03-30T14:03:32+00:00","description":"The Nogar Group was founded by Ceferino Nogueira Rodr\u00edguez in 1942. More than half a century dedicated to providing port and logistics services and to trade.","breadcrumb":{"@id":"https:\/\/gruponogar.com\/contacto\/trabaja-con-nosotros\/#breadcrumb"},"inLanguage":"en-US","potentialAction":[{"@type":"ReadAction","target":["https:\/\/gruponogar.com\/contacto\/trabaja-con-nosotros\/"]}]},{"@type":"BreadcrumbList","@id":"https:\/\/gruponogar.com\/contacto\/trabaja-con-nosotros\/#breadcrumb","itemListElement":[{"@type":"ListItem","position":1,"name":"Portada","item":"https:\/\/gruponogar.com\/en\/"},{"@type":"ListItem","position":2,"name":"Contact","item":"https:\/\/gruponogar.com\/en\/contact\/"},{"@type":"ListItem","position":3,"name":"Work with us"}]},{"@type":"WebSite","@id":"https:\/\/gruponogar.com\/#website","url":"https:\/\/gruponogar.com\/","name":"Grupo Nogar - Log\u00edstica portuaria y comercio mar\u00edtimo","description":"GrupoNogar es referente en el mundo mar\u00edtimo-portuario, log\u00edstico y comercial","potentialAction":[{"@type":"SearchAction","target":{"@type":"EntryPoint","urlTemplate":"https:\/\/gruponogar.com\/?s={search_term_string}"},"query-input":"required name=search_term_string"}],"inLanguage":"en-US"}]}},"_links":{"self":[{"href":"https:\/\/gruponogar.com\/en\/wp-json\/wp\/v2\/pages\/11236"}],"collection":[{"href":"https:\/\/gruponogar.com\/en\/wp-json\/wp\/v2\/pages"}],"about":[{"href":"https:\/\/gruponogar.com\/en\/wp-json\/wp\/v2\/types\/page"}],"author":[{"embeddable":true,"href":"https:\/\/gruponogar.com\/en\/wp-json\/wp\/v2\/users\/1"}],"replies":[{"embeddable":true,"href":"https:\/\/gruponogar.com\/en\/wp-json\/wp\/v2\/comments?post=11236"}],"version-history":[{"count":5,"href":"https:\/\/gruponogar.com\/en\/wp-json\/wp\/v2\/pages\/11236\/revisions"}],"predecessor-version":[{"id":13199,"href":"https:\/\/gruponogar.com\/en\/wp-json\/wp\/v2\/pages\/11236\/revisions\/13199"}],"up":[{"embeddable":true,"href":"https:\/\/gruponogar.com\/en\/wp-json\/wp\/v2\/pages\/11228"}],"wp:attachment":[{"href":"https:\/\/gruponogar.com\/en\/wp-json\/wp\/v2\/media?parent=11236"}],"curies":[{"name":"wp","href":"https:\/\/api.w.org\/{rel}","templated":true}]}}