{"id":11243,"date":"2021-07-20T12:09:09","date_gmt":"2021-07-20T10:09:09","guid":{"rendered":"https:\/\/gruponogar.com\/renewable-energies\/"},"modified":"2022-01-28T13:45:46","modified_gmt":"2022-01-28T12:45:46","slug":"renewable-energies","status":"publish","type":"page","link":"https:\/\/gruponogar.com\/en\/renewable-energies\/","title":{"rendered":"Renewable Energies"},"content":{"rendered":"","protected":false},"excerpt":{"rendered":"","protected":false},"author":1,"featured_media":0,"parent":0,"menu_order":0,"comment_status":"closed","ping_status":"closed","template":"","meta":[],"yoast_head":"<!-- This site is optimized with the Yoast SEO plugin v20.12 - https:\/\/yoast.com\/wordpress\/plugins\/seo\/ -->\n<title>Renewable Energies<\/title>\n<meta name=\"description\" content=\"As part of our commitment to the environment, after a decade of experience in Brazil\u2019s wind power sector, we continue to generate clean energy in hydropower plants in Brazil.\" \/>\n<meta name=\"robots\" content=\"index, follow, max-snippet:-1, max-image-preview:large, max-video-preview:-1\" \/>\n<link rel=\"canonical\" href=\"https:\/\/gruponogar.com\/energias-renovables\/\" \/>\n<meta property=\"og:locale\" content=\"en_US\" \/>\n<meta property=\"og:type\" content=\"article\" \/>\n<meta property=\"og:title\" content=\"Renewable Energies\" \/>\n<meta property=\"og:description\" content=\"As part of our commitment to the environment, after a decade of experience in Brazil\u2019s wind power sector, we continue to generate clean energy in hydropower plants in Brazil.\" \/>\n<meta property=\"og:url\" content=\"https:\/\/gruponogar.com\/energias-renovables\/\" \/>\n<meta property=\"og:site_name\" content=\"Grupo Nogar - Log\u00edstica portuaria y comercio mar\u00edtimo\" \/>\n<meta property=\"article:modified_time\" content=\"2022-01-28T12:45:46+00:00\" \/>\n<meta name=\"twitter:card\" content=\"summary_large_image\" \/>\n<script type=\"application\/ld+json\" class=\"yoast-schema-graph\">{\"@context\":\"https:\/\/schema.org\",\"@graph\":[{\"@type\":\"WebPage\",\"@id\":\"https:\/\/gruponogar.com\/energias-renovables\/\",\"url\":\"https:\/\/gruponogar.com\/energias-renovables\/\",\"name\":\"Renewable Energies\",\"isPartOf\":{\"@id\":\"https:\/\/gruponogar.com\/#website\"},\"datePublished\":\"2021-07-20T10:09:09+00:00\",\"dateModified\":\"2022-01-28T12:45:46+00:00\",\"description\":\"As part of our commitment to the environment, after a decade of experience in Brazil\u2019s wind power sector, we continue to generate clean energy in hydropower plants in Brazil.\",\"breadcrumb\":{\"@id\":\"https:\/\/gruponogar.com\/energias-renovables\/#breadcrumb\"},\"inLanguage\":\"en-US\",\"potentialAction\":[{\"@type\":\"ReadAction\",\"target\":[\"https:\/\/gruponogar.com\/energias-renovables\/\"]}]},{\"@type\":\"BreadcrumbList\",\"@id\":\"https:\/\/gruponogar.com\/energias-renovables\/#breadcrumb\",\"itemListElement\":[{\"@type\":\"ListItem\",\"position\":1,\"name\":\"Portada\",\"item\":\"https:\/\/gruponogar.com\/en\/\"},{\"@type\":\"ListItem\",\"position\":2,\"name\":\"Renewable Energies\"}]},{\"@type\":\"WebSite\",\"@id\":\"https:\/\/gruponogar.com\/#website\",\"url\":\"https:\/\/gruponogar.com\/\",\"name\":\"Grupo Nogar - Log\u00edstica portuaria y comercio mar\u00edtimo\",\"description\":\"GrupoNogar es referente en el mundo mar\u00edtimo-portuario, log\u00edstico y comercial\",\"potentialAction\":[{\"@type\":\"SearchAction\",\"target\":{\"@type\":\"EntryPoint\",\"urlTemplate\":\"https:\/\/gruponogar.com\/?s={search_term_string}\"},\"query-input\":\"required name=search_term_string\"}],\"inLanguage\":\"en-US\"}]}<\/script>\n<!-- \/ Yoast SEO plugin. -->","yoast_head_json":{"title":"Renewable Energies","description":"As part of our commitment to the environment, after a decade of experience in Brazil\u2019s wind power sector, we continue to generate clean energy in hydropower plants in Brazil.","robots":{"index":"index","follow":"follow","max-snippet":"max-snippet:-1","max-image-preview":"max-image-preview:large","max-video-preview":"max-video-preview:-1"},"canonical":"https:\/\/gruponogar.com\/energias-renovables\/","og_locale":"en_US","og_type":"article","og_title":"Renewable Energies","og_description":"As part of our commitment to the environment, after a decade of experience in Brazil\u2019s wind power sector, we continue to generate clean energy in hydropower plants in Brazil.","og_url":"https:\/\/gruponogar.com\/energias-renovables\/","og_site_name":"Grupo Nogar - Log\u00edstica portuaria y comercio mar\u00edtimo","article_modified_time":"2022-01-28T12:45:46+00:00","twitter_card":"summary_large_image","schema":{"@context":"https:\/\/schema.org","@graph":[{"@type":"WebPage","@id":"https:\/\/gruponogar.com\/energias-renovables\/","url":"https:\/\/gruponogar.com\/energias-renovables\/","name":"Renewable Energies","isPartOf":{"@id":"https:\/\/gruponogar.com\/#website"},"datePublished":"2021-07-20T10:09:09+00:00","dateModified":"2022-01-28T12:45:46+00:00","description":"As part of our commitment to the environment, after a decade of experience in Brazil\u2019s wind power sector, we continue to generate clean energy in hydropower plants in Brazil.","breadcrumb":{"@id":"https:\/\/gruponogar.com\/energias-renovables\/#breadcrumb"},"inLanguage":"en-US","potentialAction":[{"@type":"ReadAction","target":["https:\/\/gruponogar.com\/energias-renovables\/"]}]},{"@type":"BreadcrumbList","@id":"https:\/\/gruponogar.com\/energias-renovables\/#breadcrumb","itemListElement":[{"@type":"ListItem","position":1,"name":"Portada","item":"https:\/\/gruponogar.com\/en\/"},{"@type":"ListItem","position":2,"name":"Renewable Energies"}]},{"@type":"WebSite","@id":"https:\/\/gruponogar.com\/#website","url":"https:\/\/gruponogar.com\/","name":"Grupo Nogar - Log\u00edstica portuaria y comercio mar\u00edtimo","description":"GrupoNogar es referente en el mundo mar\u00edtimo-portuario, log\u00edstico y comercial","potentialAction":[{"@type":"SearchAction","target":{"@type":"EntryPoint","urlTemplate":"https:\/\/gruponogar.com\/?s={search_term_string}"},"query-input":"required name=search_term_string"}],"inLanguage":"en-US"}]}},"_links":{"self":[{"href":"https:\/\/gruponogar.com\/en\/wp-json\/wp\/v2\/pages\/11243"}],"collection":[{"href":"https:\/\/gruponogar.com\/en\/wp-json\/wp\/v2\/pages"}],"about":[{"href":"https:\/\/gruponogar.com\/en\/wp-json\/wp\/v2\/types\/page"}],"author":[{"embeddable":true,"href":"https:\/\/gruponogar.com\/en\/wp-json\/wp\/v2\/users\/1"}],"replies":[{"embeddable":true,"href":"https:\/\/gruponogar.com\/en\/wp-json\/wp\/v2\/comments?post=11243"}],"version-history":[{"count":5,"href":"https:\/\/gruponogar.com\/en\/wp-json\/wp\/v2\/pages\/11243\/revisions"}],"predecessor-version":[{"id":12874,"href":"https:\/\/gruponogar.com\/en\/wp-json\/wp\/v2\/pages\/11243\/revisions\/12874"}],"wp:attachment":[{"href":"https:\/\/gruponogar.com\/en\/wp-json\/wp\/v2\/media?parent=11243"}],"curies":[{"name":"wp","href":"https:\/\/api.w.org\/{rel}","templated":true}]}}