{"id":11256,"date":"2021-07-20T12:09:12","date_gmt":"2021-07-20T10:09:12","guid":{"rendered":"https:\/\/gruponogar.com\/real-estate-development\/"},"modified":"2022-01-31T12:59:28","modified_gmt":"2022-01-31T11:59:28","slug":"real-estate-development","status":"publish","type":"page","link":"https:\/\/gruponogar.com\/en\/real-estate-development\/","title":{"rendered":"Real Estate Development"},"content":{"rendered":"","protected":false},"excerpt":{"rendered":"","protected":false},"author":1,"featured_media":0,"parent":0,"menu_order":0,"comment_status":"closed","ping_status":"closed","template":"","meta":[],"yoast_head":"<!-- This site is optimized with the Yoast SEO plugin v20.12 - https:\/\/yoast.com\/wordpress\/plugins\/seo\/ -->\n<title>Real Estate Development<\/title>\n<meta name=\"description\" content=\"For decades we have strived to construct quality buildings and structures in our surroundings, including residential spaces and spaces for commercial or logistical purposes of any sort. Many different housing developments, industrial parks and commercial areas that we have constructed in Galicia have made our work an important benchmark in these sectors.\" \/>\n<meta name=\"robots\" content=\"index, follow, max-snippet:-1, max-image-preview:large, max-video-preview:-1\" \/>\n<link rel=\"canonical\" href=\"https:\/\/gruponogar.com\/promocion-inmobiliaria\/\" \/>\n<meta property=\"og:locale\" content=\"en_US\" \/>\n<meta property=\"og:type\" content=\"article\" \/>\n<meta property=\"og:title\" content=\"Real Estate Development\" \/>\n<meta property=\"og:description\" content=\"For decades we have strived to construct quality buildings and structures in our surroundings, including residential spaces and spaces for commercial or logistical purposes of any sort. Many different housing developments, industrial parks and commercial areas that we have constructed in Galicia have made our work an important benchmark in these sectors.\" \/>\n<meta property=\"og:url\" content=\"https:\/\/gruponogar.com\/promocion-inmobiliaria\/\" \/>\n<meta property=\"og:site_name\" content=\"Grupo Nogar - Log\u00edstica portuaria y comercio mar\u00edtimo\" \/>\n<meta property=\"article:modified_time\" content=\"2022-01-31T11:59:28+00:00\" \/>\n<meta name=\"twitter:card\" content=\"summary_large_image\" \/>\n<script type=\"application\/ld+json\" class=\"yoast-schema-graph\">{\"@context\":\"https:\/\/schema.org\",\"@graph\":[{\"@type\":\"WebPage\",\"@id\":\"https:\/\/gruponogar.com\/promocion-inmobiliaria\/\",\"url\":\"https:\/\/gruponogar.com\/promocion-inmobiliaria\/\",\"name\":\"Real Estate Development\",\"isPartOf\":{\"@id\":\"https:\/\/gruponogar.com\/#website\"},\"datePublished\":\"2021-07-20T10:09:12+00:00\",\"dateModified\":\"2022-01-31T11:59:28+00:00\",\"description\":\"For decades we have strived to construct quality buildings and structures in our surroundings, including residential spaces and spaces for commercial or logistical purposes of any sort. Many different housing developments, industrial parks and commercial areas that we have constructed in Galicia have made our work an important benchmark in these sectors.\",\"breadcrumb\":{\"@id\":\"https:\/\/gruponogar.com\/promocion-inmobiliaria\/#breadcrumb\"},\"inLanguage\":\"en-US\",\"potentialAction\":[{\"@type\":\"ReadAction\",\"target\":[\"https:\/\/gruponogar.com\/promocion-inmobiliaria\/\"]}]},{\"@type\":\"BreadcrumbList\",\"@id\":\"https:\/\/gruponogar.com\/promocion-inmobiliaria\/#breadcrumb\",\"itemListElement\":[{\"@type\":\"ListItem\",\"position\":1,\"name\":\"Portada\",\"item\":\"https:\/\/gruponogar.com\/en\/\"},{\"@type\":\"ListItem\",\"position\":2,\"name\":\"Real Estate Development\"}]},{\"@type\":\"WebSite\",\"@id\":\"https:\/\/gruponogar.com\/#website\",\"url\":\"https:\/\/gruponogar.com\/\",\"name\":\"Grupo Nogar - Log\u00edstica portuaria y comercio mar\u00edtimo\",\"description\":\"GrupoNogar es referente en el mundo mar\u00edtimo-portuario, log\u00edstico y comercial\",\"potentialAction\":[{\"@type\":\"SearchAction\",\"target\":{\"@type\":\"EntryPoint\",\"urlTemplate\":\"https:\/\/gruponogar.com\/?s={search_term_string}\"},\"query-input\":\"required name=search_term_string\"}],\"inLanguage\":\"en-US\"}]}<\/script>\n<!-- \/ Yoast SEO plugin. -->","yoast_head_json":{"title":"Real Estate Development","description":"For decades we have strived to construct quality buildings and structures in our surroundings, including residential spaces and spaces for commercial or logistical purposes of any sort. Many different housing developments, industrial parks and commercial areas that we have constructed in Galicia have made our work an important benchmark in these sectors.","robots":{"index":"index","follow":"follow","max-snippet":"max-snippet:-1","max-image-preview":"max-image-preview:large","max-video-preview":"max-video-preview:-1"},"canonical":"https:\/\/gruponogar.com\/promocion-inmobiliaria\/","og_locale":"en_US","og_type":"article","og_title":"Real Estate Development","og_description":"For decades we have strived to construct quality buildings and structures in our surroundings, including residential spaces and spaces for commercial or logistical purposes of any sort. Many different housing developments, industrial parks and commercial areas that we have constructed in Galicia have made our work an important benchmark in these sectors.","og_url":"https:\/\/gruponogar.com\/promocion-inmobiliaria\/","og_site_name":"Grupo Nogar - Log\u00edstica portuaria y comercio mar\u00edtimo","article_modified_time":"2022-01-31T11:59:28+00:00","twitter_card":"summary_large_image","schema":{"@context":"https:\/\/schema.org","@graph":[{"@type":"WebPage","@id":"https:\/\/gruponogar.com\/promocion-inmobiliaria\/","url":"https:\/\/gruponogar.com\/promocion-inmobiliaria\/","name":"Real Estate Development","isPartOf":{"@id":"https:\/\/gruponogar.com\/#website"},"datePublished":"2021-07-20T10:09:12+00:00","dateModified":"2022-01-31T11:59:28+00:00","description":"For decades we have strived to construct quality buildings and structures in our surroundings, including residential spaces and spaces for commercial or logistical purposes of any sort. Many different housing developments, industrial parks and commercial areas that we have constructed in Galicia have made our work an important benchmark in these sectors.","breadcrumb":{"@id":"https:\/\/gruponogar.com\/promocion-inmobiliaria\/#breadcrumb"},"inLanguage":"en-US","potentialAction":[{"@type":"ReadAction","target":["https:\/\/gruponogar.com\/promocion-inmobiliaria\/"]}]},{"@type":"BreadcrumbList","@id":"https:\/\/gruponogar.com\/promocion-inmobiliaria\/#breadcrumb","itemListElement":[{"@type":"ListItem","position":1,"name":"Portada","item":"https:\/\/gruponogar.com\/en\/"},{"@type":"ListItem","position":2,"name":"Real Estate Development"}]},{"@type":"WebSite","@id":"https:\/\/gruponogar.com\/#website","url":"https:\/\/gruponogar.com\/","name":"Grupo Nogar - Log\u00edstica portuaria y comercio mar\u00edtimo","description":"GrupoNogar es referente en el mundo mar\u00edtimo-portuario, log\u00edstico y comercial","potentialAction":[{"@type":"SearchAction","target":{"@type":"EntryPoint","urlTemplate":"https:\/\/gruponogar.com\/?s={search_term_string}"},"query-input":"required name=search_term_string"}],"inLanguage":"en-US"}]}},"_links":{"self":[{"href":"https:\/\/gruponogar.com\/en\/wp-json\/wp\/v2\/pages\/11256"}],"collection":[{"href":"https:\/\/gruponogar.com\/en\/wp-json\/wp\/v2\/pages"}],"about":[{"href":"https:\/\/gruponogar.com\/en\/wp-json\/wp\/v2\/types\/page"}],"author":[{"embeddable":true,"href":"https:\/\/gruponogar.com\/en\/wp-json\/wp\/v2\/users\/1"}],"replies":[{"embeddable":true,"href":"https:\/\/gruponogar.com\/en\/wp-json\/wp\/v2\/comments?post=11256"}],"version-history":[{"count":5,"href":"https:\/\/gruponogar.com\/en\/wp-json\/wp\/v2\/pages\/11256\/revisions"}],"predecessor-version":[{"id":12905,"href":"https:\/\/gruponogar.com\/en\/wp-json\/wp\/v2\/pages\/11256\/revisions\/12905"}],"wp:attachment":[{"href":"https:\/\/gruponogar.com\/en\/wp-json\/wp\/v2\/media?parent=11256"}],"curies":[{"name":"wp","href":"https:\/\/api.w.org\/{rel}","templated":true}]}}