{"id":11462,"date":"2021-07-20T12:10:16","date_gmt":"2021-07-20T10:10:16","guid":{"rendered":"https:\/\/gruponogar.com\/legal-notice\/"},"modified":"2022-01-28T13:47:57","modified_gmt":"2022-01-28T12:47:57","slug":"legal-notice","status":"publish","type":"page","link":"https:\/\/gruponogar.com\/en\/legal-notice\/","title":{"rendered":"Legal Notice"},"content":{"rendered":"","protected":false},"excerpt":{"rendered":"","protected":false},"author":1,"featured_media":0,"parent":0,"menu_order":0,"comment_status":"closed","ping_status":"closed","template":"","meta":[],"yoast_head":"<!-- This site is optimized with the Yoast SEO plugin v20.12 - https:\/\/yoast.com\/wordpress\/plugins\/seo\/ -->\n<title>Legal Notice<\/title>\n<meta name=\"description\" content=\"This page is for purposes of information, and its goal is to provide knowledge to the general public about the products and services offered. Access to the website is, in principle, free of charge, without prejudice to the fact that the contracting of products or services through the website may be require payment.\" \/>\n<meta name=\"robots\" content=\"noindex, nofollow\" \/>\n<meta property=\"og:locale\" content=\"en_US\" \/>\n<meta property=\"og:type\" content=\"article\" \/>\n<meta property=\"og:title\" content=\"Legal Notice\" \/>\n<meta property=\"og:description\" content=\"This page is for purposes of information, and its goal is to provide knowledge to the general public about the products and services offered. Access to the website is, in principle, free of charge, without prejudice to the fact that the contracting of products or services through the website may be require payment.\" \/>\n<meta property=\"og:url\" content=\"https:\/\/gruponogar.com\/aviso-legal\/\" \/>\n<meta property=\"og:site_name\" content=\"Grupo Nogar - Log\u00edstica portuaria y comercio mar\u00edtimo\" \/>\n<meta property=\"article:modified_time\" content=\"2022-01-28T12:47:57+00:00\" \/>\n<meta name=\"twitter:card\" content=\"summary_large_image\" \/>\n<script type=\"application\/ld+json\" class=\"yoast-schema-graph\">{\"@context\":\"https:\/\/schema.org\",\"@graph\":[{\"@type\":\"WebPage\",\"@id\":\"https:\/\/gruponogar.com\/aviso-legal\/\",\"url\":\"https:\/\/gruponogar.com\/aviso-legal\/\",\"name\":\"Legal Notice\",\"isPartOf\":{\"@id\":\"https:\/\/gruponogar.com\/#website\"},\"datePublished\":\"2021-07-20T10:10:16+00:00\",\"dateModified\":\"2022-01-28T12:47:57+00:00\",\"description\":\"This page is for purposes of information, and its goal is to provide knowledge to the general public about the products and services offered. Access to the website is, in principle, free of charge, without prejudice to the fact that the contracting of products or services through the website may be require payment.\",\"breadcrumb\":{\"@id\":\"https:\/\/gruponogar.com\/aviso-legal\/#breadcrumb\"},\"inLanguage\":\"en-US\",\"potentialAction\":[{\"@type\":\"ReadAction\",\"target\":[\"https:\/\/gruponogar.com\/aviso-legal\/\"]}]},{\"@type\":\"BreadcrumbList\",\"@id\":\"https:\/\/gruponogar.com\/aviso-legal\/#breadcrumb\",\"itemListElement\":[{\"@type\":\"ListItem\",\"position\":1,\"name\":\"Portada\",\"item\":\"https:\/\/gruponogar.com\/en\/\"},{\"@type\":\"ListItem\",\"position\":2,\"name\":\"Legal Notice\"}]},{\"@type\":\"WebSite\",\"@id\":\"https:\/\/gruponogar.com\/#website\",\"url\":\"https:\/\/gruponogar.com\/\",\"name\":\"Grupo Nogar - Log\u00edstica portuaria y comercio mar\u00edtimo\",\"description\":\"GrupoNogar es referente en el mundo mar\u00edtimo-portuario, log\u00edstico y comercial\",\"potentialAction\":[{\"@type\":\"SearchAction\",\"target\":{\"@type\":\"EntryPoint\",\"urlTemplate\":\"https:\/\/gruponogar.com\/?s={search_term_string}\"},\"query-input\":\"required name=search_term_string\"}],\"inLanguage\":\"en-US\"}]}<\/script>\n<!-- \/ Yoast SEO plugin. -->","yoast_head_json":{"title":"Legal Notice","description":"This page is for purposes of information, and its goal is to provide knowledge to the general public about the products and services offered. Access to the website is, in principle, free of charge, without prejudice to the fact that the contracting of products or services through the website may be require payment.","robots":{"index":"noindex","follow":"nofollow"},"og_locale":"en_US","og_type":"article","og_title":"Legal Notice","og_description":"This page is for purposes of information, and its goal is to provide knowledge to the general public about the products and services offered. Access to the website is, in principle, free of charge, without prejudice to the fact that the contracting of products or services through the website may be require payment.","og_url":"https:\/\/gruponogar.com\/aviso-legal\/","og_site_name":"Grupo Nogar - Log\u00edstica portuaria y comercio mar\u00edtimo","article_modified_time":"2022-01-28T12:47:57+00:00","twitter_card":"summary_large_image","schema":{"@context":"https:\/\/schema.org","@graph":[{"@type":"WebPage","@id":"https:\/\/gruponogar.com\/aviso-legal\/","url":"https:\/\/gruponogar.com\/aviso-legal\/","name":"Legal Notice","isPartOf":{"@id":"https:\/\/gruponogar.com\/#website"},"datePublished":"2021-07-20T10:10:16+00:00","dateModified":"2022-01-28T12:47:57+00:00","description":"This page is for purposes of information, and its goal is to provide knowledge to the general public about the products and services offered. Access to the website is, in principle, free of charge, without prejudice to the fact that the contracting of products or services through the website may be require payment.","breadcrumb":{"@id":"https:\/\/gruponogar.com\/aviso-legal\/#breadcrumb"},"inLanguage":"en-US","potentialAction":[{"@type":"ReadAction","target":["https:\/\/gruponogar.com\/aviso-legal\/"]}]},{"@type":"BreadcrumbList","@id":"https:\/\/gruponogar.com\/aviso-legal\/#breadcrumb","itemListElement":[{"@type":"ListItem","position":1,"name":"Portada","item":"https:\/\/gruponogar.com\/en\/"},{"@type":"ListItem","position":2,"name":"Legal Notice"}]},{"@type":"WebSite","@id":"https:\/\/gruponogar.com\/#website","url":"https:\/\/gruponogar.com\/","name":"Grupo Nogar - Log\u00edstica portuaria y comercio mar\u00edtimo","description":"GrupoNogar es referente en el mundo mar\u00edtimo-portuario, log\u00edstico y comercial","potentialAction":[{"@type":"SearchAction","target":{"@type":"EntryPoint","urlTemplate":"https:\/\/gruponogar.com\/?s={search_term_string}"},"query-input":"required name=search_term_string"}],"inLanguage":"en-US"}]}},"_links":{"self":[{"href":"https:\/\/gruponogar.com\/en\/wp-json\/wp\/v2\/pages\/11462"}],"collection":[{"href":"https:\/\/gruponogar.com\/en\/wp-json\/wp\/v2\/pages"}],"about":[{"href":"https:\/\/gruponogar.com\/en\/wp-json\/wp\/v2\/types\/page"}],"author":[{"embeddable":true,"href":"https:\/\/gruponogar.com\/en\/wp-json\/wp\/v2\/users\/1"}],"replies":[{"embeddable":true,"href":"https:\/\/gruponogar.com\/en\/wp-json\/wp\/v2\/comments?post=11462"}],"version-history":[{"count":4,"href":"https:\/\/gruponogar.com\/en\/wp-json\/wp\/v2\/pages\/11462\/revisions"}],"predecessor-version":[{"id":12889,"href":"https:\/\/gruponogar.com\/en\/wp-json\/wp\/v2\/pages\/11462\/revisions\/12889"}],"wp:attachment":[{"href":"https:\/\/gruponogar.com\/en\/wp-json\/wp\/v2\/media?parent=11462"}],"curies":[{"name":"wp","href":"https:\/\/api.w.org\/{rel}","templated":true}]}}