{"id":11557,"date":"2019-06-27T10:29:15","date_gmt":"2019-06-27T08:29:15","guid":{"rendered":"https:\/\/gruponogar.com\/?page_id=11557"},"modified":"2026-02-06T12:40:34","modified_gmt":"2026-02-06T11:40:34","slug":"business","status":"publish","type":"page","link":"https:\/\/gruponogar.com\/en\/business\/","title":{"rendered":"Business"},"content":{"rendered":"","protected":false},"excerpt":{"rendered":"","protected":false},"author":1,"featured_media":0,"parent":0,"menu_order":0,"comment_status":"closed","ping_status":"closed","template":"","meta":[],"yoast_head":"<!-- This site is optimized with the Yoast SEO plugin v20.12 - https:\/\/yoast.com\/wordpress\/plugins\/seo\/ -->\n<title>Business - Grupo Nogar - Log\u00edstica portuaria y comercio mar\u00edtimo<\/title>\n<meta name=\"description\" content=\"Our service vocation has led us to diversify into different commercial areas. Our historical activity serving the sector has been complemented by the development of innovative products produced at our Extrunoga plant.\" \/>\n<meta name=\"robots\" content=\"index, follow, max-snippet:-1, max-image-preview:large, max-video-preview:-1\" \/>\n<link rel=\"canonical\" href=\"https:\/\/gruponogar.com\/en\/business\/\" \/>\n<meta property=\"og:locale\" content=\"en_US\" \/>\n<meta property=\"og:type\" content=\"article\" \/>\n<meta property=\"og:title\" content=\"Business - Grupo Nogar - Log\u00edstica portuaria y comercio mar\u00edtimo\" \/>\n<meta property=\"og:description\" content=\"Our service vocation has led us to diversify into different commercial areas. Our historical activity serving the sector has been complemented by the development of innovative products produced at our Extrunoga plant.\" \/>\n<meta property=\"og:url\" content=\"https:\/\/gruponogar.com\/en\/business\/\" \/>\n<meta property=\"og:site_name\" content=\"Grupo Nogar - Log\u00edstica portuaria y comercio mar\u00edtimo\" \/>\n<meta property=\"article:modified_time\" content=\"2026-02-06T11:40:34+00:00\" \/>\n<meta name=\"twitter:card\" content=\"summary_large_image\" \/>\n<script type=\"application\/ld+json\" class=\"yoast-schema-graph\">{\"@context\":\"https:\/\/schema.org\",\"@graph\":[{\"@type\":\"WebPage\",\"@id\":\"https:\/\/gruponogar.com\/en\/business\/\",\"url\":\"https:\/\/gruponogar.com\/en\/business\/\",\"name\":\"Business - Grupo Nogar - Log\u00edstica portuaria y comercio mar\u00edtimo\",\"isPartOf\":{\"@id\":\"https:\/\/gruponogar.com\/#website\"},\"datePublished\":\"2019-06-27T08:29:15+00:00\",\"dateModified\":\"2026-02-06T11:40:34+00:00\",\"description\":\"Our service vocation has led us to diversify into different commercial areas. Our historical activity serving the sector has been complemented by the development of innovative products produced at our Extrunoga plant.\",\"breadcrumb\":{\"@id\":\"https:\/\/gruponogar.com\/en\/business\/#breadcrumb\"},\"inLanguage\":\"en-US\",\"potentialAction\":[{\"@type\":\"ReadAction\",\"target\":[\"https:\/\/gruponogar.com\/en\/business\/\"]}]},{\"@type\":\"BreadcrumbList\",\"@id\":\"https:\/\/gruponogar.com\/en\/business\/#breadcrumb\",\"itemListElement\":[{\"@type\":\"ListItem\",\"position\":1,\"name\":\"Portada\",\"item\":\"https:\/\/gruponogar.com\/en\/\"},{\"@type\":\"ListItem\",\"position\":2,\"name\":\"Business\"}]},{\"@type\":\"WebSite\",\"@id\":\"https:\/\/gruponogar.com\/#website\",\"url\":\"https:\/\/gruponogar.com\/\",\"name\":\"Grupo Nogar - Log\u00edstica portuaria y comercio mar\u00edtimo\",\"description\":\"GrupoNogar es referente en el mundo mar\u00edtimo-portuario, log\u00edstico y comercial\",\"potentialAction\":[{\"@type\":\"SearchAction\",\"target\":{\"@type\":\"EntryPoint\",\"urlTemplate\":\"https:\/\/gruponogar.com\/?s={search_term_string}\"},\"query-input\":\"required name=search_term_string\"}],\"inLanguage\":\"en-US\"}]}<\/script>\n<!-- \/ Yoast SEO plugin. -->","yoast_head_json":{"title":"Business - Grupo Nogar - Log\u00edstica portuaria y comercio mar\u00edtimo","description":"Our service vocation has led us to diversify into different commercial areas. Our historical activity serving the sector has been complemented by the development of innovative products produced at our Extrunoga plant.","robots":{"index":"index","follow":"follow","max-snippet":"max-snippet:-1","max-image-preview":"max-image-preview:large","max-video-preview":"max-video-preview:-1"},"canonical":"https:\/\/gruponogar.com\/en\/business\/","og_locale":"en_US","og_type":"article","og_title":"Business - Grupo Nogar - Log\u00edstica portuaria y comercio mar\u00edtimo","og_description":"Our service vocation has led us to diversify into different commercial areas. Our historical activity serving the sector has been complemented by the development of innovative products produced at our Extrunoga plant.","og_url":"https:\/\/gruponogar.com\/en\/business\/","og_site_name":"Grupo Nogar - Log\u00edstica portuaria y comercio mar\u00edtimo","article_modified_time":"2026-02-06T11:40:34+00:00","twitter_card":"summary_large_image","schema":{"@context":"https:\/\/schema.org","@graph":[{"@type":"WebPage","@id":"https:\/\/gruponogar.com\/en\/business\/","url":"https:\/\/gruponogar.com\/en\/business\/","name":"Business - Grupo Nogar - Log\u00edstica portuaria y comercio mar\u00edtimo","isPartOf":{"@id":"https:\/\/gruponogar.com\/#website"},"datePublished":"2019-06-27T08:29:15+00:00","dateModified":"2026-02-06T11:40:34+00:00","description":"Our service vocation has led us to diversify into different commercial areas. Our historical activity serving the sector has been complemented by the development of innovative products produced at our Extrunoga plant.","breadcrumb":{"@id":"https:\/\/gruponogar.com\/en\/business\/#breadcrumb"},"inLanguage":"en-US","potentialAction":[{"@type":"ReadAction","target":["https:\/\/gruponogar.com\/en\/business\/"]}]},{"@type":"BreadcrumbList","@id":"https:\/\/gruponogar.com\/en\/business\/#breadcrumb","itemListElement":[{"@type":"ListItem","position":1,"name":"Portada","item":"https:\/\/gruponogar.com\/en\/"},{"@type":"ListItem","position":2,"name":"Business"}]},{"@type":"WebSite","@id":"https:\/\/gruponogar.com\/#website","url":"https:\/\/gruponogar.com\/","name":"Grupo Nogar - Log\u00edstica portuaria y comercio mar\u00edtimo","description":"GrupoNogar es referente en el mundo mar\u00edtimo-portuario, log\u00edstico y comercial","potentialAction":[{"@type":"SearchAction","target":{"@type":"EntryPoint","urlTemplate":"https:\/\/gruponogar.com\/?s={search_term_string}"},"query-input":"required name=search_term_string"}],"inLanguage":"en-US"}]}},"_links":{"self":[{"href":"https:\/\/gruponogar.com\/en\/wp-json\/wp\/v2\/pages\/11557"}],"collection":[{"href":"https:\/\/gruponogar.com\/en\/wp-json\/wp\/v2\/pages"}],"about":[{"href":"https:\/\/gruponogar.com\/en\/wp-json\/wp\/v2\/types\/page"}],"author":[{"embeddable":true,"href":"https:\/\/gruponogar.com\/en\/wp-json\/wp\/v2\/users\/1"}],"replies":[{"embeddable":true,"href":"https:\/\/gruponogar.com\/en\/wp-json\/wp\/v2\/comments?post=11557"}],"version-history":[{"count":5,"href":"https:\/\/gruponogar.com\/en\/wp-json\/wp\/v2\/pages\/11557\/revisions"}],"predecessor-version":[{"id":40714,"href":"https:\/\/gruponogar.com\/en\/wp-json\/wp\/v2\/pages\/11557\/revisions\/40714"}],"wp:attachment":[{"href":"https:\/\/gruponogar.com\/en\/wp-json\/wp\/v2\/media?parent=11557"}],"curies":[{"name":"wp","href":"https:\/\/api.w.org\/{rel}","templated":true}]}}