{"id":12564,"date":"2022-01-28T09:30:57","date_gmt":"2022-01-28T08:30:57","guid":{"rendered":"https:\/\/gruponogar.com\/consignatario-de-navios\/"},"modified":"2023-01-18T13:56:46","modified_gmt":"2023-01-18T12:56:46","slug":"consignatario-de-navios","status":"publish","type":"page","link":"https:\/\/gruponogar.com\/pt-pt\/contacto\/consignatario-de-navios\/","title":{"rendered":"Consignat\u00e1rio de navios"},"content":{"rendered":"","protected":false},"excerpt":{"rendered":"","protected":false},"author":1,"featured_media":0,"parent":12580,"menu_order":0,"comment_status":"closed","ping_status":"closed","template":"","meta":[],"yoast_head":"<!-- This site is optimized with the Yoast SEO plugin v20.12 - https:\/\/yoast.com\/wordpress\/plugins\/seo\/ -->\n<title>Consignat\u00e1rio de navios<\/title>\n<meta name=\"description\" content=\"Consignat\u00e1rio de navios\" \/>\n<meta name=\"robots\" content=\"index, follow, max-snippet:-1, max-image-preview:large, max-video-preview:-1\" \/>\n<link rel=\"canonical\" href=\"https:\/\/gruponogar.com\/contacto\/consignatario-de-buques\/\" \/>\n<meta property=\"og:locale\" content=\"pt_PT\" \/>\n<meta property=\"og:type\" content=\"article\" \/>\n<meta property=\"og:title\" content=\"Consignat\u00e1rio de navios\" \/>\n<meta property=\"og:description\" content=\"Consignat\u00e1rio de navios\" \/>\n<meta property=\"og:url\" content=\"https:\/\/gruponogar.com\/contacto\/consignatario-de-buques\/\" \/>\n<meta property=\"og:site_name\" content=\"Grupo Nogar - Log\u00edstica portuaria y comercio mar\u00edtimo\" \/>\n<meta property=\"article:modified_time\" content=\"2023-01-18T12:56:46+00:00\" \/>\n<meta name=\"twitter:card\" content=\"summary_large_image\" \/>\n<script type=\"application\/ld+json\" class=\"yoast-schema-graph\">{\"@context\":\"https:\/\/schema.org\",\"@graph\":[{\"@type\":\"WebPage\",\"@id\":\"https:\/\/gruponogar.com\/contacto\/consignatario-de-buques\/\",\"url\":\"https:\/\/gruponogar.com\/contacto\/consignatario-de-buques\/\",\"name\":\"Consignat\u00e1rio de navios\",\"isPartOf\":{\"@id\":\"https:\/\/gruponogar.com\/#website\"},\"datePublished\":\"2022-01-28T08:30:57+00:00\",\"dateModified\":\"2023-01-18T12:56:46+00:00\",\"description\":\"Consignat\u00e1rio de navios\",\"breadcrumb\":{\"@id\":\"https:\/\/gruponogar.com\/contacto\/consignatario-de-buques\/#breadcrumb\"},\"inLanguage\":\"pt-PT\",\"potentialAction\":[{\"@type\":\"ReadAction\",\"target\":[\"https:\/\/gruponogar.com\/contacto\/consignatario-de-buques\/\"]}]},{\"@type\":\"BreadcrumbList\",\"@id\":\"https:\/\/gruponogar.com\/contacto\/consignatario-de-buques\/#breadcrumb\",\"itemListElement\":[{\"@type\":\"ListItem\",\"position\":1,\"name\":\"Portada\",\"item\":\"https:\/\/gruponogar.com\/pt-pt\/\"},{\"@type\":\"ListItem\",\"position\":2,\"name\":\"Contacto\",\"item\":\"https:\/\/gruponogar.com\/pt-pt\/contacto\/\"},{\"@type\":\"ListItem\",\"position\":3,\"name\":\"Consignat\u00e1rio de navios\"}]},{\"@type\":\"WebSite\",\"@id\":\"https:\/\/gruponogar.com\/#website\",\"url\":\"https:\/\/gruponogar.com\/\",\"name\":\"Grupo Nogar - Log\u00edstica portuaria y comercio mar\u00edtimo\",\"description\":\"GrupoNogar es referente en el mundo mar\u00edtimo-portuario, log\u00edstico y comercial\",\"potentialAction\":[{\"@type\":\"SearchAction\",\"target\":{\"@type\":\"EntryPoint\",\"urlTemplate\":\"https:\/\/gruponogar.com\/?s={search_term_string}\"},\"query-input\":\"required name=search_term_string\"}],\"inLanguage\":\"pt-PT\"}]}<\/script>\n<!-- \/ Yoast SEO plugin. -->","yoast_head_json":{"title":"Consignat\u00e1rio de navios","description":"Consignat\u00e1rio de navios","robots":{"index":"index","follow":"follow","max-snippet":"max-snippet:-1","max-image-preview":"max-image-preview:large","max-video-preview":"max-video-preview:-1"},"canonical":"https:\/\/gruponogar.com\/contacto\/consignatario-de-buques\/","og_locale":"pt_PT","og_type":"article","og_title":"Consignat\u00e1rio de navios","og_description":"Consignat\u00e1rio de navios","og_url":"https:\/\/gruponogar.com\/contacto\/consignatario-de-buques\/","og_site_name":"Grupo Nogar - Log\u00edstica portuaria y comercio mar\u00edtimo","article_modified_time":"2023-01-18T12:56:46+00:00","twitter_card":"summary_large_image","schema":{"@context":"https:\/\/schema.org","@graph":[{"@type":"WebPage","@id":"https:\/\/gruponogar.com\/contacto\/consignatario-de-buques\/","url":"https:\/\/gruponogar.com\/contacto\/consignatario-de-buques\/","name":"Consignat\u00e1rio de navios","isPartOf":{"@id":"https:\/\/gruponogar.com\/#website"},"datePublished":"2022-01-28T08:30:57+00:00","dateModified":"2023-01-18T12:56:46+00:00","description":"Consignat\u00e1rio de navios","breadcrumb":{"@id":"https:\/\/gruponogar.com\/contacto\/consignatario-de-buques\/#breadcrumb"},"inLanguage":"pt-PT","potentialAction":[{"@type":"ReadAction","target":["https:\/\/gruponogar.com\/contacto\/consignatario-de-buques\/"]}]},{"@type":"BreadcrumbList","@id":"https:\/\/gruponogar.com\/contacto\/consignatario-de-buques\/#breadcrumb","itemListElement":[{"@type":"ListItem","position":1,"name":"Portada","item":"https:\/\/gruponogar.com\/pt-pt\/"},{"@type":"ListItem","position":2,"name":"Contacto","item":"https:\/\/gruponogar.com\/pt-pt\/contacto\/"},{"@type":"ListItem","position":3,"name":"Consignat\u00e1rio de navios"}]},{"@type":"WebSite","@id":"https:\/\/gruponogar.com\/#website","url":"https:\/\/gruponogar.com\/","name":"Grupo Nogar - Log\u00edstica portuaria y comercio mar\u00edtimo","description":"GrupoNogar es referente en el mundo mar\u00edtimo-portuario, log\u00edstico y comercial","potentialAction":[{"@type":"SearchAction","target":{"@type":"EntryPoint","urlTemplate":"https:\/\/gruponogar.com\/?s={search_term_string}"},"query-input":"required name=search_term_string"}],"inLanguage":"pt-PT"}]}},"_links":{"self":[{"href":"https:\/\/gruponogar.com\/pt-pt\/wp-json\/wp\/v2\/pages\/12564"}],"collection":[{"href":"https:\/\/gruponogar.com\/pt-pt\/wp-json\/wp\/v2\/pages"}],"about":[{"href":"https:\/\/gruponogar.com\/pt-pt\/wp-json\/wp\/v2\/types\/page"}],"author":[{"embeddable":true,"href":"https:\/\/gruponogar.com\/pt-pt\/wp-json\/wp\/v2\/users\/1"}],"replies":[{"embeddable":true,"href":"https:\/\/gruponogar.com\/pt-pt\/wp-json\/wp\/v2\/comments?post=12564"}],"version-history":[{"count":2,"href":"https:\/\/gruponogar.com\/pt-pt\/wp-json\/wp\/v2\/pages\/12564\/revisions"}],"predecessor-version":[{"id":14088,"href":"https:\/\/gruponogar.com\/pt-pt\/wp-json\/wp\/v2\/pages\/12564\/revisions\/14088"}],"up":[{"embeddable":true,"href":"https:\/\/gruponogar.com\/pt-pt\/wp-json\/wp\/v2\/pages\/12580"}],"wp:attachment":[{"href":"https:\/\/gruponogar.com\/pt-pt\/wp-json\/wp\/v2\/media?parent=12564"}],"curies":[{"name":"wp","href":"https:\/\/api.w.org\/{rel}","templated":true}]}}