{"id":12565,"date":"2022-01-28T09:31:04","date_gmt":"2022-01-28T08:31:04","guid":{"rendered":"https:\/\/gruponogar.com\/logistica-portuaria\/"},"modified":"2022-01-28T12:22:23","modified_gmt":"2022-01-28T11:22:23","slug":"logistica-portuaria","status":"publish","type":"page","link":"https:\/\/gruponogar.com\/pt-pt\/servicos-logisticos\/logistica-portuaria\/","title":{"rendered":"Log\u00edstica portu\u00e1ria"},"content":{"rendered":"","protected":false},"excerpt":{"rendered":"","protected":false},"author":1,"featured_media":0,"parent":12711,"menu_order":0,"comment_status":"closed","ping_status":"closed","template":"","meta":[],"yoast_head":"<!-- This site is optimized with the Yoast SEO plugin v20.12 - https:\/\/yoast.com\/wordpress\/plugins\/seo\/ -->\n<title>Log\u00edstica portu\u00e1ria<\/title>\n<meta name=\"description\" content=\"Oferecemos uma gama completa e variada de servi\u00e7os nos portos onde operamos, gra\u00e7as aos nossos profissionais e ao moderno parque de maquinaria portu\u00e1ria que colocamos \u00e0 sua disposi\u00e7\u00e3o para levar a cabo qualquer projeto log\u00edstico portu\u00e1rio.\" \/>\n<meta name=\"robots\" content=\"index, follow, max-snippet:-1, max-image-preview:large, max-video-preview:-1\" \/>\n<link rel=\"canonical\" href=\"https:\/\/gruponogar.com\/pt-pt\/servicos-logisticos\/logistica-portuaria\/\" \/>\n<meta property=\"og:locale\" content=\"pt_PT\" \/>\n<meta property=\"og:type\" content=\"article\" \/>\n<meta property=\"og:title\" content=\"Log\u00edstica portu\u00e1ria\" \/>\n<meta property=\"og:description\" content=\"Oferecemos uma gama completa e variada de servi\u00e7os nos portos onde operamos, gra\u00e7as aos nossos profissionais e ao moderno parque de maquinaria portu\u00e1ria que colocamos \u00e0 sua disposi\u00e7\u00e3o para levar a cabo qualquer projeto log\u00edstico portu\u00e1rio.\" \/>\n<meta property=\"og:url\" content=\"https:\/\/gruponogar.com\/pt-pt\/servicos-logisticos\/logistica-portuaria\/\" \/>\n<meta property=\"og:site_name\" content=\"Grupo Nogar - Log\u00edstica portuaria y comercio mar\u00edtimo\" \/>\n<meta property=\"article:modified_time\" content=\"2022-01-28T11:22:23+00:00\" \/>\n<meta name=\"twitter:card\" content=\"summary_large_image\" \/>\n<script type=\"application\/ld+json\" class=\"yoast-schema-graph\">{\"@context\":\"https:\/\/schema.org\",\"@graph\":[{\"@type\":\"WebPage\",\"@id\":\"https:\/\/gruponogar.com\/pt-pt\/servicos-logisticos\/logistica-portuaria\/\",\"url\":\"https:\/\/gruponogar.com\/pt-pt\/servicos-logisticos\/logistica-portuaria\/\",\"name\":\"Log\u00edstica portu\u00e1ria\",\"isPartOf\":{\"@id\":\"https:\/\/gruponogar.com\/#website\"},\"datePublished\":\"2022-01-28T08:31:04+00:00\",\"dateModified\":\"2022-01-28T11:22:23+00:00\",\"description\":\"Oferecemos uma gama completa e variada de servi\u00e7os nos portos onde operamos, gra\u00e7as aos nossos profissionais e ao moderno parque de maquinaria portu\u00e1ria que colocamos \u00e0 sua disposi\u00e7\u00e3o para levar a cabo qualquer projeto log\u00edstico portu\u00e1rio.\",\"breadcrumb\":{\"@id\":\"https:\/\/gruponogar.com\/pt-pt\/servicos-logisticos\/logistica-portuaria\/#breadcrumb\"},\"inLanguage\":\"pt-PT\",\"potentialAction\":[{\"@type\":\"ReadAction\",\"target\":[\"https:\/\/gruponogar.com\/pt-pt\/servicos-logisticos\/logistica-portuaria\/\"]}]},{\"@type\":\"BreadcrumbList\",\"@id\":\"https:\/\/gruponogar.com\/pt-pt\/servicos-logisticos\/logistica-portuaria\/#breadcrumb\",\"itemListElement\":[{\"@type\":\"ListItem\",\"position\":1,\"name\":\"Portada\",\"item\":\"https:\/\/gruponogar.com\/pt-pt\/\"},{\"@type\":\"ListItem\",\"position\":2,\"name\":\"Servi\u00e7os log\u00edsticos\",\"item\":\"https:\/\/gruponogar.com\/pt-pt\/servicos-logisticos\/\"},{\"@type\":\"ListItem\",\"position\":3,\"name\":\"Log\u00edstica portu\u00e1ria\"}]},{\"@type\":\"WebSite\",\"@id\":\"https:\/\/gruponogar.com\/#website\",\"url\":\"https:\/\/gruponogar.com\/\",\"name\":\"Grupo Nogar - Log\u00edstica portuaria y comercio mar\u00edtimo\",\"description\":\"GrupoNogar es referente en el mundo mar\u00edtimo-portuario, log\u00edstico y comercial\",\"potentialAction\":[{\"@type\":\"SearchAction\",\"target\":{\"@type\":\"EntryPoint\",\"urlTemplate\":\"https:\/\/gruponogar.com\/?s={search_term_string}\"},\"query-input\":\"required name=search_term_string\"}],\"inLanguage\":\"pt-PT\"}]}<\/script>\n<!-- \/ Yoast SEO plugin. -->","yoast_head_json":{"title":"Log\u00edstica portu\u00e1ria","description":"Oferecemos uma gama completa e variada de servi\u00e7os nos portos onde operamos, gra\u00e7as aos nossos profissionais e ao moderno parque de maquinaria portu\u00e1ria que colocamos \u00e0 sua disposi\u00e7\u00e3o para levar a cabo qualquer projeto log\u00edstico portu\u00e1rio.","robots":{"index":"index","follow":"follow","max-snippet":"max-snippet:-1","max-image-preview":"max-image-preview:large","max-video-preview":"max-video-preview:-1"},"canonical":"https:\/\/gruponogar.com\/pt-pt\/servicos-logisticos\/logistica-portuaria\/","og_locale":"pt_PT","og_type":"article","og_title":"Log\u00edstica portu\u00e1ria","og_description":"Oferecemos uma gama completa e variada de servi\u00e7os nos portos onde operamos, gra\u00e7as aos nossos profissionais e ao moderno parque de maquinaria portu\u00e1ria que colocamos \u00e0 sua disposi\u00e7\u00e3o para levar a cabo qualquer projeto log\u00edstico portu\u00e1rio.","og_url":"https:\/\/gruponogar.com\/pt-pt\/servicos-logisticos\/logistica-portuaria\/","og_site_name":"Grupo Nogar - Log\u00edstica portuaria y comercio mar\u00edtimo","article_modified_time":"2022-01-28T11:22:23+00:00","twitter_card":"summary_large_image","schema":{"@context":"https:\/\/schema.org","@graph":[{"@type":"WebPage","@id":"https:\/\/gruponogar.com\/pt-pt\/servicos-logisticos\/logistica-portuaria\/","url":"https:\/\/gruponogar.com\/pt-pt\/servicos-logisticos\/logistica-portuaria\/","name":"Log\u00edstica portu\u00e1ria","isPartOf":{"@id":"https:\/\/gruponogar.com\/#website"},"datePublished":"2022-01-28T08:31:04+00:00","dateModified":"2022-01-28T11:22:23+00:00","description":"Oferecemos uma gama completa e variada de servi\u00e7os nos portos onde operamos, gra\u00e7as aos nossos profissionais e ao moderno parque de maquinaria portu\u00e1ria que colocamos \u00e0 sua disposi\u00e7\u00e3o para levar a cabo qualquer projeto log\u00edstico portu\u00e1rio.","breadcrumb":{"@id":"https:\/\/gruponogar.com\/pt-pt\/servicos-logisticos\/logistica-portuaria\/#breadcrumb"},"inLanguage":"pt-PT","potentialAction":[{"@type":"ReadAction","target":["https:\/\/gruponogar.com\/pt-pt\/servicos-logisticos\/logistica-portuaria\/"]}]},{"@type":"BreadcrumbList","@id":"https:\/\/gruponogar.com\/pt-pt\/servicos-logisticos\/logistica-portuaria\/#breadcrumb","itemListElement":[{"@type":"ListItem","position":1,"name":"Portada","item":"https:\/\/gruponogar.com\/pt-pt\/"},{"@type":"ListItem","position":2,"name":"Servi\u00e7os log\u00edsticos","item":"https:\/\/gruponogar.com\/pt-pt\/servicos-logisticos\/"},{"@type":"ListItem","position":3,"name":"Log\u00edstica portu\u00e1ria"}]},{"@type":"WebSite","@id":"https:\/\/gruponogar.com\/#website","url":"https:\/\/gruponogar.com\/","name":"Grupo Nogar - Log\u00edstica portuaria y comercio mar\u00edtimo","description":"GrupoNogar es referente en el mundo mar\u00edtimo-portuario, log\u00edstico y comercial","potentialAction":[{"@type":"SearchAction","target":{"@type":"EntryPoint","urlTemplate":"https:\/\/gruponogar.com\/?s={search_term_string}"},"query-input":"required name=search_term_string"}],"inLanguage":"pt-PT"}]}},"_links":{"self":[{"href":"https:\/\/gruponogar.com\/pt-pt\/wp-json\/wp\/v2\/pages\/12565"}],"collection":[{"href":"https:\/\/gruponogar.com\/pt-pt\/wp-json\/wp\/v2\/pages"}],"about":[{"href":"https:\/\/gruponogar.com\/pt-pt\/wp-json\/wp\/v2\/types\/page"}],"author":[{"embeddable":true,"href":"https:\/\/gruponogar.com\/pt-pt\/wp-json\/wp\/v2\/users\/1"}],"replies":[{"embeddable":true,"href":"https:\/\/gruponogar.com\/pt-pt\/wp-json\/wp\/v2\/comments?post=12565"}],"version-history":[{"count":1,"href":"https:\/\/gruponogar.com\/pt-pt\/wp-json\/wp\/v2\/pages\/12565\/revisions"}],"predecessor-version":[{"id":12666,"href":"https:\/\/gruponogar.com\/pt-pt\/wp-json\/wp\/v2\/pages\/12565\/revisions\/12666"}],"up":[{"embeddable":true,"href":"https:\/\/gruponogar.com\/pt-pt\/wp-json\/wp\/v2\/pages\/12711"}],"wp:attachment":[{"href":"https:\/\/gruponogar.com\/pt-pt\/wp-json\/wp\/v2\/media?parent=12565"}],"curies":[{"name":"wp","href":"https:\/\/api.w.org\/{rel}","templated":true}]}}