{"id":12573,"date":"2022-01-28T09:31:33","date_gmt":"2022-01-28T08:31:33","guid":{"rendered":"https:\/\/gruponogar.com\/a-coruna\/"},"modified":"2022-01-28T09:44:13","modified_gmt":"2022-01-28T08:44:13","slug":"a-coruna","status":"publish","type":"page","link":"https:\/\/gruponogar.com\/pt-pt\/servicos-logisticos\/logistica-portuaria\/terminais\/a-coruna\/","title":{"rendered":"A Coru\u00f1a"},"content":{"rendered":"","protected":false},"excerpt":{"rendered":"","protected":false},"author":1,"featured_media":0,"parent":12576,"menu_order":1,"comment_status":"closed","ping_status":"closed","template":"","meta":[],"yoast_head":"<!-- This site is optimized with the Yoast SEO plugin v20.12 - https:\/\/yoast.com\/wordpress\/plugins\/seo\/ -->\n<title>O terminal agroalimentar mais especializado da Galiza.<\/title>\n<meta name=\"description\" content=\"4230 metros de cais comerciais. Calado m\u00e1ximo: 22 metros. Acesso ferrovi\u00e1rio aos cais e armaz\u00e9ns. Temos 90 000 metros quadrados de armazenamento coberto para 500 000 toneladas de capacidade\" \/>\n<meta name=\"robots\" content=\"index, follow, max-snippet:-1, max-image-preview:large, max-video-preview:-1\" \/>\n<link rel=\"canonical\" href=\"https:\/\/gruponogar.com\/pt-pt\/servicos-logisticos\/logistica-portuaria\/terminais\/a-coruna\/\" \/>\n<meta property=\"og:locale\" content=\"pt_PT\" \/>\n<meta property=\"og:type\" content=\"article\" \/>\n<meta property=\"og:title\" content=\"O terminal agroalimentar mais especializado da Galiza.\" \/>\n<meta property=\"og:description\" content=\"4230 metros de cais comerciais. Calado m\u00e1ximo: 22 metros. Acesso ferrovi\u00e1rio aos cais e armaz\u00e9ns. Temos 90 000 metros quadrados de armazenamento coberto para 500 000 toneladas de capacidade\" \/>\n<meta property=\"og:url\" content=\"https:\/\/gruponogar.com\/pt-pt\/servicos-logisticos\/logistica-portuaria\/terminais\/a-coruna\/\" \/>\n<meta property=\"og:site_name\" content=\"Grupo Nogar - Log\u00edstica portuaria y comercio mar\u00edtimo\" \/>\n<meta property=\"article:modified_time\" content=\"2022-01-28T08:44:13+00:00\" \/>\n<meta name=\"twitter:card\" content=\"summary_large_image\" \/>\n<script type=\"application\/ld+json\" class=\"yoast-schema-graph\">{\"@context\":\"https:\/\/schema.org\",\"@graph\":[{\"@type\":\"WebPage\",\"@id\":\"https:\/\/gruponogar.com\/pt-pt\/servicos-logisticos\/logistica-portuaria\/terminais\/a-coruna\/\",\"url\":\"https:\/\/gruponogar.com\/pt-pt\/servicos-logisticos\/logistica-portuaria\/terminais\/a-coruna\/\",\"name\":\"O terminal agroalimentar mais especializado da Galiza.\",\"isPartOf\":{\"@id\":\"https:\/\/gruponogar.com\/#website\"},\"datePublished\":\"2022-01-28T08:31:33+00:00\",\"dateModified\":\"2022-01-28T08:44:13+00:00\",\"description\":\"4230 metros de cais comerciais. Calado m\u00e1ximo: 22 metros. Acesso ferrovi\u00e1rio aos cais e armaz\u00e9ns. Temos 90 000 metros quadrados de armazenamento coberto para 500 000 toneladas de capacidade\",\"breadcrumb\":{\"@id\":\"https:\/\/gruponogar.com\/pt-pt\/servicos-logisticos\/logistica-portuaria\/terminais\/a-coruna\/#breadcrumb\"},\"inLanguage\":\"pt-PT\",\"potentialAction\":[{\"@type\":\"ReadAction\",\"target\":[\"https:\/\/gruponogar.com\/pt-pt\/servicos-logisticos\/logistica-portuaria\/terminais\/a-coruna\/\"]}]},{\"@type\":\"BreadcrumbList\",\"@id\":\"https:\/\/gruponogar.com\/pt-pt\/servicos-logisticos\/logistica-portuaria\/terminais\/a-coruna\/#breadcrumb\",\"itemListElement\":[{\"@type\":\"ListItem\",\"position\":1,\"name\":\"Portada\",\"item\":\"https:\/\/gruponogar.com\/pt-pt\/\"},{\"@type\":\"ListItem\",\"position\":2,\"name\":\"Servi\u00e7os log\u00edsticos\",\"item\":\"https:\/\/gruponogar.com\/pt-pt\/servicos-logisticos\/\"},{\"@type\":\"ListItem\",\"position\":3,\"name\":\"Log\u00edstica portu\u00e1ria\",\"item\":\"https:\/\/gruponogar.com\/pt-pt\/servicos-logisticos\/logistica-portuaria\/\"},{\"@type\":\"ListItem\",\"position\":4,\"name\":\"Terminais\",\"item\":\"https:\/\/gruponogar.com\/pt-pt\/servicos-logisticos\/logistica-portuaria\/terminais\/\"},{\"@type\":\"ListItem\",\"position\":5,\"name\":\"A Coru\u00f1a\"}]},{\"@type\":\"WebSite\",\"@id\":\"https:\/\/gruponogar.com\/#website\",\"url\":\"https:\/\/gruponogar.com\/\",\"name\":\"Grupo Nogar - Log\u00edstica portuaria y comercio mar\u00edtimo\",\"description\":\"GrupoNogar es referente en el mundo mar\u00edtimo-portuario, log\u00edstico y comercial\",\"potentialAction\":[{\"@type\":\"SearchAction\",\"target\":{\"@type\":\"EntryPoint\",\"urlTemplate\":\"https:\/\/gruponogar.com\/?s={search_term_string}\"},\"query-input\":\"required name=search_term_string\"}],\"inLanguage\":\"pt-PT\"}]}<\/script>\n<!-- \/ Yoast SEO plugin. -->","yoast_head_json":{"title":"O terminal agroalimentar mais especializado da Galiza.","description":"4230 metros de cais comerciais. Calado m\u00e1ximo: 22 metros. Acesso ferrovi\u00e1rio aos cais e armaz\u00e9ns. Temos 90 000 metros quadrados de armazenamento coberto para 500 000 toneladas de capacidade","robots":{"index":"index","follow":"follow","max-snippet":"max-snippet:-1","max-image-preview":"max-image-preview:large","max-video-preview":"max-video-preview:-1"},"canonical":"https:\/\/gruponogar.com\/pt-pt\/servicos-logisticos\/logistica-portuaria\/terminais\/a-coruna\/","og_locale":"pt_PT","og_type":"article","og_title":"O terminal agroalimentar mais especializado da Galiza.","og_description":"4230 metros de cais comerciais. Calado m\u00e1ximo: 22 metros. Acesso ferrovi\u00e1rio aos cais e armaz\u00e9ns. Temos 90 000 metros quadrados de armazenamento coberto para 500 000 toneladas de capacidade","og_url":"https:\/\/gruponogar.com\/pt-pt\/servicos-logisticos\/logistica-portuaria\/terminais\/a-coruna\/","og_site_name":"Grupo Nogar - Log\u00edstica portuaria y comercio mar\u00edtimo","article_modified_time":"2022-01-28T08:44:13+00:00","twitter_card":"summary_large_image","schema":{"@context":"https:\/\/schema.org","@graph":[{"@type":"WebPage","@id":"https:\/\/gruponogar.com\/pt-pt\/servicos-logisticos\/logistica-portuaria\/terminais\/a-coruna\/","url":"https:\/\/gruponogar.com\/pt-pt\/servicos-logisticos\/logistica-portuaria\/terminais\/a-coruna\/","name":"O terminal agroalimentar mais especializado da Galiza.","isPartOf":{"@id":"https:\/\/gruponogar.com\/#website"},"datePublished":"2022-01-28T08:31:33+00:00","dateModified":"2022-01-28T08:44:13+00:00","description":"4230 metros de cais comerciais. Calado m\u00e1ximo: 22 metros. Acesso ferrovi\u00e1rio aos cais e armaz\u00e9ns. Temos 90 000 metros quadrados de armazenamento coberto para 500 000 toneladas de capacidade","breadcrumb":{"@id":"https:\/\/gruponogar.com\/pt-pt\/servicos-logisticos\/logistica-portuaria\/terminais\/a-coruna\/#breadcrumb"},"inLanguage":"pt-PT","potentialAction":[{"@type":"ReadAction","target":["https:\/\/gruponogar.com\/pt-pt\/servicos-logisticos\/logistica-portuaria\/terminais\/a-coruna\/"]}]},{"@type":"BreadcrumbList","@id":"https:\/\/gruponogar.com\/pt-pt\/servicos-logisticos\/logistica-portuaria\/terminais\/a-coruna\/#breadcrumb","itemListElement":[{"@type":"ListItem","position":1,"name":"Portada","item":"https:\/\/gruponogar.com\/pt-pt\/"},{"@type":"ListItem","position":2,"name":"Servi\u00e7os log\u00edsticos","item":"https:\/\/gruponogar.com\/pt-pt\/servicos-logisticos\/"},{"@type":"ListItem","position":3,"name":"Log\u00edstica portu\u00e1ria","item":"https:\/\/gruponogar.com\/pt-pt\/servicos-logisticos\/logistica-portuaria\/"},{"@type":"ListItem","position":4,"name":"Terminais","item":"https:\/\/gruponogar.com\/pt-pt\/servicos-logisticos\/logistica-portuaria\/terminais\/"},{"@type":"ListItem","position":5,"name":"A Coru\u00f1a"}]},{"@type":"WebSite","@id":"https:\/\/gruponogar.com\/#website","url":"https:\/\/gruponogar.com\/","name":"Grupo Nogar - Log\u00edstica portuaria y comercio mar\u00edtimo","description":"GrupoNogar es referente en el mundo mar\u00edtimo-portuario, log\u00edstico y comercial","potentialAction":[{"@type":"SearchAction","target":{"@type":"EntryPoint","urlTemplate":"https:\/\/gruponogar.com\/?s={search_term_string}"},"query-input":"required name=search_term_string"}],"inLanguage":"pt-PT"}]}},"_links":{"self":[{"href":"https:\/\/gruponogar.com\/pt-pt\/wp-json\/wp\/v2\/pages\/12573"}],"collection":[{"href":"https:\/\/gruponogar.com\/pt-pt\/wp-json\/wp\/v2\/pages"}],"about":[{"href":"https:\/\/gruponogar.com\/pt-pt\/wp-json\/wp\/v2\/types\/page"}],"author":[{"embeddable":true,"href":"https:\/\/gruponogar.com\/pt-pt\/wp-json\/wp\/v2\/users\/1"}],"replies":[{"embeddable":true,"href":"https:\/\/gruponogar.com\/pt-pt\/wp-json\/wp\/v2\/comments?post=12573"}],"version-history":[{"count":1,"href":"https:\/\/gruponogar.com\/pt-pt\/wp-json\/wp\/v2\/pages\/12573\/revisions"}],"predecessor-version":[{"id":12674,"href":"https:\/\/gruponogar.com\/pt-pt\/wp-json\/wp\/v2\/pages\/12573\/revisions\/12674"}],"up":[{"embeddable":true,"href":"https:\/\/gruponogar.com\/pt-pt\/wp-json\/wp\/v2\/pages\/12576"}],"wp:attachment":[{"href":"https:\/\/gruponogar.com\/pt-pt\/wp-json\/wp\/v2\/media?parent=12573"}],"curies":[{"name":"wp","href":"https:\/\/api.w.org\/{rel}","templated":true}]}}