{"id":12576,"date":"2022-01-28T09:31:52","date_gmt":"2022-01-28T08:31:52","guid":{"rendered":"https:\/\/gruponogar.com\/logistica-portuaria\/terminais\/"},"modified":"2023-11-07T09:24:37","modified_gmt":"2023-11-07T08:24:37","slug":"terminais","status":"publish","type":"page","link":"https:\/\/gruponogar.com\/pt-pt\/servicos-logisticos\/logistica-portuaria\/terminais\/","title":{"rendered":"Terminais"},"content":{"rendered":"","protected":false},"excerpt":{"rendered":"","protected":false},"author":1,"featured_media":0,"parent":12565,"menu_order":1,"comment_status":"closed","ping_status":"closed","template":"","meta":[],"yoast_head":"<!-- This site is optimized with the Yoast SEO plugin v20.12 - https:\/\/yoast.com\/wordpress\/plugins\/seo\/ -->\n<title>Logistic Services Port Logistics Terminals<\/title>\n<meta name=\"description\" content=\"O GrupoNogar est\u00e1 presente em v\u00e1rios dos principais portos de Espanha, Portugal e Peru. Em todos estes portos, prestamos servi\u00e7os da mais elevada qualidade, seguran\u00e7a e com a melhor maquinaria de \u00faltima gera\u00e7\u00e3o para gerir as mercadorias dos nossos clientes e parceiros.\" \/>\n<meta name=\"robots\" content=\"index, follow, max-snippet:-1, max-image-preview:large, max-video-preview:-1\" \/>\n<link rel=\"canonical\" href=\"https:\/\/gruponogar.com\/pt-pt\/servicos-logisticos\/logistica-portuaria\/terminais\/\" \/>\n<meta property=\"og:locale\" content=\"pt_PT\" \/>\n<meta property=\"og:type\" content=\"article\" \/>\n<meta property=\"og:title\" content=\"Logistic Services Port Logistics Terminals\" \/>\n<meta property=\"og:description\" content=\"O GrupoNogar est\u00e1 presente em v\u00e1rios dos principais portos de Espanha, Portugal e Peru. Em todos estes portos, prestamos servi\u00e7os da mais elevada qualidade, seguran\u00e7a e com a melhor maquinaria de \u00faltima gera\u00e7\u00e3o para gerir as mercadorias dos nossos clientes e parceiros.\" \/>\n<meta property=\"og:url\" content=\"https:\/\/gruponogar.com\/pt-pt\/servicos-logisticos\/logistica-portuaria\/terminais\/\" \/>\n<meta property=\"og:site_name\" content=\"Grupo Nogar - Log\u00edstica portuaria y comercio mar\u00edtimo\" \/>\n<meta property=\"article:modified_time\" content=\"2023-11-07T08:24:37+00:00\" \/>\n<meta name=\"twitter:card\" content=\"summary_large_image\" \/>\n<script type=\"application\/ld+json\" class=\"yoast-schema-graph\">{\"@context\":\"https:\/\/schema.org\",\"@graph\":[{\"@type\":\"WebPage\",\"@id\":\"https:\/\/gruponogar.com\/pt-pt\/servicos-logisticos\/logistica-portuaria\/terminais\/\",\"url\":\"https:\/\/gruponogar.com\/pt-pt\/servicos-logisticos\/logistica-portuaria\/terminais\/\",\"name\":\"Logistic Services Port Logistics Terminals\",\"isPartOf\":{\"@id\":\"https:\/\/gruponogar.com\/#website\"},\"datePublished\":\"2022-01-28T08:31:52+00:00\",\"dateModified\":\"2023-11-07T08:24:37+00:00\",\"description\":\"O GrupoNogar est\u00e1 presente em v\u00e1rios dos principais portos de Espanha, Portugal e Peru. Em todos estes portos, prestamos servi\u00e7os da mais elevada qualidade, seguran\u00e7a e com a melhor maquinaria de \u00faltima gera\u00e7\u00e3o para gerir as mercadorias dos nossos clientes e parceiros.\",\"breadcrumb\":{\"@id\":\"https:\/\/gruponogar.com\/pt-pt\/servicos-logisticos\/logistica-portuaria\/terminais\/#breadcrumb\"},\"inLanguage\":\"pt-PT\",\"potentialAction\":[{\"@type\":\"ReadAction\",\"target\":[\"https:\/\/gruponogar.com\/pt-pt\/servicos-logisticos\/logistica-portuaria\/terminais\/\"]}]},{\"@type\":\"BreadcrumbList\",\"@id\":\"https:\/\/gruponogar.com\/pt-pt\/servicos-logisticos\/logistica-portuaria\/terminais\/#breadcrumb\",\"itemListElement\":[{\"@type\":\"ListItem\",\"position\":1,\"name\":\"Portada\",\"item\":\"https:\/\/gruponogar.com\/pt-pt\/\"},{\"@type\":\"ListItem\",\"position\":2,\"name\":\"Servi\u00e7os log\u00edsticos\",\"item\":\"https:\/\/gruponogar.com\/pt-pt\/servicos-logisticos\/\"},{\"@type\":\"ListItem\",\"position\":3,\"name\":\"Log\u00edstica portu\u00e1ria\",\"item\":\"https:\/\/gruponogar.com\/pt-pt\/servicos-logisticos\/logistica-portuaria\/\"},{\"@type\":\"ListItem\",\"position\":4,\"name\":\"Terminais\"}]},{\"@type\":\"WebSite\",\"@id\":\"https:\/\/gruponogar.com\/#website\",\"url\":\"https:\/\/gruponogar.com\/\",\"name\":\"Grupo Nogar - Log\u00edstica portuaria y comercio mar\u00edtimo\",\"description\":\"GrupoNogar es referente en el mundo mar\u00edtimo-portuario, log\u00edstico y comercial\",\"potentialAction\":[{\"@type\":\"SearchAction\",\"target\":{\"@type\":\"EntryPoint\",\"urlTemplate\":\"https:\/\/gruponogar.com\/?s={search_term_string}\"},\"query-input\":\"required name=search_term_string\"}],\"inLanguage\":\"pt-PT\"}]}<\/script>\n<!-- \/ Yoast SEO plugin. -->","yoast_head_json":{"title":"Logistic Services Port Logistics Terminals","description":"O GrupoNogar est\u00e1 presente em v\u00e1rios dos principais portos de Espanha, Portugal e Peru. Em todos estes portos, prestamos servi\u00e7os da mais elevada qualidade, seguran\u00e7a e com a melhor maquinaria de \u00faltima gera\u00e7\u00e3o para gerir as mercadorias dos nossos clientes e parceiros.","robots":{"index":"index","follow":"follow","max-snippet":"max-snippet:-1","max-image-preview":"max-image-preview:large","max-video-preview":"max-video-preview:-1"},"canonical":"https:\/\/gruponogar.com\/pt-pt\/servicos-logisticos\/logistica-portuaria\/terminais\/","og_locale":"pt_PT","og_type":"article","og_title":"Logistic Services Port Logistics Terminals","og_description":"O GrupoNogar est\u00e1 presente em v\u00e1rios dos principais portos de Espanha, Portugal e Peru. Em todos estes portos, prestamos servi\u00e7os da mais elevada qualidade, seguran\u00e7a e com a melhor maquinaria de \u00faltima gera\u00e7\u00e3o para gerir as mercadorias dos nossos clientes e parceiros.","og_url":"https:\/\/gruponogar.com\/pt-pt\/servicos-logisticos\/logistica-portuaria\/terminais\/","og_site_name":"Grupo Nogar - Log\u00edstica portuaria y comercio mar\u00edtimo","article_modified_time":"2023-11-07T08:24:37+00:00","twitter_card":"summary_large_image","schema":{"@context":"https:\/\/schema.org","@graph":[{"@type":"WebPage","@id":"https:\/\/gruponogar.com\/pt-pt\/servicos-logisticos\/logistica-portuaria\/terminais\/","url":"https:\/\/gruponogar.com\/pt-pt\/servicos-logisticos\/logistica-portuaria\/terminais\/","name":"Logistic Services Port Logistics Terminals","isPartOf":{"@id":"https:\/\/gruponogar.com\/#website"},"datePublished":"2022-01-28T08:31:52+00:00","dateModified":"2023-11-07T08:24:37+00:00","description":"O GrupoNogar est\u00e1 presente em v\u00e1rios dos principais portos de Espanha, Portugal e Peru. Em todos estes portos, prestamos servi\u00e7os da mais elevada qualidade, seguran\u00e7a e com a melhor maquinaria de \u00faltima gera\u00e7\u00e3o para gerir as mercadorias dos nossos clientes e parceiros.","breadcrumb":{"@id":"https:\/\/gruponogar.com\/pt-pt\/servicos-logisticos\/logistica-portuaria\/terminais\/#breadcrumb"},"inLanguage":"pt-PT","potentialAction":[{"@type":"ReadAction","target":["https:\/\/gruponogar.com\/pt-pt\/servicos-logisticos\/logistica-portuaria\/terminais\/"]}]},{"@type":"BreadcrumbList","@id":"https:\/\/gruponogar.com\/pt-pt\/servicos-logisticos\/logistica-portuaria\/terminais\/#breadcrumb","itemListElement":[{"@type":"ListItem","position":1,"name":"Portada","item":"https:\/\/gruponogar.com\/pt-pt\/"},{"@type":"ListItem","position":2,"name":"Servi\u00e7os log\u00edsticos","item":"https:\/\/gruponogar.com\/pt-pt\/servicos-logisticos\/"},{"@type":"ListItem","position":3,"name":"Log\u00edstica portu\u00e1ria","item":"https:\/\/gruponogar.com\/pt-pt\/servicos-logisticos\/logistica-portuaria\/"},{"@type":"ListItem","position":4,"name":"Terminais"}]},{"@type":"WebSite","@id":"https:\/\/gruponogar.com\/#website","url":"https:\/\/gruponogar.com\/","name":"Grupo Nogar - Log\u00edstica portuaria y comercio mar\u00edtimo","description":"GrupoNogar es referente en el mundo mar\u00edtimo-portuario, log\u00edstico y comercial","potentialAction":[{"@type":"SearchAction","target":{"@type":"EntryPoint","urlTemplate":"https:\/\/gruponogar.com\/?s={search_term_string}"},"query-input":"required name=search_term_string"}],"inLanguage":"pt-PT"}]}},"_links":{"self":[{"href":"https:\/\/gruponogar.com\/pt-pt\/wp-json\/wp\/v2\/pages\/12576"}],"collection":[{"href":"https:\/\/gruponogar.com\/pt-pt\/wp-json\/wp\/v2\/pages"}],"about":[{"href":"https:\/\/gruponogar.com\/pt-pt\/wp-json\/wp\/v2\/types\/page"}],"author":[{"embeddable":true,"href":"https:\/\/gruponogar.com\/pt-pt\/wp-json\/wp\/v2\/users\/1"}],"replies":[{"embeddable":true,"href":"https:\/\/gruponogar.com\/pt-pt\/wp-json\/wp\/v2\/comments?post=12576"}],"version-history":[{"count":4,"href":"https:\/\/gruponogar.com\/pt-pt\/wp-json\/wp\/v2\/pages\/12576\/revisions"}],"predecessor-version":[{"id":12827,"href":"https:\/\/gruponogar.com\/pt-pt\/wp-json\/wp\/v2\/pages\/12576\/revisions\/12827"}],"up":[{"embeddable":true,"href":"https:\/\/gruponogar.com\/pt-pt\/wp-json\/wp\/v2\/pages\/12565"}],"wp:attachment":[{"href":"https:\/\/gruponogar.com\/pt-pt\/wp-json\/wp\/v2\/media?parent=12576"}],"curies":[{"name":"wp","href":"https:\/\/api.w.org\/{rel}","templated":true}]}}