{"id":12580,"date":"2022-01-28T09:32:31","date_gmt":"2022-01-28T08:32:31","guid":{"rendered":"https:\/\/gruponogar.com\/contacto\/"},"modified":"2026-02-26T08:08:54","modified_gmt":"2026-02-26T07:08:54","slug":"contacto","status":"publish","type":"page","link":"https:\/\/gruponogar.com\/pt-pt\/contacto\/","title":{"rendered":"Contacto"},"content":{"rendered":"\n<div class=\"wpcf7 no-js\" id=\"wpcf7-f12756-o1\" lang=\"pt-PT\" dir=\"ltr\">\n<div class=\"screen-reader-response\"><p role=\"status\" aria-live=\"polite\" aria-atomic=\"true\"><\/p> <ul><\/ul><\/div>\n<form action=\"\/pt-pt\/wp-json\/wp\/v2\/pages\/12580#wpcf7-f12756-o1\" method=\"post\" class=\"wpcf7-form init\" aria-label=\"Formul\u00e1rio de contacto\" novalidate=\"novalidate\" data-status=\"init\">\n<div style=\"display: none;\">\n<input type=\"hidden\" name=\"_wpcf7\" value=\"12756\" \/>\n<input type=\"hidden\" name=\"_wpcf7_version\" value=\"5.7.7\" \/>\n<input type=\"hidden\" name=\"_wpcf7_locale\" value=\"pt_PT\" \/>\n<input type=\"hidden\" name=\"_wpcf7_unit_tag\" value=\"wpcf7-f12756-o1\" \/>\n<input type=\"hidden\" name=\"_wpcf7_container_post\" value=\"0\" \/>\n<input type=\"hidden\" name=\"_wpcf7_posted_data_hash\" value=\"\" \/>\n<input type=\"hidden\" name=\"_wpcf7_recaptcha_response\" value=\"\" \/>\n<\/div>\n<div class=\"gdlr-core-input-wrap gdlr-core-large gdlr-core-full-width gdlr-core-with-column gdlr-core-no-border\">\n\t<div class=\"gdlr-core-column-60\">\n\t\t<p><span class=\"wpcf7-form-control-wrap\" data-name=\"your-name\"><input size=\"40\" class=\"wpcf7-form-control wpcf7-text wpcf7-validates-as-required\" aria-required=\"true\" aria-invalid=\"false\" placeholder=\"Nome e apelidos*\" value=\"\" type=\"text\" name=\"your-name\" \/><\/span>\n\t\t<\/p>\n\t<\/div>\n\t<div class=\"clear\">\n\t<\/div>\n\t<div class=\"gdlr-core-column-60\">\n\t\t<p><span class=\"wpcf7-form-control-wrap\" data-name=\"your-email\"><input size=\"40\" class=\"wpcf7-form-control wpcf7-text wpcf7-email wpcf7-validates-as-required wpcf7-validates-as-email\" aria-required=\"true\" aria-invalid=\"false\" placeholder=\"E-mail*\" value=\"\" type=\"email\" name=\"your-email\" \/><\/span>\n\t\t<\/p>\n\t<\/div>\n\t<div class=\"clear\">\n\t<\/div>\n\t<div class=\"gdlr-core-column-60\">\n\t\t<p><span class=\"wpcf7-form-control-wrap\" data-name=\"your-subject\"><input size=\"40\" class=\"wpcf7-form-control wpcf7-text wpcf7-validates-as-required\" aria-required=\"true\" aria-invalid=\"false\" placeholder=\"Assunto*\" value=\"\" type=\"text\" name=\"your-subject\" \/><\/span>\n\t\t<\/p>\n\t<\/div>\n\t<div class=\"clear\">\n\t<\/div>\n\t<div class=\"gdlr-core-column-60\">\n\t\t<p><span class=\"wpcf7-form-control-wrap\" data-name=\"your-message\"><textarea cols=\"40\" rows=\"10\" class=\"wpcf7-form-control wpcf7-textarea wpcf7-validates-as-required\" aria-required=\"true\" aria-invalid=\"false\" placeholder=\"Mensagem*\" name=\"your-message\"><\/textarea><\/span>\n\t\t<\/p>\n\t<\/div>\n\t<div class=\"clear\">\n\t<\/div>\n\t<div class=\"gdlr-core-column-60 condiciones\">\n\t\t<p>Em conformidade com a legisla\u00e7\u00e3o em vigor, em mat\u00e9ria de prote\u00e7\u00e3o de dados, o Regulamento (UE) 2016\/679, do Parlamento Europeu e do Conselho, de 27 de abril de 2016 (RGPD), a Lei Org\u00e2nica relativa \u00e0 Prote\u00e7\u00e3o de Dados de Car\u00e1ter Pessoal e Garantia dos Direitos Digitais (LOPDGDD, Lei 3\/2018, de 5 de dezembro de 2018), fornecemos-lhe as informa\u00e7\u00f5es abaixo, as quais dever\u00e1 ler antes de autorizar o tratamento dos seus dados pessoais:\n\t\t<\/p>\n\t\t<ul>\n\t\t\t<li>\n\t\t\t\t<p><strong>Respons\u00e1vel pelo tratamento:<\/strong> SERVINOGA, S.L., com NIF: B-36.301.109 e sede social em Muelle Comercial s\/n 36900 Mar\u00edn \u2013 Pontevedra. <i>E-mail<\/i>: rgpd@gruponogar.com\n\t\t\t\t<\/p>\n\t\t\t<\/li>\n\t\t\t<li>\n\t\t\t\t<p><strong>Finalidades do tratamento:<\/strong> Os dados pessoais fornecidos ser\u00e3o utilizados para a gest\u00e3o de dados de contacto comerciais e de potenciais clientes. Encontra-se igualmente prevista a finalidade de publicidade e de prospe\u00e7\u00e3o comercial, para a qual \u00e9 solicitado o consentimento expresso da pessoa em causa.\n\t\t\t\t<\/p>\n\t\t\t<\/li>\n\t\t\t<li>\n\t\t\t\t<p><strong>Legitima\u00e7\u00e3o:<\/strong> consentimento expresso por parte da pessoa a quem os dados dizem respeito.\n\t\t\t\t<\/p>\n\t\t\t<\/li>\n\t\t\t<li>\n\t\t\t\t<p><strong>Destinat\u00e1rios:<\/strong> Os seus dados podem ser cedidos a outras empresas do Grupo Nogar para a gest\u00e3o de dados de contactos comerciais e clientes potenciais. n\u00e3o ser\u00e3o feitas quaisquer transfer\u00eancias internacionais de dados.\n\t\t\t\t<\/p>\n\t\t\t<\/li>\n\t\t\t<li>\n\t\t\t\t<p><strong>Direitos:<\/strong> tem o direito de aceder, retificar e apagar os dados, assim como outros direitos, conforme explicado nas informa\u00e7\u00f5es adicionais.\n\t\t\t\t<\/p>\n\t\t\t<\/li>\n\t\t\t<li>\n\t\t\t\t<p><strong>Informa\u00e7\u00e3o adicional:<\/strong> Poder\u00e1 encontrar as informa\u00e7\u00f5es adicionais na Pol\u00edtica de Privacidade e Prote\u00e7\u00e3o de Dados da empresa, dispon\u00edvel <a href=\"\/politica-de-privacidad\/\" target=\"_blank\">aqui<\/a>.\n\t\t\t\t<\/p>\n\t\t\t<\/li>\n\t\t<\/ul>\n\t\t<div class=\"casilla\">\n\t\t\t<p><span class=\"wpcf7-form-control-wrap\" data-name=\"acceptance-403\"><span class=\"wpcf7-form-control wpcf7-acceptance\"><span class=\"wpcf7-list-item\"><label><input type=\"checkbox\" name=\"acceptance-403\" value=\"1\" aria-invalid=\"false\" \/><span class=\"wpcf7-list-item-label\">O\/a interessado\/a declara ter mais de 16 anos e que d\u00e1 o seu consentimento para o tratamento dos seus dados de car\u00e1ter pessoal, em conformidade com as informa\u00e7\u00f5es fornecidas e as condi\u00e7\u00f5es estabelecidas na Pol\u00edtica de Prote\u00e7\u00e3o de Dados. De igual modo, declara que os dados que nos forneceu s\u00e3o exatos e verdadeiros e compromete-se a comunicar \u00e0 SERVINOGA, S.L., Muelle Comercial s\/n 36900 Mar\u00edn \u2013 Pontevedra, por escrito ou por <i>e-mail <\/i>para: <a href=\"rgpd@gruponogar.com\" target=\"_blank\">rgpd@gruponogar.com<\/a>, qualquer emenda ou altera\u00e7\u00e3o que possa ocorrer nos referidos dados.<\/a><\/span><\/label><\/span><\/span><\/span>\n\t\t\t<\/p>\n\t\t<\/div>\n\t<\/div>\n\t<div class=\"clear\">\n\t<\/div>\n\t<div class=\"gdlr-core-column-60 gdlr-core-left-align\">\n\t\t<p><input class=\"wpcf7-form-control has-spinner wpcf7-submit gdlr-core-large\" type=\"submit\" value=\"Enviar\" \/>\n\t\t<\/p>\n\t<\/div>\n<\/div><div class=\"wpcf7-response-output\" aria-hidden=\"true\"><\/div>\n<\/form>\n<\/div>\n\n","protected":false},"excerpt":{"rendered":"","protected":false},"author":1,"featured_media":0,"parent":0,"menu_order":0,"comment_status":"closed","ping_status":"closed","template":"","meta":[],"yoast_head":"<!-- This site is optimized with the Yoast SEO plugin v20.12 - https:\/\/yoast.com\/wordpress\/plugins\/seo\/ -->\n<title>Contacto<\/title>\n<meta name=\"description\" content=\"Conhe\u00e7a as nossas sedes e todas as nossas delega\u00e7\u00f5es\" \/>\n<meta name=\"robots\" content=\"index, follow, max-snippet:-1, max-image-preview:large, max-video-preview:-1\" \/>\n<link rel=\"canonical\" href=\"https:\/\/gruponogar.com\/pt-pt\/contacto\/\" \/>\n<meta property=\"og:locale\" content=\"pt_PT\" \/>\n<meta property=\"og:type\" content=\"article\" \/>\n<meta property=\"og:title\" content=\"Contacto\" \/>\n<meta property=\"og:description\" content=\"Conhe\u00e7a as nossas sedes e todas as nossas delega\u00e7\u00f5es\" \/>\n<meta property=\"og:url\" content=\"https:\/\/gruponogar.com\/pt-pt\/contacto\/\" \/>\n<meta property=\"og:site_name\" content=\"Grupo Nogar - Log\u00edstica portuaria y comercio mar\u00edtimo\" \/>\n<meta property=\"article:modified_time\" content=\"2026-02-26T07:08:54+00:00\" \/>\n<meta name=\"twitter:card\" content=\"summary_large_image\" \/>\n<meta name=\"twitter:label1\" content=\"Tempo estimado de leitura\" \/>\n\t<meta name=\"twitter:data1\" content=\"1 minuto\" \/>\n<script type=\"application\/ld+json\" class=\"yoast-schema-graph\">{\"@context\":\"https:\/\/schema.org\",\"@graph\":[{\"@type\":\"WebPage\",\"@id\":\"https:\/\/gruponogar.com\/pt-pt\/contacto\/\",\"url\":\"https:\/\/gruponogar.com\/pt-pt\/contacto\/\",\"name\":\"Contacto\",\"isPartOf\":{\"@id\":\"https:\/\/gruponogar.com\/#website\"},\"datePublished\":\"2022-01-28T08:32:31+00:00\",\"dateModified\":\"2026-02-26T07:08:54+00:00\",\"description\":\"Conhe\u00e7a as nossas sedes e todas as nossas delega\u00e7\u00f5es\",\"breadcrumb\":{\"@id\":\"https:\/\/gruponogar.com\/pt-pt\/contacto\/#breadcrumb\"},\"inLanguage\":\"pt-PT\",\"potentialAction\":[{\"@type\":\"ReadAction\",\"target\":[\"https:\/\/gruponogar.com\/pt-pt\/contacto\/\"]}]},{\"@type\":\"BreadcrumbList\",\"@id\":\"https:\/\/gruponogar.com\/pt-pt\/contacto\/#breadcrumb\",\"itemListElement\":[{\"@type\":\"ListItem\",\"position\":1,\"name\":\"Portada\",\"item\":\"https:\/\/gruponogar.com\/pt-pt\/\"},{\"@type\":\"ListItem\",\"position\":2,\"name\":\"Contacto\"}]},{\"@type\":\"WebSite\",\"@id\":\"https:\/\/gruponogar.com\/#website\",\"url\":\"https:\/\/gruponogar.com\/\",\"name\":\"Grupo Nogar - Log\u00edstica portuaria y comercio mar\u00edtimo\",\"description\":\"GrupoNogar es referente en el mundo mar\u00edtimo-portuario, log\u00edstico y comercial\",\"potentialAction\":[{\"@type\":\"SearchAction\",\"target\":{\"@type\":\"EntryPoint\",\"urlTemplate\":\"https:\/\/gruponogar.com\/?s={search_term_string}\"},\"query-input\":\"required name=search_term_string\"}],\"inLanguage\":\"pt-PT\"}]}<\/script>\n<!-- \/ Yoast SEO plugin. -->","yoast_head_json":{"title":"Contacto","description":"Conhe\u00e7a as nossas sedes e todas as nossas delega\u00e7\u00f5es","robots":{"index":"index","follow":"follow","max-snippet":"max-snippet:-1","max-image-preview":"max-image-preview:large","max-video-preview":"max-video-preview:-1"},"canonical":"https:\/\/gruponogar.com\/pt-pt\/contacto\/","og_locale":"pt_PT","og_type":"article","og_title":"Contacto","og_description":"Conhe\u00e7a as nossas sedes e todas as nossas delega\u00e7\u00f5es","og_url":"https:\/\/gruponogar.com\/pt-pt\/contacto\/","og_site_name":"Grupo Nogar - Log\u00edstica portuaria y comercio mar\u00edtimo","article_modified_time":"2026-02-26T07:08:54+00:00","twitter_card":"summary_large_image","twitter_misc":{"Tempo estimado de leitura":"1 minuto"},"schema":{"@context":"https:\/\/schema.org","@graph":[{"@type":"WebPage","@id":"https:\/\/gruponogar.com\/pt-pt\/contacto\/","url":"https:\/\/gruponogar.com\/pt-pt\/contacto\/","name":"Contacto","isPartOf":{"@id":"https:\/\/gruponogar.com\/#website"},"datePublished":"2022-01-28T08:32:31+00:00","dateModified":"2026-02-26T07:08:54+00:00","description":"Conhe\u00e7a as nossas sedes e todas as nossas delega\u00e7\u00f5es","breadcrumb":{"@id":"https:\/\/gruponogar.com\/pt-pt\/contacto\/#breadcrumb"},"inLanguage":"pt-PT","potentialAction":[{"@type":"ReadAction","target":["https:\/\/gruponogar.com\/pt-pt\/contacto\/"]}]},{"@type":"BreadcrumbList","@id":"https:\/\/gruponogar.com\/pt-pt\/contacto\/#breadcrumb","itemListElement":[{"@type":"ListItem","position":1,"name":"Portada","item":"https:\/\/gruponogar.com\/pt-pt\/"},{"@type":"ListItem","position":2,"name":"Contacto"}]},{"@type":"WebSite","@id":"https:\/\/gruponogar.com\/#website","url":"https:\/\/gruponogar.com\/","name":"Grupo Nogar - Log\u00edstica portuaria y comercio mar\u00edtimo","description":"GrupoNogar es referente en el mundo mar\u00edtimo-portuario, log\u00edstico y comercial","potentialAction":[{"@type":"SearchAction","target":{"@type":"EntryPoint","urlTemplate":"https:\/\/gruponogar.com\/?s={search_term_string}"},"query-input":"required name=search_term_string"}],"inLanguage":"pt-PT"}]}},"_links":{"self":[{"href":"https:\/\/gruponogar.com\/pt-pt\/wp-json\/wp\/v2\/pages\/12580"}],"collection":[{"href":"https:\/\/gruponogar.com\/pt-pt\/wp-json\/wp\/v2\/pages"}],"about":[{"href":"https:\/\/gruponogar.com\/pt-pt\/wp-json\/wp\/v2\/types\/page"}],"author":[{"embeddable":true,"href":"https:\/\/gruponogar.com\/pt-pt\/wp-json\/wp\/v2\/users\/1"}],"replies":[{"embeddable":true,"href":"https:\/\/gruponogar.com\/pt-pt\/wp-json\/wp\/v2\/comments?post=12580"}],"version-history":[{"count":2,"href":"https:\/\/gruponogar.com\/pt-pt\/wp-json\/wp\/v2\/pages\/12580\/revisions"}],"predecessor-version":[{"id":13201,"href":"https:\/\/gruponogar.com\/pt-pt\/wp-json\/wp\/v2\/pages\/12580\/revisions\/13201"}],"wp:attachment":[{"href":"https:\/\/gruponogar.com\/pt-pt\/wp-json\/wp\/v2\/media?parent=12580"}],"curies":[{"name":"wp","href":"https:\/\/api.w.org\/{rel}","templated":true}]}}