{"id":12614,"date":"2022-01-28T09:32:44","date_gmt":"2022-01-28T08:32:44","guid":{"rendered":"https:\/\/gruponogar.com\/armazenamento-de-mercadorias\/"},"modified":"2022-01-28T09:45:16","modified_gmt":"2022-01-28T08:45:16","slug":"armazenamento-de-mercadorias","status":"publish","type":"page","link":"https:\/\/gruponogar.com\/pt-pt\/servicos-logisticos\/armazenamento-de-mercadorias\/","title":{"rendered":"Armazenamento de mercadorias"},"content":{"rendered":"","protected":false},"excerpt":{"rendered":"","protected":false},"author":1,"featured_media":0,"parent":12711,"menu_order":2,"comment_status":"closed","ping_status":"closed","template":"","meta":[],"yoast_head":"<!-- This site is optimized with the Yoast SEO plugin v20.12 - https:\/\/yoast.com\/wordpress\/plugins\/seo\/ -->\n<title>Armazenamento de mercadorias<\/title>\n<meta name=\"description\" content=\"Fornecemos aos nossos clientes mais de 250 000 m2 em v\u00e1rios armaz\u00e9ns cobertos, o que nos permite armazenar mais de 800 000 toneladas de produtos agroalimentares a granel, e uma \u00e1rea descoberta que cobre amplamente qualquer necessidade que os nossos clientes possam ter.\" \/>\n<meta name=\"robots\" content=\"index, follow, max-snippet:-1, max-image-preview:large, max-video-preview:-1\" \/>\n<link rel=\"canonical\" href=\"https:\/\/gruponogar.com\/pt-pt\/servicos-logisticos\/armazenamento-de-mercadorias\/\" \/>\n<meta property=\"og:locale\" content=\"pt_PT\" \/>\n<meta property=\"og:type\" content=\"article\" \/>\n<meta property=\"og:title\" content=\"Armazenamento de mercadorias\" \/>\n<meta property=\"og:description\" content=\"Fornecemos aos nossos clientes mais de 250 000 m2 em v\u00e1rios armaz\u00e9ns cobertos, o que nos permite armazenar mais de 800 000 toneladas de produtos agroalimentares a granel, e uma \u00e1rea descoberta que cobre amplamente qualquer necessidade que os nossos clientes possam ter.\" \/>\n<meta property=\"og:url\" content=\"https:\/\/gruponogar.com\/pt-pt\/servicos-logisticos\/armazenamento-de-mercadorias\/\" \/>\n<meta property=\"og:site_name\" content=\"Grupo Nogar - Log\u00edstica portuaria y comercio mar\u00edtimo\" \/>\n<meta property=\"article:modified_time\" content=\"2022-01-28T08:45:16+00:00\" \/>\n<meta name=\"twitter:card\" content=\"summary_large_image\" \/>\n<script type=\"application\/ld+json\" class=\"yoast-schema-graph\">{\"@context\":\"https:\/\/schema.org\",\"@graph\":[{\"@type\":\"WebPage\",\"@id\":\"https:\/\/gruponogar.com\/pt-pt\/servicos-logisticos\/armazenamento-de-mercadorias\/\",\"url\":\"https:\/\/gruponogar.com\/pt-pt\/servicos-logisticos\/armazenamento-de-mercadorias\/\",\"name\":\"Armazenamento de mercadorias\",\"isPartOf\":{\"@id\":\"https:\/\/gruponogar.com\/#website\"},\"datePublished\":\"2022-01-28T08:32:44+00:00\",\"dateModified\":\"2022-01-28T08:45:16+00:00\",\"description\":\"Fornecemos aos nossos clientes mais de 250 000 m2 em v\u00e1rios armaz\u00e9ns cobertos, o que nos permite armazenar mais de 800 000 toneladas de produtos agroalimentares a granel, e uma \u00e1rea descoberta que cobre amplamente qualquer necessidade que os nossos clientes possam ter.\",\"breadcrumb\":{\"@id\":\"https:\/\/gruponogar.com\/pt-pt\/servicos-logisticos\/armazenamento-de-mercadorias\/#breadcrumb\"},\"inLanguage\":\"pt-PT\",\"potentialAction\":[{\"@type\":\"ReadAction\",\"target\":[\"https:\/\/gruponogar.com\/pt-pt\/servicos-logisticos\/armazenamento-de-mercadorias\/\"]}]},{\"@type\":\"BreadcrumbList\",\"@id\":\"https:\/\/gruponogar.com\/pt-pt\/servicos-logisticos\/armazenamento-de-mercadorias\/#breadcrumb\",\"itemListElement\":[{\"@type\":\"ListItem\",\"position\":1,\"name\":\"Portada\",\"item\":\"https:\/\/gruponogar.com\/pt-pt\/\"},{\"@type\":\"ListItem\",\"position\":2,\"name\":\"Servi\u00e7os log\u00edsticos\",\"item\":\"https:\/\/gruponogar.com\/pt-pt\/servicos-logisticos\/\"},{\"@type\":\"ListItem\",\"position\":3,\"name\":\"Armazenamento de mercadorias\"}]},{\"@type\":\"WebSite\",\"@id\":\"https:\/\/gruponogar.com\/#website\",\"url\":\"https:\/\/gruponogar.com\/\",\"name\":\"Grupo Nogar - Log\u00edstica portuaria y comercio mar\u00edtimo\",\"description\":\"GrupoNogar es referente en el mundo mar\u00edtimo-portuario, log\u00edstico y comercial\",\"potentialAction\":[{\"@type\":\"SearchAction\",\"target\":{\"@type\":\"EntryPoint\",\"urlTemplate\":\"https:\/\/gruponogar.com\/?s={search_term_string}\"},\"query-input\":\"required name=search_term_string\"}],\"inLanguage\":\"pt-PT\"}]}<\/script>\n<!-- \/ Yoast SEO plugin. -->","yoast_head_json":{"title":"Armazenamento de mercadorias","description":"Fornecemos aos nossos clientes mais de 250 000 m2 em v\u00e1rios armaz\u00e9ns cobertos, o que nos permite armazenar mais de 800 000 toneladas de produtos agroalimentares a granel, e uma \u00e1rea descoberta que cobre amplamente qualquer necessidade que os nossos clientes possam ter.","robots":{"index":"index","follow":"follow","max-snippet":"max-snippet:-1","max-image-preview":"max-image-preview:large","max-video-preview":"max-video-preview:-1"},"canonical":"https:\/\/gruponogar.com\/pt-pt\/servicos-logisticos\/armazenamento-de-mercadorias\/","og_locale":"pt_PT","og_type":"article","og_title":"Armazenamento de mercadorias","og_description":"Fornecemos aos nossos clientes mais de 250 000 m2 em v\u00e1rios armaz\u00e9ns cobertos, o que nos permite armazenar mais de 800 000 toneladas de produtos agroalimentares a granel, e uma \u00e1rea descoberta que cobre amplamente qualquer necessidade que os nossos clientes possam ter.","og_url":"https:\/\/gruponogar.com\/pt-pt\/servicos-logisticos\/armazenamento-de-mercadorias\/","og_site_name":"Grupo Nogar - Log\u00edstica portuaria y comercio mar\u00edtimo","article_modified_time":"2022-01-28T08:45:16+00:00","twitter_card":"summary_large_image","schema":{"@context":"https:\/\/schema.org","@graph":[{"@type":"WebPage","@id":"https:\/\/gruponogar.com\/pt-pt\/servicos-logisticos\/armazenamento-de-mercadorias\/","url":"https:\/\/gruponogar.com\/pt-pt\/servicos-logisticos\/armazenamento-de-mercadorias\/","name":"Armazenamento de mercadorias","isPartOf":{"@id":"https:\/\/gruponogar.com\/#website"},"datePublished":"2022-01-28T08:32:44+00:00","dateModified":"2022-01-28T08:45:16+00:00","description":"Fornecemos aos nossos clientes mais de 250 000 m2 em v\u00e1rios armaz\u00e9ns cobertos, o que nos permite armazenar mais de 800 000 toneladas de produtos agroalimentares a granel, e uma \u00e1rea descoberta que cobre amplamente qualquer necessidade que os nossos clientes possam ter.","breadcrumb":{"@id":"https:\/\/gruponogar.com\/pt-pt\/servicos-logisticos\/armazenamento-de-mercadorias\/#breadcrumb"},"inLanguage":"pt-PT","potentialAction":[{"@type":"ReadAction","target":["https:\/\/gruponogar.com\/pt-pt\/servicos-logisticos\/armazenamento-de-mercadorias\/"]}]},{"@type":"BreadcrumbList","@id":"https:\/\/gruponogar.com\/pt-pt\/servicos-logisticos\/armazenamento-de-mercadorias\/#breadcrumb","itemListElement":[{"@type":"ListItem","position":1,"name":"Portada","item":"https:\/\/gruponogar.com\/pt-pt\/"},{"@type":"ListItem","position":2,"name":"Servi\u00e7os log\u00edsticos","item":"https:\/\/gruponogar.com\/pt-pt\/servicos-logisticos\/"},{"@type":"ListItem","position":3,"name":"Armazenamento de mercadorias"}]},{"@type":"WebSite","@id":"https:\/\/gruponogar.com\/#website","url":"https:\/\/gruponogar.com\/","name":"Grupo Nogar - Log\u00edstica portuaria y comercio mar\u00edtimo","description":"GrupoNogar es referente en el mundo mar\u00edtimo-portuario, log\u00edstico y comercial","potentialAction":[{"@type":"SearchAction","target":{"@type":"EntryPoint","urlTemplate":"https:\/\/gruponogar.com\/?s={search_term_string}"},"query-input":"required name=search_term_string"}],"inLanguage":"pt-PT"}]}},"_links":{"self":[{"href":"https:\/\/gruponogar.com\/pt-pt\/wp-json\/wp\/v2\/pages\/12614"}],"collection":[{"href":"https:\/\/gruponogar.com\/pt-pt\/wp-json\/wp\/v2\/pages"}],"about":[{"href":"https:\/\/gruponogar.com\/pt-pt\/wp-json\/wp\/v2\/types\/page"}],"author":[{"embeddable":true,"href":"https:\/\/gruponogar.com\/pt-pt\/wp-json\/wp\/v2\/users\/1"}],"replies":[{"embeddable":true,"href":"https:\/\/gruponogar.com\/pt-pt\/wp-json\/wp\/v2\/comments?post=12614"}],"version-history":[{"count":1,"href":"https:\/\/gruponogar.com\/pt-pt\/wp-json\/wp\/v2\/pages\/12614\/revisions"}],"predecessor-version":[{"id":12694,"href":"https:\/\/gruponogar.com\/pt-pt\/wp-json\/wp\/v2\/pages\/12614\/revisions\/12694"}],"up":[{"embeddable":true,"href":"https:\/\/gruponogar.com\/pt-pt\/wp-json\/wp\/v2\/pages\/12711"}],"wp:attachment":[{"href":"https:\/\/gruponogar.com\/pt-pt\/wp-json\/wp\/v2\/media?parent=12614"}],"curies":[{"name":"wp","href":"https:\/\/api.w.org\/{rel}","templated":true}]}}