{"id":12615,"date":"2022-01-28T09:32:46","date_gmt":"2022-01-28T08:32:46","guid":{"rendered":"https:\/\/gruponogar.com\/delegacao-de-marin\/"},"modified":"2022-01-28T09:45:18","modified_gmt":"2022-01-28T08:45:18","slug":"delegacao-de-marin","status":"publish","type":"page","link":"https:\/\/gruponogar.com\/pt-pt\/contacto\/delegacoes\/delegacao-de-marin\/","title":{"rendered":"Delega\u00e7\u00e3o de Mar\u00edn"},"content":{"rendered":"","protected":false},"excerpt":{"rendered":"","protected":false},"author":1,"featured_media":0,"parent":12697,"menu_order":0,"comment_status":"closed","ping_status":"closed","template":"","meta":[],"yoast_head":"<!-- This site is optimized with the Yoast SEO plugin v20.12 - https:\/\/yoast.com\/wordpress\/plugins\/seo\/ -->\n<title>Delega\u00e7\u00e3o de Mar\u00edn<\/title>\n<meta name=\"description\" content=\"Sede | Mar\u00edn Muelle Comercial, s\/n 36900 Mar\u00edn Pontevedra Espanha\" \/>\n<meta name=\"robots\" content=\"index, follow, max-snippet:-1, max-image-preview:large, max-video-preview:-1\" \/>\n<link rel=\"canonical\" href=\"https:\/\/gruponogar.com\/contacto\/delegaciones\/delegacion-de-marin\/\" \/>\n<meta property=\"og:locale\" content=\"pt_PT\" \/>\n<meta property=\"og:type\" content=\"article\" \/>\n<meta property=\"og:title\" content=\"Delega\u00e7\u00e3o de Mar\u00edn\" \/>\n<meta property=\"og:description\" content=\"Sede | Mar\u00edn Muelle Comercial, s\/n 36900 Mar\u00edn Pontevedra Espanha\" \/>\n<meta property=\"og:url\" content=\"https:\/\/gruponogar.com\/contacto\/delegaciones\/delegacion-de-marin\/\" \/>\n<meta property=\"og:site_name\" content=\"Grupo Nogar - Log\u00edstica portuaria y comercio mar\u00edtimo\" \/>\n<meta property=\"article:modified_time\" content=\"2022-01-28T08:45:18+00:00\" \/>\n<meta name=\"twitter:card\" content=\"summary_large_image\" \/>\n<script type=\"application\/ld+json\" class=\"yoast-schema-graph\">{\"@context\":\"https:\/\/schema.org\",\"@graph\":[{\"@type\":\"WebPage\",\"@id\":\"https:\/\/gruponogar.com\/contacto\/delegaciones\/delegacion-de-marin\/\",\"url\":\"https:\/\/gruponogar.com\/contacto\/delegaciones\/delegacion-de-marin\/\",\"name\":\"Delega\u00e7\u00e3o de Mar\u00edn\",\"isPartOf\":{\"@id\":\"https:\/\/gruponogar.com\/#website\"},\"datePublished\":\"2022-01-28T08:32:46+00:00\",\"dateModified\":\"2022-01-28T08:45:18+00:00\",\"description\":\"Sede | Mar\u00edn Muelle Comercial, s\/n 36900 Mar\u00edn Pontevedra Espanha\",\"breadcrumb\":{\"@id\":\"https:\/\/gruponogar.com\/contacto\/delegaciones\/delegacion-de-marin\/#breadcrumb\"},\"inLanguage\":\"pt-PT\",\"potentialAction\":[{\"@type\":\"ReadAction\",\"target\":[\"https:\/\/gruponogar.com\/contacto\/delegaciones\/delegacion-de-marin\/\"]}]},{\"@type\":\"BreadcrumbList\",\"@id\":\"https:\/\/gruponogar.com\/contacto\/delegaciones\/delegacion-de-marin\/#breadcrumb\",\"itemListElement\":[{\"@type\":\"ListItem\",\"position\":1,\"name\":\"Portada\",\"item\":\"https:\/\/gruponogar.com\/pt-pt\/\"},{\"@type\":\"ListItem\",\"position\":2,\"name\":\"Contacto\",\"item\":\"https:\/\/gruponogar.com\/pt-pt\/contacto\/\"},{\"@type\":\"ListItem\",\"position\":3,\"name\":\"Delega\u00e7\u00f5es\",\"item\":\"https:\/\/gruponogar.com\/contacto\/delegaciones\/\"},{\"@type\":\"ListItem\",\"position\":4,\"name\":\"Delega\u00e7\u00e3o de Mar\u00edn\"}]},{\"@type\":\"WebSite\",\"@id\":\"https:\/\/gruponogar.com\/#website\",\"url\":\"https:\/\/gruponogar.com\/\",\"name\":\"Grupo Nogar - Log\u00edstica portuaria y comercio mar\u00edtimo\",\"description\":\"GrupoNogar es referente en el mundo mar\u00edtimo-portuario, log\u00edstico y comercial\",\"potentialAction\":[{\"@type\":\"SearchAction\",\"target\":{\"@type\":\"EntryPoint\",\"urlTemplate\":\"https:\/\/gruponogar.com\/?s={search_term_string}\"},\"query-input\":\"required name=search_term_string\"}],\"inLanguage\":\"pt-PT\"}]}<\/script>\n<!-- \/ Yoast SEO plugin. -->","yoast_head_json":{"title":"Delega\u00e7\u00e3o de Mar\u00edn","description":"Sede | Mar\u00edn Muelle Comercial, s\/n 36900 Mar\u00edn Pontevedra Espanha","robots":{"index":"index","follow":"follow","max-snippet":"max-snippet:-1","max-image-preview":"max-image-preview:large","max-video-preview":"max-video-preview:-1"},"canonical":"https:\/\/gruponogar.com\/contacto\/delegaciones\/delegacion-de-marin\/","og_locale":"pt_PT","og_type":"article","og_title":"Delega\u00e7\u00e3o de Mar\u00edn","og_description":"Sede | Mar\u00edn Muelle Comercial, s\/n 36900 Mar\u00edn Pontevedra Espanha","og_url":"https:\/\/gruponogar.com\/contacto\/delegaciones\/delegacion-de-marin\/","og_site_name":"Grupo Nogar - Log\u00edstica portuaria y comercio mar\u00edtimo","article_modified_time":"2022-01-28T08:45:18+00:00","twitter_card":"summary_large_image","schema":{"@context":"https:\/\/schema.org","@graph":[{"@type":"WebPage","@id":"https:\/\/gruponogar.com\/contacto\/delegaciones\/delegacion-de-marin\/","url":"https:\/\/gruponogar.com\/contacto\/delegaciones\/delegacion-de-marin\/","name":"Delega\u00e7\u00e3o de Mar\u00edn","isPartOf":{"@id":"https:\/\/gruponogar.com\/#website"},"datePublished":"2022-01-28T08:32:46+00:00","dateModified":"2022-01-28T08:45:18+00:00","description":"Sede | Mar\u00edn Muelle Comercial, s\/n 36900 Mar\u00edn Pontevedra Espanha","breadcrumb":{"@id":"https:\/\/gruponogar.com\/contacto\/delegaciones\/delegacion-de-marin\/#breadcrumb"},"inLanguage":"pt-PT","potentialAction":[{"@type":"ReadAction","target":["https:\/\/gruponogar.com\/contacto\/delegaciones\/delegacion-de-marin\/"]}]},{"@type":"BreadcrumbList","@id":"https:\/\/gruponogar.com\/contacto\/delegaciones\/delegacion-de-marin\/#breadcrumb","itemListElement":[{"@type":"ListItem","position":1,"name":"Portada","item":"https:\/\/gruponogar.com\/pt-pt\/"},{"@type":"ListItem","position":2,"name":"Contacto","item":"https:\/\/gruponogar.com\/pt-pt\/contacto\/"},{"@type":"ListItem","position":3,"name":"Delega\u00e7\u00f5es","item":"https:\/\/gruponogar.com\/contacto\/delegaciones\/"},{"@type":"ListItem","position":4,"name":"Delega\u00e7\u00e3o de Mar\u00edn"}]},{"@type":"WebSite","@id":"https:\/\/gruponogar.com\/#website","url":"https:\/\/gruponogar.com\/","name":"Grupo Nogar - Log\u00edstica portuaria y comercio mar\u00edtimo","description":"GrupoNogar es referente en el mundo mar\u00edtimo-portuario, log\u00edstico y comercial","potentialAction":[{"@type":"SearchAction","target":{"@type":"EntryPoint","urlTemplate":"https:\/\/gruponogar.com\/?s={search_term_string}"},"query-input":"required name=search_term_string"}],"inLanguage":"pt-PT"}]}},"_links":{"self":[{"href":"https:\/\/gruponogar.com\/pt-pt\/wp-json\/wp\/v2\/pages\/12615"}],"collection":[{"href":"https:\/\/gruponogar.com\/pt-pt\/wp-json\/wp\/v2\/pages"}],"about":[{"href":"https:\/\/gruponogar.com\/pt-pt\/wp-json\/wp\/v2\/types\/page"}],"author":[{"embeddable":true,"href":"https:\/\/gruponogar.com\/pt-pt\/wp-json\/wp\/v2\/users\/1"}],"replies":[{"embeddable":true,"href":"https:\/\/gruponogar.com\/pt-pt\/wp-json\/wp\/v2\/comments?post=12615"}],"version-history":[{"count":1,"href":"https:\/\/gruponogar.com\/pt-pt\/wp-json\/wp\/v2\/pages\/12615\/revisions"}],"predecessor-version":[{"id":12695,"href":"https:\/\/gruponogar.com\/pt-pt\/wp-json\/wp\/v2\/pages\/12615\/revisions\/12695"}],"up":[{"embeddable":true,"href":"https:\/\/gruponogar.com\/pt-pt\/wp-json\/wp\/v2\/pages\/12697"}],"wp:attachment":[{"href":"https:\/\/gruponogar.com\/pt-pt\/wp-json\/wp\/v2\/media?parent=12615"}],"curies":[{"name":"wp","href":"https:\/\/api.w.org\/{rel}","templated":true}]}}