{"id":12698,"date":"2022-01-28T09:45:27","date_gmt":"2022-01-28T08:45:27","guid":{"rendered":"https:\/\/gruponogar.com\/o-grupo\/qualidade-seguranca-e-ambiente\/"},"modified":"2026-02-06T12:43:16","modified_gmt":"2026-02-06T11:43:16","slug":"qualidade-seguranca-e-ambiente","status":"publish","type":"page","link":"https:\/\/gruponogar.com\/pt-pt\/o-grupo\/qualidade-seguranca-e-ambiente\/","title":{"rendered":"Qualidade, seguran\u00e7a e ambiente"},"content":{"rendered":"","protected":false},"excerpt":{"rendered":"","protected":false},"author":1,"featured_media":0,"parent":12581,"menu_order":7,"comment_status":"closed","ping_status":"closed","template":"","meta":[],"yoast_head":"<!-- This site is optimized with the Yoast SEO plugin v20.12 - https:\/\/yoast.com\/wordpress\/plugins\/seo\/ -->\n<title>Qualidade, seguran\u00e7a e ambiente<\/title>\n<meta name=\"description\" content=\"O objetivo deste m\u00e9todo \u00e9 estudar os pontos fracos, as amea\u00e7as, os pontos fortes e as oportunidades, com a finalidade de definir e compreender as mudan\u00e7as que ocorrem no mercado, com visto \u00e0 tomada de decis\u00f5es centradas na melhoria do servi\u00e7o ao cliente.\" \/>\n<meta name=\"robots\" content=\"index, follow, max-snippet:-1, max-image-preview:large, max-video-preview:-1\" \/>\n<link rel=\"canonical\" href=\"https:\/\/gruponogar.com\/pt-pt\/o-grupo\/qualidade-seguranca-e-ambiente\/\" \/>\n<meta property=\"og:locale\" content=\"pt_PT\" \/>\n<meta property=\"og:type\" content=\"article\" \/>\n<meta property=\"og:title\" content=\"Qualidade, seguran\u00e7a e ambiente\" \/>\n<meta property=\"og:description\" content=\"O objetivo deste m\u00e9todo \u00e9 estudar os pontos fracos, as amea\u00e7as, os pontos fortes e as oportunidades, com a finalidade de definir e compreender as mudan\u00e7as que ocorrem no mercado, com visto \u00e0 tomada de decis\u00f5es centradas na melhoria do servi\u00e7o ao cliente.\" \/>\n<meta property=\"og:url\" content=\"https:\/\/gruponogar.com\/pt-pt\/o-grupo\/qualidade-seguranca-e-ambiente\/\" \/>\n<meta property=\"og:site_name\" content=\"Grupo Nogar - Log\u00edstica portuaria y comercio mar\u00edtimo\" \/>\n<meta property=\"article:modified_time\" content=\"2026-02-06T11:43:16+00:00\" \/>\n<meta name=\"twitter:card\" content=\"summary_large_image\" \/>\n<script type=\"application\/ld+json\" class=\"yoast-schema-graph\">{\"@context\":\"https:\/\/schema.org\",\"@graph\":[{\"@type\":\"WebPage\",\"@id\":\"https:\/\/gruponogar.com\/pt-pt\/o-grupo\/qualidade-seguranca-e-ambiente\/\",\"url\":\"https:\/\/gruponogar.com\/pt-pt\/o-grupo\/qualidade-seguranca-e-ambiente\/\",\"name\":\"Qualidade, seguran\u00e7a e ambiente\",\"isPartOf\":{\"@id\":\"https:\/\/gruponogar.com\/#website\"},\"datePublished\":\"2022-01-28T08:45:27+00:00\",\"dateModified\":\"2026-02-06T11:43:16+00:00\",\"description\":\"O objetivo deste m\u00e9todo \u00e9 estudar os pontos fracos, as amea\u00e7as, os pontos fortes e as oportunidades, com a finalidade de definir e compreender as mudan\u00e7as que ocorrem no mercado, com visto \u00e0 tomada de decis\u00f5es centradas na melhoria do servi\u00e7o ao cliente.\",\"breadcrumb\":{\"@id\":\"https:\/\/gruponogar.com\/pt-pt\/o-grupo\/qualidade-seguranca-e-ambiente\/#breadcrumb\"},\"inLanguage\":\"pt-PT\",\"potentialAction\":[{\"@type\":\"ReadAction\",\"target\":[\"https:\/\/gruponogar.com\/pt-pt\/o-grupo\/qualidade-seguranca-e-ambiente\/\"]}]},{\"@type\":\"BreadcrumbList\",\"@id\":\"https:\/\/gruponogar.com\/pt-pt\/o-grupo\/qualidade-seguranca-e-ambiente\/#breadcrumb\",\"itemListElement\":[{\"@type\":\"ListItem\",\"position\":1,\"name\":\"Portada\",\"item\":\"https:\/\/gruponogar.com\/pt-pt\/\"},{\"@type\":\"ListItem\",\"position\":2,\"name\":\"O Grupo\",\"item\":\"https:\/\/gruponogar.com\/pt-pt\/o-grupo\/\"},{\"@type\":\"ListItem\",\"position\":3,\"name\":\"Qualidade, seguran\u00e7a e ambiente\"}]},{\"@type\":\"WebSite\",\"@id\":\"https:\/\/gruponogar.com\/#website\",\"url\":\"https:\/\/gruponogar.com\/\",\"name\":\"Grupo Nogar - Log\u00edstica portuaria y comercio mar\u00edtimo\",\"description\":\"GrupoNogar es referente en el mundo mar\u00edtimo-portuario, log\u00edstico y comercial\",\"potentialAction\":[{\"@type\":\"SearchAction\",\"target\":{\"@type\":\"EntryPoint\",\"urlTemplate\":\"https:\/\/gruponogar.com\/?s={search_term_string}\"},\"query-input\":\"required name=search_term_string\"}],\"inLanguage\":\"pt-PT\"}]}<\/script>\n<!-- \/ Yoast SEO plugin. -->","yoast_head_json":{"title":"Qualidade, seguran\u00e7a e ambiente","description":"O objetivo deste m\u00e9todo \u00e9 estudar os pontos fracos, as amea\u00e7as, os pontos fortes e as oportunidades, com a finalidade de definir e compreender as mudan\u00e7as que ocorrem no mercado, com visto \u00e0 tomada de decis\u00f5es centradas na melhoria do servi\u00e7o ao cliente.","robots":{"index":"index","follow":"follow","max-snippet":"max-snippet:-1","max-image-preview":"max-image-preview:large","max-video-preview":"max-video-preview:-1"},"canonical":"https:\/\/gruponogar.com\/pt-pt\/o-grupo\/qualidade-seguranca-e-ambiente\/","og_locale":"pt_PT","og_type":"article","og_title":"Qualidade, seguran\u00e7a e ambiente","og_description":"O objetivo deste m\u00e9todo \u00e9 estudar os pontos fracos, as amea\u00e7as, os pontos fortes e as oportunidades, com a finalidade de definir e compreender as mudan\u00e7as que ocorrem no mercado, com visto \u00e0 tomada de decis\u00f5es centradas na melhoria do servi\u00e7o ao cliente.","og_url":"https:\/\/gruponogar.com\/pt-pt\/o-grupo\/qualidade-seguranca-e-ambiente\/","og_site_name":"Grupo Nogar - Log\u00edstica portuaria y comercio mar\u00edtimo","article_modified_time":"2026-02-06T11:43:16+00:00","twitter_card":"summary_large_image","schema":{"@context":"https:\/\/schema.org","@graph":[{"@type":"WebPage","@id":"https:\/\/gruponogar.com\/pt-pt\/o-grupo\/qualidade-seguranca-e-ambiente\/","url":"https:\/\/gruponogar.com\/pt-pt\/o-grupo\/qualidade-seguranca-e-ambiente\/","name":"Qualidade, seguran\u00e7a e ambiente","isPartOf":{"@id":"https:\/\/gruponogar.com\/#website"},"datePublished":"2022-01-28T08:45:27+00:00","dateModified":"2026-02-06T11:43:16+00:00","description":"O objetivo deste m\u00e9todo \u00e9 estudar os pontos fracos, as amea\u00e7as, os pontos fortes e as oportunidades, com a finalidade de definir e compreender as mudan\u00e7as que ocorrem no mercado, com visto \u00e0 tomada de decis\u00f5es centradas na melhoria do servi\u00e7o ao cliente.","breadcrumb":{"@id":"https:\/\/gruponogar.com\/pt-pt\/o-grupo\/qualidade-seguranca-e-ambiente\/#breadcrumb"},"inLanguage":"pt-PT","potentialAction":[{"@type":"ReadAction","target":["https:\/\/gruponogar.com\/pt-pt\/o-grupo\/qualidade-seguranca-e-ambiente\/"]}]},{"@type":"BreadcrumbList","@id":"https:\/\/gruponogar.com\/pt-pt\/o-grupo\/qualidade-seguranca-e-ambiente\/#breadcrumb","itemListElement":[{"@type":"ListItem","position":1,"name":"Portada","item":"https:\/\/gruponogar.com\/pt-pt\/"},{"@type":"ListItem","position":2,"name":"O Grupo","item":"https:\/\/gruponogar.com\/pt-pt\/o-grupo\/"},{"@type":"ListItem","position":3,"name":"Qualidade, seguran\u00e7a e ambiente"}]},{"@type":"WebSite","@id":"https:\/\/gruponogar.com\/#website","url":"https:\/\/gruponogar.com\/","name":"Grupo Nogar - Log\u00edstica portuaria y comercio mar\u00edtimo","description":"GrupoNogar es referente en el mundo mar\u00edtimo-portuario, log\u00edstico y comercial","potentialAction":[{"@type":"SearchAction","target":{"@type":"EntryPoint","urlTemplate":"https:\/\/gruponogar.com\/?s={search_term_string}"},"query-input":"required name=search_term_string"}],"inLanguage":"pt-PT"}]}},"_links":{"self":[{"href":"https:\/\/gruponogar.com\/pt-pt\/wp-json\/wp\/v2\/pages\/12698"}],"collection":[{"href":"https:\/\/gruponogar.com\/pt-pt\/wp-json\/wp\/v2\/pages"}],"about":[{"href":"https:\/\/gruponogar.com\/pt-pt\/wp-json\/wp\/v2\/types\/page"}],"author":[{"embeddable":true,"href":"https:\/\/gruponogar.com\/pt-pt\/wp-json\/wp\/v2\/users\/1"}],"replies":[{"embeddable":true,"href":"https:\/\/gruponogar.com\/pt-pt\/wp-json\/wp\/v2\/comments?post=12698"}],"version-history":[{"count":5,"href":"https:\/\/gruponogar.com\/pt-pt\/wp-json\/wp\/v2\/pages\/12698\/revisions"}],"predecessor-version":[{"id":40717,"href":"https:\/\/gruponogar.com\/pt-pt\/wp-json\/wp\/v2\/pages\/12698\/revisions\/40717"}],"up":[{"embeddable":true,"href":"https:\/\/gruponogar.com\/pt-pt\/wp-json\/wp\/v2\/pages\/12581"}],"wp:attachment":[{"href":"https:\/\/gruponogar.com\/pt-pt\/wp-json\/wp\/v2\/media?parent=12698"}],"curies":[{"name":"wp","href":"https:\/\/api.w.org\/{rel}","templated":true}]}}