{"id":12699,"date":"2022-01-28T09:45:30","date_gmt":"2022-01-28T08:45:30","guid":{"rendered":"https:\/\/gruponogar.com\/centrais-hidroeletricas\/"},"modified":"2022-01-28T09:45:30","modified_gmt":"2022-01-28T08:45:30","slug":"centrais-hidroeletricas","status":"publish","type":"page","link":"https:\/\/gruponogar.com\/pt-pt\/energias-renovaveis\/centrais-hidroeletricas\/","title":{"rendered":"Centrais hidroel\u00e9tricas"},"content":{"rendered":"","protected":false},"excerpt":{"rendered":"","protected":false},"author":1,"featured_media":0,"parent":12700,"menu_order":0,"comment_status":"closed","ping_status":"closed","template":"","meta":[],"yoast_head":"<!-- This site is optimized with the Yoast SEO plugin v20.12 - https:\/\/yoast.com\/wordpress\/plugins\/seo\/ -->\n<title>Centrais hidroel\u00e9tricas Produ\u00e7\u00e3o hidroel\u00e9trica no Brasil.<\/title>\n<meta name=\"description\" content=\"A nossa central hidroel\u00e9trica \u00abAdo Popinhak\u00bb, no rio Canoas, que pertence \u00e0 bacia hidrogr\u00e1fica do rio Uruguai, encontra-se localizada no estado de Santa Catarina, Brasil.\" \/>\n<meta name=\"robots\" content=\"index, follow, max-snippet:-1, max-image-preview:large, max-video-preview:-1\" \/>\n<link rel=\"canonical\" href=\"https:\/\/gruponogar.com\/energias-renovables\/centrales-hidroelectricas\/\" \/>\n<meta property=\"og:locale\" content=\"pt_PT\" \/>\n<meta property=\"og:type\" content=\"article\" \/>\n<meta property=\"og:title\" content=\"Centrais hidroel\u00e9tricas Produ\u00e7\u00e3o hidroel\u00e9trica no Brasil.\" \/>\n<meta property=\"og:description\" content=\"A nossa central hidroel\u00e9trica \u00abAdo Popinhak\u00bb, no rio Canoas, que pertence \u00e0 bacia hidrogr\u00e1fica do rio Uruguai, encontra-se localizada no estado de Santa Catarina, Brasil.\" \/>\n<meta property=\"og:url\" content=\"https:\/\/gruponogar.com\/energias-renovables\/centrales-hidroelectricas\/\" \/>\n<meta property=\"og:site_name\" content=\"Grupo Nogar - Log\u00edstica portuaria y comercio mar\u00edtimo\" \/>\n<meta name=\"twitter:card\" content=\"summary_large_image\" \/>\n<script type=\"application\/ld+json\" class=\"yoast-schema-graph\">{\"@context\":\"https:\/\/schema.org\",\"@graph\":[{\"@type\":\"WebPage\",\"@id\":\"https:\/\/gruponogar.com\/energias-renovables\/centrales-hidroelectricas\/\",\"url\":\"https:\/\/gruponogar.com\/energias-renovables\/centrales-hidroelectricas\/\",\"name\":\"Centrais hidroel\u00e9tricas Produ\u00e7\u00e3o hidroel\u00e9trica no Brasil.\",\"isPartOf\":{\"@id\":\"https:\/\/gruponogar.com\/#website\"},\"datePublished\":\"2022-01-28T08:45:30+00:00\",\"dateModified\":\"2022-01-28T08:45:30+00:00\",\"description\":\"A nossa central hidroel\u00e9trica \u00abAdo Popinhak\u00bb, no rio Canoas, que pertence \u00e0 bacia hidrogr\u00e1fica do rio Uruguai, encontra-se localizada no estado de Santa Catarina, Brasil.\",\"breadcrumb\":{\"@id\":\"https:\/\/gruponogar.com\/energias-renovables\/centrales-hidroelectricas\/#breadcrumb\"},\"inLanguage\":\"pt-PT\",\"potentialAction\":[{\"@type\":\"ReadAction\",\"target\":[\"https:\/\/gruponogar.com\/energias-renovables\/centrales-hidroelectricas\/\"]}]},{\"@type\":\"BreadcrumbList\",\"@id\":\"https:\/\/gruponogar.com\/energias-renovables\/centrales-hidroelectricas\/#breadcrumb\",\"itemListElement\":[{\"@type\":\"ListItem\",\"position\":1,\"name\":\"Portada\",\"item\":\"https:\/\/gruponogar.com\/pt-pt\/\"},{\"@type\":\"ListItem\",\"position\":2,\"name\":\"Energias renov\u00e1veis\",\"item\":\"https:\/\/gruponogar.com\/energias-renovables\/\"},{\"@type\":\"ListItem\",\"position\":3,\"name\":\"Centrais hidroel\u00e9tricas\"}]},{\"@type\":\"WebSite\",\"@id\":\"https:\/\/gruponogar.com\/#website\",\"url\":\"https:\/\/gruponogar.com\/\",\"name\":\"Grupo Nogar - Log\u00edstica portuaria y comercio mar\u00edtimo\",\"description\":\"GrupoNogar es referente en el mundo mar\u00edtimo-portuario, log\u00edstico y comercial\",\"potentialAction\":[{\"@type\":\"SearchAction\",\"target\":{\"@type\":\"EntryPoint\",\"urlTemplate\":\"https:\/\/gruponogar.com\/?s={search_term_string}\"},\"query-input\":\"required name=search_term_string\"}],\"inLanguage\":\"pt-PT\"}]}<\/script>\n<!-- \/ Yoast SEO plugin. -->","yoast_head_json":{"title":"Centrais hidroel\u00e9tricas Produ\u00e7\u00e3o hidroel\u00e9trica no Brasil.","description":"A nossa central hidroel\u00e9trica \u00abAdo Popinhak\u00bb, no rio Canoas, que pertence \u00e0 bacia hidrogr\u00e1fica do rio Uruguai, encontra-se localizada no estado de Santa Catarina, Brasil.","robots":{"index":"index","follow":"follow","max-snippet":"max-snippet:-1","max-image-preview":"max-image-preview:large","max-video-preview":"max-video-preview:-1"},"canonical":"https:\/\/gruponogar.com\/energias-renovables\/centrales-hidroelectricas\/","og_locale":"pt_PT","og_type":"article","og_title":"Centrais hidroel\u00e9tricas Produ\u00e7\u00e3o hidroel\u00e9trica no Brasil.","og_description":"A nossa central hidroel\u00e9trica \u00abAdo Popinhak\u00bb, no rio Canoas, que pertence \u00e0 bacia hidrogr\u00e1fica do rio Uruguai, encontra-se localizada no estado de Santa Catarina, Brasil.","og_url":"https:\/\/gruponogar.com\/energias-renovables\/centrales-hidroelectricas\/","og_site_name":"Grupo Nogar - Log\u00edstica portuaria y comercio mar\u00edtimo","twitter_card":"summary_large_image","schema":{"@context":"https:\/\/schema.org","@graph":[{"@type":"WebPage","@id":"https:\/\/gruponogar.com\/energias-renovables\/centrales-hidroelectricas\/","url":"https:\/\/gruponogar.com\/energias-renovables\/centrales-hidroelectricas\/","name":"Centrais hidroel\u00e9tricas Produ\u00e7\u00e3o hidroel\u00e9trica no Brasil.","isPartOf":{"@id":"https:\/\/gruponogar.com\/#website"},"datePublished":"2022-01-28T08:45:30+00:00","dateModified":"2022-01-28T08:45:30+00:00","description":"A nossa central hidroel\u00e9trica \u00abAdo Popinhak\u00bb, no rio Canoas, que pertence \u00e0 bacia hidrogr\u00e1fica do rio Uruguai, encontra-se localizada no estado de Santa Catarina, Brasil.","breadcrumb":{"@id":"https:\/\/gruponogar.com\/energias-renovables\/centrales-hidroelectricas\/#breadcrumb"},"inLanguage":"pt-PT","potentialAction":[{"@type":"ReadAction","target":["https:\/\/gruponogar.com\/energias-renovables\/centrales-hidroelectricas\/"]}]},{"@type":"BreadcrumbList","@id":"https:\/\/gruponogar.com\/energias-renovables\/centrales-hidroelectricas\/#breadcrumb","itemListElement":[{"@type":"ListItem","position":1,"name":"Portada","item":"https:\/\/gruponogar.com\/pt-pt\/"},{"@type":"ListItem","position":2,"name":"Energias renov\u00e1veis","item":"https:\/\/gruponogar.com\/energias-renovables\/"},{"@type":"ListItem","position":3,"name":"Centrais hidroel\u00e9tricas"}]},{"@type":"WebSite","@id":"https:\/\/gruponogar.com\/#website","url":"https:\/\/gruponogar.com\/","name":"Grupo Nogar - Log\u00edstica portuaria y comercio mar\u00edtimo","description":"GrupoNogar es referente en el mundo mar\u00edtimo-portuario, log\u00edstico y comercial","potentialAction":[{"@type":"SearchAction","target":{"@type":"EntryPoint","urlTemplate":"https:\/\/gruponogar.com\/?s={search_term_string}"},"query-input":"required name=search_term_string"}],"inLanguage":"pt-PT"}]}},"_links":{"self":[{"href":"https:\/\/gruponogar.com\/pt-pt\/wp-json\/wp\/v2\/pages\/12699"}],"collection":[{"href":"https:\/\/gruponogar.com\/pt-pt\/wp-json\/wp\/v2\/pages"}],"about":[{"href":"https:\/\/gruponogar.com\/pt-pt\/wp-json\/wp\/v2\/types\/page"}],"author":[{"embeddable":true,"href":"https:\/\/gruponogar.com\/pt-pt\/wp-json\/wp\/v2\/users\/1"}],"replies":[{"embeddable":true,"href":"https:\/\/gruponogar.com\/pt-pt\/wp-json\/wp\/v2\/comments?post=12699"}],"version-history":[{"count":0,"href":"https:\/\/gruponogar.com\/pt-pt\/wp-json\/wp\/v2\/pages\/12699\/revisions"}],"up":[{"embeddable":true,"href":"https:\/\/gruponogar.com\/pt-pt\/wp-json\/wp\/v2\/pages\/12700"}],"wp:attachment":[{"href":"https:\/\/gruponogar.com\/pt-pt\/wp-json\/wp\/v2\/media?parent=12699"}],"curies":[{"name":"wp","href":"https:\/\/api.w.org\/{rel}","templated":true}]}}