{"id":12700,"date":"2022-01-28T09:45:32","date_gmt":"2022-01-28T08:45:32","guid":{"rendered":"https:\/\/gruponogar.com\/energias-renovaveis\/"},"modified":"2022-01-28T13:11:24","modified_gmt":"2022-01-28T12:11:24","slug":"energias-renovaveis","status":"publish","type":"page","link":"https:\/\/gruponogar.com\/pt-pt\/energias-renovaveis\/","title":{"rendered":"Energias renov\u00e1veis"},"content":{"rendered":"","protected":false},"excerpt":{"rendered":"","protected":false},"author":1,"featured_media":0,"parent":0,"menu_order":0,"comment_status":"closed","ping_status":"closed","template":"","meta":[],"yoast_head":"<!-- This site is optimized with the Yoast SEO plugin v20.12 - https:\/\/yoast.com\/wordpress\/plugins\/seo\/ -->\n<title>bg-solar-fotovoltaico<\/title>\n<meta name=\"description\" content=\"No nosso compromisso para com o ambiente, e ap\u00f3s uma d\u00e9cada de experi\u00eancia no setor e\u00f3lico brasileiro, continuamos a gerar energia limpa atrav\u00e9s de centrais hidroel\u00e9tricas no Brasil.\" \/>\n<meta name=\"robots\" content=\"index, follow, max-snippet:-1, max-image-preview:large, max-video-preview:-1\" \/>\n<link rel=\"canonical\" href=\"https:\/\/gruponogar.com\/energias-renovables\/\" \/>\n<meta property=\"og:locale\" content=\"pt_PT\" \/>\n<meta property=\"og:type\" content=\"article\" \/>\n<meta property=\"og:title\" content=\"bg-solar-fotovoltaico\" \/>\n<meta property=\"og:description\" content=\"No nosso compromisso para com o ambiente, e ap\u00f3s uma d\u00e9cada de experi\u00eancia no setor e\u00f3lico brasileiro, continuamos a gerar energia limpa atrav\u00e9s de centrais hidroel\u00e9tricas no Brasil.\" \/>\n<meta property=\"og:url\" content=\"https:\/\/gruponogar.com\/energias-renovables\/\" \/>\n<meta property=\"og:site_name\" content=\"Grupo Nogar - Log\u00edstica portuaria y comercio mar\u00edtimo\" \/>\n<meta property=\"article:modified_time\" content=\"2022-01-28T12:11:24+00:00\" \/>\n<meta name=\"twitter:card\" content=\"summary_large_image\" \/>\n<script type=\"application\/ld+json\" class=\"yoast-schema-graph\">{\"@context\":\"https:\/\/schema.org\",\"@graph\":[{\"@type\":\"WebPage\",\"@id\":\"https:\/\/gruponogar.com\/energias-renovables\/\",\"url\":\"https:\/\/gruponogar.com\/energias-renovables\/\",\"name\":\"bg-solar-fotovoltaico\",\"isPartOf\":{\"@id\":\"https:\/\/gruponogar.com\/#website\"},\"datePublished\":\"2022-01-28T08:45:32+00:00\",\"dateModified\":\"2022-01-28T12:11:24+00:00\",\"description\":\"No nosso compromisso para com o ambiente, e ap\u00f3s uma d\u00e9cada de experi\u00eancia no setor e\u00f3lico brasileiro, continuamos a gerar energia limpa atrav\u00e9s de centrais hidroel\u00e9tricas no Brasil.\",\"breadcrumb\":{\"@id\":\"https:\/\/gruponogar.com\/energias-renovables\/#breadcrumb\"},\"inLanguage\":\"pt-PT\",\"potentialAction\":[{\"@type\":\"ReadAction\",\"target\":[\"https:\/\/gruponogar.com\/energias-renovables\/\"]}]},{\"@type\":\"BreadcrumbList\",\"@id\":\"https:\/\/gruponogar.com\/energias-renovables\/#breadcrumb\",\"itemListElement\":[{\"@type\":\"ListItem\",\"position\":1,\"name\":\"Portada\",\"item\":\"https:\/\/gruponogar.com\/pt-pt\/\"},{\"@type\":\"ListItem\",\"position\":2,\"name\":\"Energias renov\u00e1veis\"}]},{\"@type\":\"WebSite\",\"@id\":\"https:\/\/gruponogar.com\/#website\",\"url\":\"https:\/\/gruponogar.com\/\",\"name\":\"Grupo Nogar - Log\u00edstica portuaria y comercio mar\u00edtimo\",\"description\":\"GrupoNogar es referente en el mundo mar\u00edtimo-portuario, log\u00edstico y comercial\",\"potentialAction\":[{\"@type\":\"SearchAction\",\"target\":{\"@type\":\"EntryPoint\",\"urlTemplate\":\"https:\/\/gruponogar.com\/?s={search_term_string}\"},\"query-input\":\"required name=search_term_string\"}],\"inLanguage\":\"pt-PT\"}]}<\/script>\n<!-- \/ Yoast SEO plugin. -->","yoast_head_json":{"title":"bg-solar-fotovoltaico","description":"No nosso compromisso para com o ambiente, e ap\u00f3s uma d\u00e9cada de experi\u00eancia no setor e\u00f3lico brasileiro, continuamos a gerar energia limpa atrav\u00e9s de centrais hidroel\u00e9tricas no Brasil.","robots":{"index":"index","follow":"follow","max-snippet":"max-snippet:-1","max-image-preview":"max-image-preview:large","max-video-preview":"max-video-preview:-1"},"canonical":"https:\/\/gruponogar.com\/energias-renovables\/","og_locale":"pt_PT","og_type":"article","og_title":"bg-solar-fotovoltaico","og_description":"No nosso compromisso para com o ambiente, e ap\u00f3s uma d\u00e9cada de experi\u00eancia no setor e\u00f3lico brasileiro, continuamos a gerar energia limpa atrav\u00e9s de centrais hidroel\u00e9tricas no Brasil.","og_url":"https:\/\/gruponogar.com\/energias-renovables\/","og_site_name":"Grupo Nogar - Log\u00edstica portuaria y comercio mar\u00edtimo","article_modified_time":"2022-01-28T12:11:24+00:00","twitter_card":"summary_large_image","schema":{"@context":"https:\/\/schema.org","@graph":[{"@type":"WebPage","@id":"https:\/\/gruponogar.com\/energias-renovables\/","url":"https:\/\/gruponogar.com\/energias-renovables\/","name":"bg-solar-fotovoltaico","isPartOf":{"@id":"https:\/\/gruponogar.com\/#website"},"datePublished":"2022-01-28T08:45:32+00:00","dateModified":"2022-01-28T12:11:24+00:00","description":"No nosso compromisso para com o ambiente, e ap\u00f3s uma d\u00e9cada de experi\u00eancia no setor e\u00f3lico brasileiro, continuamos a gerar energia limpa atrav\u00e9s de centrais hidroel\u00e9tricas no Brasil.","breadcrumb":{"@id":"https:\/\/gruponogar.com\/energias-renovables\/#breadcrumb"},"inLanguage":"pt-PT","potentialAction":[{"@type":"ReadAction","target":["https:\/\/gruponogar.com\/energias-renovables\/"]}]},{"@type":"BreadcrumbList","@id":"https:\/\/gruponogar.com\/energias-renovables\/#breadcrumb","itemListElement":[{"@type":"ListItem","position":1,"name":"Portada","item":"https:\/\/gruponogar.com\/pt-pt\/"},{"@type":"ListItem","position":2,"name":"Energias renov\u00e1veis"}]},{"@type":"WebSite","@id":"https:\/\/gruponogar.com\/#website","url":"https:\/\/gruponogar.com\/","name":"Grupo Nogar - Log\u00edstica portuaria y comercio mar\u00edtimo","description":"GrupoNogar es referente en el mundo mar\u00edtimo-portuario, log\u00edstico y comercial","potentialAction":[{"@type":"SearchAction","target":{"@type":"EntryPoint","urlTemplate":"https:\/\/gruponogar.com\/?s={search_term_string}"},"query-input":"required name=search_term_string"}],"inLanguage":"pt-PT"}]}},"_links":{"self":[{"href":"https:\/\/gruponogar.com\/pt-pt\/wp-json\/wp\/v2\/pages\/12700"}],"collection":[{"href":"https:\/\/gruponogar.com\/pt-pt\/wp-json\/wp\/v2\/pages"}],"about":[{"href":"https:\/\/gruponogar.com\/pt-pt\/wp-json\/wp\/v2\/types\/page"}],"author":[{"embeddable":true,"href":"https:\/\/gruponogar.com\/pt-pt\/wp-json\/wp\/v2\/users\/1"}],"replies":[{"embeddable":true,"href":"https:\/\/gruponogar.com\/pt-pt\/wp-json\/wp\/v2\/comments?post=12700"}],"version-history":[{"count":1,"href":"https:\/\/gruponogar.com\/pt-pt\/wp-json\/wp\/v2\/pages\/12700\/revisions"}],"predecessor-version":[{"id":12834,"href":"https:\/\/gruponogar.com\/pt-pt\/wp-json\/wp\/v2\/pages\/12700\/revisions\/12834"}],"wp:attachment":[{"href":"https:\/\/gruponogar.com\/pt-pt\/wp-json\/wp\/v2\/media?parent=12700"}],"curies":[{"name":"wp","href":"https:\/\/api.w.org\/{rel}","templated":true}]}}