{"id":12702,"date":"2022-01-28T09:45:39","date_gmt":"2022-01-28T08:45:39","guid":{"rendered":"https:\/\/gruponogar.com\/promocao-imobiliaria\/promocao-de-casas\/"},"modified":"2024-11-11T08:38:37","modified_gmt":"2024-11-11T07:38:37","slug":"promocao-de-casas","status":"publish","type":"page","link":"https:\/\/gruponogar.com\/pt-pt\/promocao-imobiliaria\/promocao-de-casas\/","title":{"rendered":"Promo\u00e7\u00e3o de casas"},"content":{"rendered":"","protected":false},"excerpt":{"rendered":"","protected":false},"author":1,"featured_media":0,"parent":12701,"menu_order":1,"comment_status":"closed","ping_status":"closed","template":"","meta":[],"yoast_head":"<!-- This site is optimized with the Yoast SEO plugin v20.12 - https:\/\/yoast.com\/wordpress\/plugins\/seo\/ -->\n<title>Promo\u00e7\u00e3o de casas<\/title>\n<meta name=\"description\" content=\"Os nossos empreendimentos habitacionais t\u00eam os melhores acabamentos e qualidades do mercado imobili\u00e1rio, com todo o tipo de detalhes. Atualmente, temos empreendimentos habitacionais para venda em Pontevedra, Santiago de Compostela e Sanxenxo.\" \/>\n<meta name=\"robots\" content=\"index, follow, max-snippet:-1, max-image-preview:large, max-video-preview:-1\" \/>\n<link rel=\"canonical\" href=\"https:\/\/gruponogar.com\/pt-pt\/promocao-imobiliaria\/promocao-de-casas\/\" \/>\n<meta property=\"og:locale\" content=\"pt_PT\" \/>\n<meta property=\"og:type\" content=\"article\" \/>\n<meta property=\"og:title\" content=\"Promo\u00e7\u00e3o de casas\" \/>\n<meta property=\"og:description\" content=\"Os nossos empreendimentos habitacionais t\u00eam os melhores acabamentos e qualidades do mercado imobili\u00e1rio, com todo o tipo de detalhes. Atualmente, temos empreendimentos habitacionais para venda em Pontevedra, Santiago de Compostela e Sanxenxo.\" \/>\n<meta property=\"og:url\" content=\"https:\/\/gruponogar.com\/pt-pt\/promocao-imobiliaria\/promocao-de-casas\/\" \/>\n<meta property=\"og:site_name\" content=\"Grupo Nogar - Log\u00edstica portuaria y comercio mar\u00edtimo\" \/>\n<meta property=\"article:modified_time\" content=\"2024-11-11T07:38:37+00:00\" \/>\n<meta name=\"twitter:card\" content=\"summary_large_image\" \/>\n<script type=\"application\/ld+json\" class=\"yoast-schema-graph\">{\"@context\":\"https:\/\/schema.org\",\"@graph\":[{\"@type\":\"WebPage\",\"@id\":\"https:\/\/gruponogar.com\/pt-pt\/promocao-imobiliaria\/promocao-de-casas\/\",\"url\":\"https:\/\/gruponogar.com\/pt-pt\/promocao-imobiliaria\/promocao-de-casas\/\",\"name\":\"Promo\u00e7\u00e3o de casas\",\"isPartOf\":{\"@id\":\"https:\/\/gruponogar.com\/#website\"},\"datePublished\":\"2022-01-28T08:45:39+00:00\",\"dateModified\":\"2024-11-11T07:38:37+00:00\",\"description\":\"Os nossos empreendimentos habitacionais t\u00eam os melhores acabamentos e qualidades do mercado imobili\u00e1rio, com todo o tipo de detalhes. Atualmente, temos empreendimentos habitacionais para venda em Pontevedra, Santiago de Compostela e Sanxenxo.\",\"breadcrumb\":{\"@id\":\"https:\/\/gruponogar.com\/pt-pt\/promocao-imobiliaria\/promocao-de-casas\/#breadcrumb\"},\"inLanguage\":\"pt-PT\",\"potentialAction\":[{\"@type\":\"ReadAction\",\"target\":[\"https:\/\/gruponogar.com\/pt-pt\/promocao-imobiliaria\/promocao-de-casas\/\"]}]},{\"@type\":\"BreadcrumbList\",\"@id\":\"https:\/\/gruponogar.com\/pt-pt\/promocao-imobiliaria\/promocao-de-casas\/#breadcrumb\",\"itemListElement\":[{\"@type\":\"ListItem\",\"position\":1,\"name\":\"Portada\",\"item\":\"https:\/\/gruponogar.com\/pt-pt\/\"},{\"@type\":\"ListItem\",\"position\":2,\"name\":\"Promo\u00e7\u00e3o Imobili\u00e1ria\",\"item\":\"https:\/\/gruponogar.com\/promocion-inmobiliaria\/\"},{\"@type\":\"ListItem\",\"position\":3,\"name\":\"Promo\u00e7\u00e3o de casas\"}]},{\"@type\":\"WebSite\",\"@id\":\"https:\/\/gruponogar.com\/#website\",\"url\":\"https:\/\/gruponogar.com\/\",\"name\":\"Grupo Nogar - Log\u00edstica portuaria y comercio mar\u00edtimo\",\"description\":\"GrupoNogar es referente en el mundo mar\u00edtimo-portuario, log\u00edstico y comercial\",\"potentialAction\":[{\"@type\":\"SearchAction\",\"target\":{\"@type\":\"EntryPoint\",\"urlTemplate\":\"https:\/\/gruponogar.com\/?s={search_term_string}\"},\"query-input\":\"required name=search_term_string\"}],\"inLanguage\":\"pt-PT\"}]}<\/script>\n<!-- \/ Yoast SEO plugin. -->","yoast_head_json":{"title":"Promo\u00e7\u00e3o de casas","description":"Os nossos empreendimentos habitacionais t\u00eam os melhores acabamentos e qualidades do mercado imobili\u00e1rio, com todo o tipo de detalhes. Atualmente, temos empreendimentos habitacionais para venda em Pontevedra, Santiago de Compostela e Sanxenxo.","robots":{"index":"index","follow":"follow","max-snippet":"max-snippet:-1","max-image-preview":"max-image-preview:large","max-video-preview":"max-video-preview:-1"},"canonical":"https:\/\/gruponogar.com\/pt-pt\/promocao-imobiliaria\/promocao-de-casas\/","og_locale":"pt_PT","og_type":"article","og_title":"Promo\u00e7\u00e3o de casas","og_description":"Os nossos empreendimentos habitacionais t\u00eam os melhores acabamentos e qualidades do mercado imobili\u00e1rio, com todo o tipo de detalhes. Atualmente, temos empreendimentos habitacionais para venda em Pontevedra, Santiago de Compostela e Sanxenxo.","og_url":"https:\/\/gruponogar.com\/pt-pt\/promocao-imobiliaria\/promocao-de-casas\/","og_site_name":"Grupo Nogar - Log\u00edstica portuaria y comercio mar\u00edtimo","article_modified_time":"2024-11-11T07:38:37+00:00","twitter_card":"summary_large_image","schema":{"@context":"https:\/\/schema.org","@graph":[{"@type":"WebPage","@id":"https:\/\/gruponogar.com\/pt-pt\/promocao-imobiliaria\/promocao-de-casas\/","url":"https:\/\/gruponogar.com\/pt-pt\/promocao-imobiliaria\/promocao-de-casas\/","name":"Promo\u00e7\u00e3o de casas","isPartOf":{"@id":"https:\/\/gruponogar.com\/#website"},"datePublished":"2022-01-28T08:45:39+00:00","dateModified":"2024-11-11T07:38:37+00:00","description":"Os nossos empreendimentos habitacionais t\u00eam os melhores acabamentos e qualidades do mercado imobili\u00e1rio, com todo o tipo de detalhes. Atualmente, temos empreendimentos habitacionais para venda em Pontevedra, Santiago de Compostela e Sanxenxo.","breadcrumb":{"@id":"https:\/\/gruponogar.com\/pt-pt\/promocao-imobiliaria\/promocao-de-casas\/#breadcrumb"},"inLanguage":"pt-PT","potentialAction":[{"@type":"ReadAction","target":["https:\/\/gruponogar.com\/pt-pt\/promocao-imobiliaria\/promocao-de-casas\/"]}]},{"@type":"BreadcrumbList","@id":"https:\/\/gruponogar.com\/pt-pt\/promocao-imobiliaria\/promocao-de-casas\/#breadcrumb","itemListElement":[{"@type":"ListItem","position":1,"name":"Portada","item":"https:\/\/gruponogar.com\/pt-pt\/"},{"@type":"ListItem","position":2,"name":"Promo\u00e7\u00e3o Imobili\u00e1ria","item":"https:\/\/gruponogar.com\/promocion-inmobiliaria\/"},{"@type":"ListItem","position":3,"name":"Promo\u00e7\u00e3o de casas"}]},{"@type":"WebSite","@id":"https:\/\/gruponogar.com\/#website","url":"https:\/\/gruponogar.com\/","name":"Grupo Nogar - Log\u00edstica portuaria y comercio mar\u00edtimo","description":"GrupoNogar es referente en el mundo mar\u00edtimo-portuario, log\u00edstico y comercial","potentialAction":[{"@type":"SearchAction","target":{"@type":"EntryPoint","urlTemplate":"https:\/\/gruponogar.com\/?s={search_term_string}"},"query-input":"required name=search_term_string"}],"inLanguage":"pt-PT"}]}},"_links":{"self":[{"href":"https:\/\/gruponogar.com\/pt-pt\/wp-json\/wp\/v2\/pages\/12702"}],"collection":[{"href":"https:\/\/gruponogar.com\/pt-pt\/wp-json\/wp\/v2\/pages"}],"about":[{"href":"https:\/\/gruponogar.com\/pt-pt\/wp-json\/wp\/v2\/types\/page"}],"author":[{"embeddable":true,"href":"https:\/\/gruponogar.com\/pt-pt\/wp-json\/wp\/v2\/users\/1"}],"replies":[{"embeddable":true,"href":"https:\/\/gruponogar.com\/pt-pt\/wp-json\/wp\/v2\/comments?post=12702"}],"version-history":[{"count":5,"href":"https:\/\/gruponogar.com\/pt-pt\/wp-json\/wp\/v2\/pages\/12702\/revisions"}],"predecessor-version":[{"id":39363,"href":"https:\/\/gruponogar.com\/pt-pt\/wp-json\/wp\/v2\/pages\/12702\/revisions\/39363"}],"up":[{"embeddable":true,"href":"https:\/\/gruponogar.com\/pt-pt\/wp-json\/wp\/v2\/pages\/12701"}],"wp:attachment":[{"href":"https:\/\/gruponogar.com\/pt-pt\/wp-json\/wp\/v2\/media?parent=12702"}],"curies":[{"name":"wp","href":"https:\/\/api.w.org\/{rel}","templated":true}]}}