{"id":12709,"date":"2022-01-28T09:45:55","date_gmt":"2022-01-28T08:45:55","guid":{"rendered":"https:\/\/gruponogar.com\/transporte-de-mercadorias\/"},"modified":"2022-01-28T09:45:55","modified_gmt":"2022-01-28T08:45:55","slug":"transporte-de-mercadorias","status":"publish","type":"page","link":"https:\/\/gruponogar.com\/pt-pt\/servicos-logisticos\/transporte-de-mercadorias\/","title":{"rendered":"Transporte de Mercadorias"},"content":{"rendered":"","protected":false},"excerpt":{"rendered":"","protected":false},"author":1,"featured_media":0,"parent":12711,"menu_order":2,"comment_status":"closed","ping_status":"closed","template":"","meta":[],"yoast_head":"<!-- This site is optimized with the Yoast SEO plugin v20.12 - https:\/\/yoast.com\/wordpress\/plugins\/seo\/ -->\n<title>Somos transportadores. Contamos com a nossa pr\u00f3pria ag\u00eancia e frota de cami\u00f5es<\/title>\n<meta name=\"description\" content=\"Somos transportadores. Contamos com a nossa pr\u00f3pria ag\u00eancia e frota de cami\u00f5es\" \/>\n<meta name=\"robots\" content=\"index, follow, max-snippet:-1, max-image-preview:large, max-video-preview:-1\" \/>\n<link rel=\"canonical\" href=\"https:\/\/gruponogar.com\/pt-pt\/servicos-logisticos\/transporte-de-mercadorias\/\" \/>\n<meta property=\"og:locale\" content=\"pt_PT\" \/>\n<meta property=\"og:type\" content=\"article\" \/>\n<meta property=\"og:title\" content=\"Somos transportadores. Contamos com a nossa pr\u00f3pria ag\u00eancia e frota de cami\u00f5es\" \/>\n<meta property=\"og:description\" content=\"Somos transportadores. Contamos com a nossa pr\u00f3pria ag\u00eancia e frota de cami\u00f5es\" \/>\n<meta property=\"og:url\" content=\"https:\/\/gruponogar.com\/pt-pt\/servicos-logisticos\/transporte-de-mercadorias\/\" \/>\n<meta property=\"og:site_name\" content=\"Grupo Nogar - Log\u00edstica portuaria y comercio mar\u00edtimo\" \/>\n<meta name=\"twitter:card\" content=\"summary_large_image\" \/>\n<script type=\"application\/ld+json\" class=\"yoast-schema-graph\">{\"@context\":\"https:\/\/schema.org\",\"@graph\":[{\"@type\":\"WebPage\",\"@id\":\"https:\/\/gruponogar.com\/pt-pt\/servicos-logisticos\/transporte-de-mercadorias\/\",\"url\":\"https:\/\/gruponogar.com\/pt-pt\/servicos-logisticos\/transporte-de-mercadorias\/\",\"name\":\"Somos transportadores. Contamos com a nossa pr\u00f3pria ag\u00eancia e frota de cami\u00f5es\",\"isPartOf\":{\"@id\":\"https:\/\/gruponogar.com\/#website\"},\"datePublished\":\"2022-01-28T08:45:55+00:00\",\"dateModified\":\"2022-01-28T08:45:55+00:00\",\"description\":\"Somos transportadores. Contamos com a nossa pr\u00f3pria ag\u00eancia e frota de cami\u00f5es\",\"breadcrumb\":{\"@id\":\"https:\/\/gruponogar.com\/pt-pt\/servicos-logisticos\/transporte-de-mercadorias\/#breadcrumb\"},\"inLanguage\":\"pt-PT\",\"potentialAction\":[{\"@type\":\"ReadAction\",\"target\":[\"https:\/\/gruponogar.com\/pt-pt\/servicos-logisticos\/transporte-de-mercadorias\/\"]}]},{\"@type\":\"BreadcrumbList\",\"@id\":\"https:\/\/gruponogar.com\/pt-pt\/servicos-logisticos\/transporte-de-mercadorias\/#breadcrumb\",\"itemListElement\":[{\"@type\":\"ListItem\",\"position\":1,\"name\":\"Portada\",\"item\":\"https:\/\/gruponogar.com\/pt-pt\/\"},{\"@type\":\"ListItem\",\"position\":2,\"name\":\"Servi\u00e7os log\u00edsticos\",\"item\":\"https:\/\/gruponogar.com\/pt-pt\/servicos-logisticos\/\"},{\"@type\":\"ListItem\",\"position\":3,\"name\":\"Transporte de Mercadorias\"}]},{\"@type\":\"WebSite\",\"@id\":\"https:\/\/gruponogar.com\/#website\",\"url\":\"https:\/\/gruponogar.com\/\",\"name\":\"Grupo Nogar - Log\u00edstica portuaria y comercio mar\u00edtimo\",\"description\":\"GrupoNogar es referente en el mundo mar\u00edtimo-portuario, log\u00edstico y comercial\",\"potentialAction\":[{\"@type\":\"SearchAction\",\"target\":{\"@type\":\"EntryPoint\",\"urlTemplate\":\"https:\/\/gruponogar.com\/?s={search_term_string}\"},\"query-input\":\"required name=search_term_string\"}],\"inLanguage\":\"pt-PT\"}]}<\/script>\n<!-- \/ Yoast SEO plugin. -->","yoast_head_json":{"title":"Somos transportadores. Contamos com a nossa pr\u00f3pria ag\u00eancia e frota de cami\u00f5es","description":"Somos transportadores. Contamos com a nossa pr\u00f3pria ag\u00eancia e frota de cami\u00f5es","robots":{"index":"index","follow":"follow","max-snippet":"max-snippet:-1","max-image-preview":"max-image-preview:large","max-video-preview":"max-video-preview:-1"},"canonical":"https:\/\/gruponogar.com\/pt-pt\/servicos-logisticos\/transporte-de-mercadorias\/","og_locale":"pt_PT","og_type":"article","og_title":"Somos transportadores. Contamos com a nossa pr\u00f3pria ag\u00eancia e frota de cami\u00f5es","og_description":"Somos transportadores. Contamos com a nossa pr\u00f3pria ag\u00eancia e frota de cami\u00f5es","og_url":"https:\/\/gruponogar.com\/pt-pt\/servicos-logisticos\/transporte-de-mercadorias\/","og_site_name":"Grupo Nogar - Log\u00edstica portuaria y comercio mar\u00edtimo","twitter_card":"summary_large_image","schema":{"@context":"https:\/\/schema.org","@graph":[{"@type":"WebPage","@id":"https:\/\/gruponogar.com\/pt-pt\/servicos-logisticos\/transporte-de-mercadorias\/","url":"https:\/\/gruponogar.com\/pt-pt\/servicos-logisticos\/transporte-de-mercadorias\/","name":"Somos transportadores. Contamos com a nossa pr\u00f3pria ag\u00eancia e frota de cami\u00f5es","isPartOf":{"@id":"https:\/\/gruponogar.com\/#website"},"datePublished":"2022-01-28T08:45:55+00:00","dateModified":"2022-01-28T08:45:55+00:00","description":"Somos transportadores. Contamos com a nossa pr\u00f3pria ag\u00eancia e frota de cami\u00f5es","breadcrumb":{"@id":"https:\/\/gruponogar.com\/pt-pt\/servicos-logisticos\/transporte-de-mercadorias\/#breadcrumb"},"inLanguage":"pt-PT","potentialAction":[{"@type":"ReadAction","target":["https:\/\/gruponogar.com\/pt-pt\/servicos-logisticos\/transporte-de-mercadorias\/"]}]},{"@type":"BreadcrumbList","@id":"https:\/\/gruponogar.com\/pt-pt\/servicos-logisticos\/transporte-de-mercadorias\/#breadcrumb","itemListElement":[{"@type":"ListItem","position":1,"name":"Portada","item":"https:\/\/gruponogar.com\/pt-pt\/"},{"@type":"ListItem","position":2,"name":"Servi\u00e7os log\u00edsticos","item":"https:\/\/gruponogar.com\/pt-pt\/servicos-logisticos\/"},{"@type":"ListItem","position":3,"name":"Transporte de Mercadorias"}]},{"@type":"WebSite","@id":"https:\/\/gruponogar.com\/#website","url":"https:\/\/gruponogar.com\/","name":"Grupo Nogar - Log\u00edstica portuaria y comercio mar\u00edtimo","description":"GrupoNogar es referente en el mundo mar\u00edtimo-portuario, log\u00edstico y comercial","potentialAction":[{"@type":"SearchAction","target":{"@type":"EntryPoint","urlTemplate":"https:\/\/gruponogar.com\/?s={search_term_string}"},"query-input":"required name=search_term_string"}],"inLanguage":"pt-PT"}]}},"_links":{"self":[{"href":"https:\/\/gruponogar.com\/pt-pt\/wp-json\/wp\/v2\/pages\/12709"}],"collection":[{"href":"https:\/\/gruponogar.com\/pt-pt\/wp-json\/wp\/v2\/pages"}],"about":[{"href":"https:\/\/gruponogar.com\/pt-pt\/wp-json\/wp\/v2\/types\/page"}],"author":[{"embeddable":true,"href":"https:\/\/gruponogar.com\/pt-pt\/wp-json\/wp\/v2\/users\/1"}],"replies":[{"embeddable":true,"href":"https:\/\/gruponogar.com\/pt-pt\/wp-json\/wp\/v2\/comments?post=12709"}],"version-history":[{"count":0,"href":"https:\/\/gruponogar.com\/pt-pt\/wp-json\/wp\/v2\/pages\/12709\/revisions"}],"up":[{"embeddable":true,"href":"https:\/\/gruponogar.com\/pt-pt\/wp-json\/wp\/v2\/pages\/12711"}],"wp:attachment":[{"href":"https:\/\/gruponogar.com\/pt-pt\/wp-json\/wp\/v2\/media?parent=12709"}],"curies":[{"name":"wp","href":"https:\/\/api.w.org\/{rel}","templated":true}]}}