{"id":12710,"date":"2022-01-28T09:45:57","date_gmt":"2022-01-28T08:45:57","guid":{"rendered":"https:\/\/gruponogar.com\/consignatario-de-navios\/"},"modified":"2022-01-28T11:48:56","modified_gmt":"2022-01-28T10:48:56","slug":"consignatario-de-navios","status":"publish","type":"page","link":"https:\/\/gruponogar.com\/pt-pt\/servicos-logisticos\/consignatario-de-navios\/","title":{"rendered":"Consignat\u00e1rio de navios"},"content":{"rendered":"","protected":false},"excerpt":{"rendered":"","protected":false},"author":1,"featured_media":0,"parent":12711,"menu_order":1,"comment_status":"closed","ping_status":"closed","template":"","meta":[],"yoast_head":"<!-- This site is optimized with the Yoast SEO plugin v20.12 - https:\/\/yoast.com\/wordpress\/plugins\/seo\/ -->\n<title>Consignat\u00e1rio de navios<\/title>\n<meta name=\"description\" content=\"Damos respostas a todas as suas necessidades relativas \u00e0s mercadorias, \u00e0s provis\u00f5es e a todos os pedidos que a tripula\u00e7\u00e3o do navio possa ter. A nossa inten\u00e7\u00e3o \u00e9 ser o seu parceiro local com os v\u00e1rios organismos portu\u00e1rios.\" \/>\n<meta name=\"robots\" content=\"index, follow, max-snippet:-1, max-image-preview:large, max-video-preview:-1\" \/>\n<link rel=\"canonical\" href=\"https:\/\/gruponogar.com\/pt-pt\/servicos-logisticos\/consignatario-de-navios\/\" \/>\n<meta property=\"og:locale\" content=\"pt_PT\" \/>\n<meta property=\"og:type\" content=\"article\" \/>\n<meta property=\"og:title\" content=\"Consignat\u00e1rio de navios\" \/>\n<meta property=\"og:description\" content=\"Damos respostas a todas as suas necessidades relativas \u00e0s mercadorias, \u00e0s provis\u00f5es e a todos os pedidos que a tripula\u00e7\u00e3o do navio possa ter. A nossa inten\u00e7\u00e3o \u00e9 ser o seu parceiro local com os v\u00e1rios organismos portu\u00e1rios.\" \/>\n<meta property=\"og:url\" content=\"https:\/\/gruponogar.com\/pt-pt\/servicos-logisticos\/consignatario-de-navios\/\" \/>\n<meta property=\"og:site_name\" content=\"Grupo Nogar - Log\u00edstica portuaria y comercio mar\u00edtimo\" \/>\n<meta property=\"article:modified_time\" content=\"2022-01-28T10:48:56+00:00\" \/>\n<meta name=\"twitter:card\" content=\"summary_large_image\" \/>\n<script type=\"application\/ld+json\" class=\"yoast-schema-graph\">{\"@context\":\"https:\/\/schema.org\",\"@graph\":[{\"@type\":\"WebPage\",\"@id\":\"https:\/\/gruponogar.com\/pt-pt\/servicos-logisticos\/consignatario-de-navios\/\",\"url\":\"https:\/\/gruponogar.com\/pt-pt\/servicos-logisticos\/consignatario-de-navios\/\",\"name\":\"Consignat\u00e1rio de navios\",\"isPartOf\":{\"@id\":\"https:\/\/gruponogar.com\/#website\"},\"datePublished\":\"2022-01-28T08:45:57+00:00\",\"dateModified\":\"2022-01-28T10:48:56+00:00\",\"description\":\"Damos respostas a todas as suas necessidades relativas \u00e0s mercadorias, \u00e0s provis\u00f5es e a todos os pedidos que a tripula\u00e7\u00e3o do navio possa ter. A nossa inten\u00e7\u00e3o \u00e9 ser o seu parceiro local com os v\u00e1rios organismos portu\u00e1rios.\",\"breadcrumb\":{\"@id\":\"https:\/\/gruponogar.com\/pt-pt\/servicos-logisticos\/consignatario-de-navios\/#breadcrumb\"},\"inLanguage\":\"pt-PT\",\"potentialAction\":[{\"@type\":\"ReadAction\",\"target\":[\"https:\/\/gruponogar.com\/pt-pt\/servicos-logisticos\/consignatario-de-navios\/\"]}]},{\"@type\":\"BreadcrumbList\",\"@id\":\"https:\/\/gruponogar.com\/pt-pt\/servicos-logisticos\/consignatario-de-navios\/#breadcrumb\",\"itemListElement\":[{\"@type\":\"ListItem\",\"position\":1,\"name\":\"Portada\",\"item\":\"https:\/\/gruponogar.com\/pt-pt\/\"},{\"@type\":\"ListItem\",\"position\":2,\"name\":\"Servi\u00e7os log\u00edsticos\",\"item\":\"https:\/\/gruponogar.com\/pt-pt\/servicos-logisticos\/\"},{\"@type\":\"ListItem\",\"position\":3,\"name\":\"Consignat\u00e1rio de navios\"}]},{\"@type\":\"WebSite\",\"@id\":\"https:\/\/gruponogar.com\/#website\",\"url\":\"https:\/\/gruponogar.com\/\",\"name\":\"Grupo Nogar - Log\u00edstica portuaria y comercio mar\u00edtimo\",\"description\":\"GrupoNogar es referente en el mundo mar\u00edtimo-portuario, log\u00edstico y comercial\",\"potentialAction\":[{\"@type\":\"SearchAction\",\"target\":{\"@type\":\"EntryPoint\",\"urlTemplate\":\"https:\/\/gruponogar.com\/?s={search_term_string}\"},\"query-input\":\"required name=search_term_string\"}],\"inLanguage\":\"pt-PT\"}]}<\/script>\n<!-- \/ Yoast SEO plugin. -->","yoast_head_json":{"title":"Consignat\u00e1rio de navios","description":"Damos respostas a todas as suas necessidades relativas \u00e0s mercadorias, \u00e0s provis\u00f5es e a todos os pedidos que a tripula\u00e7\u00e3o do navio possa ter. A nossa inten\u00e7\u00e3o \u00e9 ser o seu parceiro local com os v\u00e1rios organismos portu\u00e1rios.","robots":{"index":"index","follow":"follow","max-snippet":"max-snippet:-1","max-image-preview":"max-image-preview:large","max-video-preview":"max-video-preview:-1"},"canonical":"https:\/\/gruponogar.com\/pt-pt\/servicos-logisticos\/consignatario-de-navios\/","og_locale":"pt_PT","og_type":"article","og_title":"Consignat\u00e1rio de navios","og_description":"Damos respostas a todas as suas necessidades relativas \u00e0s mercadorias, \u00e0s provis\u00f5es e a todos os pedidos que a tripula\u00e7\u00e3o do navio possa ter. A nossa inten\u00e7\u00e3o \u00e9 ser o seu parceiro local com os v\u00e1rios organismos portu\u00e1rios.","og_url":"https:\/\/gruponogar.com\/pt-pt\/servicos-logisticos\/consignatario-de-navios\/","og_site_name":"Grupo Nogar - Log\u00edstica portuaria y comercio mar\u00edtimo","article_modified_time":"2022-01-28T10:48:56+00:00","twitter_card":"summary_large_image","schema":{"@context":"https:\/\/schema.org","@graph":[{"@type":"WebPage","@id":"https:\/\/gruponogar.com\/pt-pt\/servicos-logisticos\/consignatario-de-navios\/","url":"https:\/\/gruponogar.com\/pt-pt\/servicos-logisticos\/consignatario-de-navios\/","name":"Consignat\u00e1rio de navios","isPartOf":{"@id":"https:\/\/gruponogar.com\/#website"},"datePublished":"2022-01-28T08:45:57+00:00","dateModified":"2022-01-28T10:48:56+00:00","description":"Damos respostas a todas as suas necessidades relativas \u00e0s mercadorias, \u00e0s provis\u00f5es e a todos os pedidos que a tripula\u00e7\u00e3o do navio possa ter. A nossa inten\u00e7\u00e3o \u00e9 ser o seu parceiro local com os v\u00e1rios organismos portu\u00e1rios.","breadcrumb":{"@id":"https:\/\/gruponogar.com\/pt-pt\/servicos-logisticos\/consignatario-de-navios\/#breadcrumb"},"inLanguage":"pt-PT","potentialAction":[{"@type":"ReadAction","target":["https:\/\/gruponogar.com\/pt-pt\/servicos-logisticos\/consignatario-de-navios\/"]}]},{"@type":"BreadcrumbList","@id":"https:\/\/gruponogar.com\/pt-pt\/servicos-logisticos\/consignatario-de-navios\/#breadcrumb","itemListElement":[{"@type":"ListItem","position":1,"name":"Portada","item":"https:\/\/gruponogar.com\/pt-pt\/"},{"@type":"ListItem","position":2,"name":"Servi\u00e7os log\u00edsticos","item":"https:\/\/gruponogar.com\/pt-pt\/servicos-logisticos\/"},{"@type":"ListItem","position":3,"name":"Consignat\u00e1rio de navios"}]},{"@type":"WebSite","@id":"https:\/\/gruponogar.com\/#website","url":"https:\/\/gruponogar.com\/","name":"Grupo Nogar - Log\u00edstica portuaria y comercio mar\u00edtimo","description":"GrupoNogar es referente en el mundo mar\u00edtimo-portuario, log\u00edstico y comercial","potentialAction":[{"@type":"SearchAction","target":{"@type":"EntryPoint","urlTemplate":"https:\/\/gruponogar.com\/?s={search_term_string}"},"query-input":"required name=search_term_string"}],"inLanguage":"pt-PT"}]}},"_links":{"self":[{"href":"https:\/\/gruponogar.com\/pt-pt\/wp-json\/wp\/v2\/pages\/12710"}],"collection":[{"href":"https:\/\/gruponogar.com\/pt-pt\/wp-json\/wp\/v2\/pages"}],"about":[{"href":"https:\/\/gruponogar.com\/pt-pt\/wp-json\/wp\/v2\/types\/page"}],"author":[{"embeddable":true,"href":"https:\/\/gruponogar.com\/pt-pt\/wp-json\/wp\/v2\/users\/1"}],"replies":[{"embeddable":true,"href":"https:\/\/gruponogar.com\/pt-pt\/wp-json\/wp\/v2\/comments?post=12710"}],"version-history":[{"count":1,"href":"https:\/\/gruponogar.com\/pt-pt\/wp-json\/wp\/v2\/pages\/12710\/revisions"}],"predecessor-version":[{"id":12819,"href":"https:\/\/gruponogar.com\/pt-pt\/wp-json\/wp\/v2\/pages\/12710\/revisions\/12819"}],"up":[{"embeddable":true,"href":"https:\/\/gruponogar.com\/pt-pt\/wp-json\/wp\/v2\/pages\/12711"}],"wp:attachment":[{"href":"https:\/\/gruponogar.com\/pt-pt\/wp-json\/wp\/v2\/media?parent=12710"}],"curies":[{"name":"wp","href":"https:\/\/api.w.org\/{rel}","templated":true}]}}