{"id":12743,"date":"2022-01-28T09:46:33","date_gmt":"2022-01-28T08:46:33","guid":{"rendered":"https:\/\/gruponogar.com\/o-grupo\/historia\/"},"modified":"2023-11-07T09:04:31","modified_gmt":"2023-11-07T08:04:31","slug":"historia","status":"publish","type":"page","link":"https:\/\/gruponogar.com\/pt-pt\/o-grupo\/historia\/","title":{"rendered":"Hist\u00f3ria"},"content":{"rendered":"","protected":false},"excerpt":{"rendered":"","protected":false},"author":1,"featured_media":0,"parent":12581,"menu_order":0,"comment_status":"closed","ping_status":"closed","template":"","meta":[],"yoast_head":"<!-- This site is optimized with the Yoast SEO plugin v20.12 - https:\/\/yoast.com\/wordpress\/plugins\/seo\/ -->\n<title>Fundada por Ceferino Nogueira em 1957<\/title>\n<meta name=\"description\" content=\"O GrupoNogar foi fundado por Ceferino Nogueira Rodr\u00edguez em 1942. Mais de meio s\u00e9culo dedicado \u00e0s atividades portu\u00e1rias, log\u00edsticas e comerciais.\" \/>\n<meta name=\"robots\" content=\"index, follow, max-snippet:-1, max-image-preview:large, max-video-preview:-1\" \/>\n<link rel=\"canonical\" href=\"https:\/\/gruponogar.com\/pt-pt\/o-grupo\/historia\/\" \/>\n<meta property=\"og:locale\" content=\"pt_PT\" \/>\n<meta property=\"og:type\" content=\"article\" \/>\n<meta property=\"og:title\" content=\"Fundada por Ceferino Nogueira em 1957\" \/>\n<meta property=\"og:description\" content=\"O GrupoNogar foi fundado por Ceferino Nogueira Rodr\u00edguez em 1942. Mais de meio s\u00e9culo dedicado \u00e0s atividades portu\u00e1rias, log\u00edsticas e comerciais.\" \/>\n<meta property=\"og:url\" content=\"https:\/\/gruponogar.com\/pt-pt\/o-grupo\/historia\/\" \/>\n<meta property=\"og:site_name\" content=\"Grupo Nogar - Log\u00edstica portuaria y comercio mar\u00edtimo\" \/>\n<meta property=\"article:modified_time\" content=\"2023-11-07T08:04:31+00:00\" \/>\n<meta name=\"twitter:card\" content=\"summary_large_image\" \/>\n<script type=\"application\/ld+json\" class=\"yoast-schema-graph\">{\"@context\":\"https:\/\/schema.org\",\"@graph\":[{\"@type\":\"WebPage\",\"@id\":\"https:\/\/gruponogar.com\/pt-pt\/o-grupo\/historia\/\",\"url\":\"https:\/\/gruponogar.com\/pt-pt\/o-grupo\/historia\/\",\"name\":\"Fundada por Ceferino Nogueira em 1957\",\"isPartOf\":{\"@id\":\"https:\/\/gruponogar.com\/#website\"},\"datePublished\":\"2022-01-28T08:46:33+00:00\",\"dateModified\":\"2023-11-07T08:04:31+00:00\",\"description\":\"O GrupoNogar foi fundado por Ceferino Nogueira Rodr\u00edguez em 1942. Mais de meio s\u00e9culo dedicado \u00e0s atividades portu\u00e1rias, log\u00edsticas e comerciais.\",\"breadcrumb\":{\"@id\":\"https:\/\/gruponogar.com\/pt-pt\/o-grupo\/historia\/#breadcrumb\"},\"inLanguage\":\"pt-PT\",\"potentialAction\":[{\"@type\":\"ReadAction\",\"target\":[\"https:\/\/gruponogar.com\/pt-pt\/o-grupo\/historia\/\"]}]},{\"@type\":\"BreadcrumbList\",\"@id\":\"https:\/\/gruponogar.com\/pt-pt\/o-grupo\/historia\/#breadcrumb\",\"itemListElement\":[{\"@type\":\"ListItem\",\"position\":1,\"name\":\"Portada\",\"item\":\"https:\/\/gruponogar.com\/pt-pt\/\"},{\"@type\":\"ListItem\",\"position\":2,\"name\":\"O Grupo\",\"item\":\"https:\/\/gruponogar.com\/pt-pt\/o-grupo\/\"},{\"@type\":\"ListItem\",\"position\":3,\"name\":\"Hist\u00f3ria\"}]},{\"@type\":\"WebSite\",\"@id\":\"https:\/\/gruponogar.com\/#website\",\"url\":\"https:\/\/gruponogar.com\/\",\"name\":\"Grupo Nogar - Log\u00edstica portuaria y comercio mar\u00edtimo\",\"description\":\"GrupoNogar es referente en el mundo mar\u00edtimo-portuario, log\u00edstico y comercial\",\"potentialAction\":[{\"@type\":\"SearchAction\",\"target\":{\"@type\":\"EntryPoint\",\"urlTemplate\":\"https:\/\/gruponogar.com\/?s={search_term_string}\"},\"query-input\":\"required name=search_term_string\"}],\"inLanguage\":\"pt-PT\"}]}<\/script>\n<!-- \/ Yoast SEO plugin. -->","yoast_head_json":{"title":"Fundada por Ceferino Nogueira em 1957","description":"O GrupoNogar foi fundado por Ceferino Nogueira Rodr\u00edguez em 1942. Mais de meio s\u00e9culo dedicado \u00e0s atividades portu\u00e1rias, log\u00edsticas e comerciais.","robots":{"index":"index","follow":"follow","max-snippet":"max-snippet:-1","max-image-preview":"max-image-preview:large","max-video-preview":"max-video-preview:-1"},"canonical":"https:\/\/gruponogar.com\/pt-pt\/o-grupo\/historia\/","og_locale":"pt_PT","og_type":"article","og_title":"Fundada por Ceferino Nogueira em 1957","og_description":"O GrupoNogar foi fundado por Ceferino Nogueira Rodr\u00edguez em 1942. Mais de meio s\u00e9culo dedicado \u00e0s atividades portu\u00e1rias, log\u00edsticas e comerciais.","og_url":"https:\/\/gruponogar.com\/pt-pt\/o-grupo\/historia\/","og_site_name":"Grupo Nogar - Log\u00edstica portuaria y comercio mar\u00edtimo","article_modified_time":"2023-11-07T08:04:31+00:00","twitter_card":"summary_large_image","schema":{"@context":"https:\/\/schema.org","@graph":[{"@type":"WebPage","@id":"https:\/\/gruponogar.com\/pt-pt\/o-grupo\/historia\/","url":"https:\/\/gruponogar.com\/pt-pt\/o-grupo\/historia\/","name":"Fundada por Ceferino Nogueira em 1957","isPartOf":{"@id":"https:\/\/gruponogar.com\/#website"},"datePublished":"2022-01-28T08:46:33+00:00","dateModified":"2023-11-07T08:04:31+00:00","description":"O GrupoNogar foi fundado por Ceferino Nogueira Rodr\u00edguez em 1942. Mais de meio s\u00e9culo dedicado \u00e0s atividades portu\u00e1rias, log\u00edsticas e comerciais.","breadcrumb":{"@id":"https:\/\/gruponogar.com\/pt-pt\/o-grupo\/historia\/#breadcrumb"},"inLanguage":"pt-PT","potentialAction":[{"@type":"ReadAction","target":["https:\/\/gruponogar.com\/pt-pt\/o-grupo\/historia\/"]}]},{"@type":"BreadcrumbList","@id":"https:\/\/gruponogar.com\/pt-pt\/o-grupo\/historia\/#breadcrumb","itemListElement":[{"@type":"ListItem","position":1,"name":"Portada","item":"https:\/\/gruponogar.com\/pt-pt\/"},{"@type":"ListItem","position":2,"name":"O Grupo","item":"https:\/\/gruponogar.com\/pt-pt\/o-grupo\/"},{"@type":"ListItem","position":3,"name":"Hist\u00f3ria"}]},{"@type":"WebSite","@id":"https:\/\/gruponogar.com\/#website","url":"https:\/\/gruponogar.com\/","name":"Grupo Nogar - Log\u00edstica portuaria y comercio mar\u00edtimo","description":"GrupoNogar es referente en el mundo mar\u00edtimo-portuario, log\u00edstico y comercial","potentialAction":[{"@type":"SearchAction","target":{"@type":"EntryPoint","urlTemplate":"https:\/\/gruponogar.com\/?s={search_term_string}"},"query-input":"required name=search_term_string"}],"inLanguage":"pt-PT"}]}},"_links":{"self":[{"href":"https:\/\/gruponogar.com\/pt-pt\/wp-json\/wp\/v2\/pages\/12743"}],"collection":[{"href":"https:\/\/gruponogar.com\/pt-pt\/wp-json\/wp\/v2\/pages"}],"about":[{"href":"https:\/\/gruponogar.com\/pt-pt\/wp-json\/wp\/v2\/types\/page"}],"author":[{"embeddable":true,"href":"https:\/\/gruponogar.com\/pt-pt\/wp-json\/wp\/v2\/users\/1"}],"replies":[{"embeddable":true,"href":"https:\/\/gruponogar.com\/pt-pt\/wp-json\/wp\/v2\/comments?post=12743"}],"version-history":[{"count":1,"href":"https:\/\/gruponogar.com\/pt-pt\/wp-json\/wp\/v2\/pages\/12743\/revisions"}],"predecessor-version":[{"id":15091,"href":"https:\/\/gruponogar.com\/pt-pt\/wp-json\/wp\/v2\/pages\/12743\/revisions\/15091"}],"up":[{"embeddable":true,"href":"https:\/\/gruponogar.com\/pt-pt\/wp-json\/wp\/v2\/pages\/12581"}],"wp:attachment":[{"href":"https:\/\/gruponogar.com\/pt-pt\/wp-json\/wp\/v2\/media?parent=12743"}],"curies":[{"name":"wp","href":"https:\/\/api.w.org\/{rel}","templated":true}]}}