{"id":12804,"date":"2019-06-27T10:29:15","date_gmt":"2019-06-27T08:29:15","guid":{"rendered":"https:\/\/gruponogar.com\/?page_id=12804"},"modified":"2026-02-06T12:43:46","modified_gmt":"2026-02-06T11:43:46","slug":"comercial","status":"publish","type":"page","link":"https:\/\/gruponogar.com\/pt-pt\/comercial\/","title":{"rendered":"Comercial"},"content":{"rendered":"","protected":false},"excerpt":{"rendered":"","protected":false},"author":1,"featured_media":0,"parent":0,"menu_order":0,"comment_status":"closed","ping_status":"closed","template":"","meta":[],"yoast_head":"<!-- This site is optimized with the Yoast SEO plugin v20.12 - https:\/\/yoast.com\/wordpress\/plugins\/seo\/ -->\n<title>Comercial<\/title>\n<meta name=\"description\" content=\"A nossa voca\u00e7\u00e3o de servi\u00e7o levou-nos a diversificar em diferentes \u00e1reas comerciais. No setor agroalimentar, o nosso hist\u00f3rico de atividade ao servi\u00e7o do setor foi complementada com o desenvolvimento de produtos inovadores produzidos na nossa f\u00e1brica da Extrunoga.\" \/>\n<meta name=\"robots\" content=\"index, follow, max-snippet:-1, max-image-preview:large, max-video-preview:-1\" \/>\n<link rel=\"canonical\" href=\"https:\/\/gruponogar.com\/pt-pt\/comercial\/\" \/>\n<meta property=\"og:locale\" content=\"pt_PT\" \/>\n<meta property=\"og:type\" content=\"article\" \/>\n<meta property=\"og:title\" content=\"Comercial\" \/>\n<meta property=\"og:description\" content=\"A nossa voca\u00e7\u00e3o de servi\u00e7o levou-nos a diversificar em diferentes \u00e1reas comerciais. No setor agroalimentar, o nosso hist\u00f3rico de atividade ao servi\u00e7o do setor foi complementada com o desenvolvimento de produtos inovadores produzidos na nossa f\u00e1brica da Extrunoga.\" \/>\n<meta property=\"og:url\" content=\"https:\/\/gruponogar.com\/pt-pt\/comercial\/\" \/>\n<meta property=\"og:site_name\" content=\"Grupo Nogar - Log\u00edstica portuaria y comercio mar\u00edtimo\" \/>\n<meta property=\"article:modified_time\" content=\"2026-02-06T11:43:46+00:00\" \/>\n<meta name=\"twitter:card\" content=\"summary_large_image\" \/>\n<script type=\"application\/ld+json\" class=\"yoast-schema-graph\">{\"@context\":\"https:\/\/schema.org\",\"@graph\":[{\"@type\":\"WebPage\",\"@id\":\"https:\/\/gruponogar.com\/pt-pt\/comercial\/\",\"url\":\"https:\/\/gruponogar.com\/pt-pt\/comercial\/\",\"name\":\"Comercial\",\"isPartOf\":{\"@id\":\"https:\/\/gruponogar.com\/#website\"},\"datePublished\":\"2019-06-27T08:29:15+00:00\",\"dateModified\":\"2026-02-06T11:43:46+00:00\",\"description\":\"A nossa voca\u00e7\u00e3o de servi\u00e7o levou-nos a diversificar em diferentes \u00e1reas comerciais. No setor agroalimentar, o nosso hist\u00f3rico de atividade ao servi\u00e7o do setor foi complementada com o desenvolvimento de produtos inovadores produzidos na nossa f\u00e1brica da Extrunoga.\",\"breadcrumb\":{\"@id\":\"https:\/\/gruponogar.com\/pt-pt\/comercial\/#breadcrumb\"},\"inLanguage\":\"pt-PT\",\"potentialAction\":[{\"@type\":\"ReadAction\",\"target\":[\"https:\/\/gruponogar.com\/pt-pt\/comercial\/\"]}]},{\"@type\":\"BreadcrumbList\",\"@id\":\"https:\/\/gruponogar.com\/pt-pt\/comercial\/#breadcrumb\",\"itemListElement\":[{\"@type\":\"ListItem\",\"position\":1,\"name\":\"Portada\",\"item\":\"https:\/\/gruponogar.com\/pt-pt\/\"},{\"@type\":\"ListItem\",\"position\":2,\"name\":\"Comercial\"}]},{\"@type\":\"WebSite\",\"@id\":\"https:\/\/gruponogar.com\/#website\",\"url\":\"https:\/\/gruponogar.com\/\",\"name\":\"Grupo Nogar - Log\u00edstica portuaria y comercio mar\u00edtimo\",\"description\":\"GrupoNogar es referente en el mundo mar\u00edtimo-portuario, log\u00edstico y comercial\",\"potentialAction\":[{\"@type\":\"SearchAction\",\"target\":{\"@type\":\"EntryPoint\",\"urlTemplate\":\"https:\/\/gruponogar.com\/?s={search_term_string}\"},\"query-input\":\"required name=search_term_string\"}],\"inLanguage\":\"pt-PT\"}]}<\/script>\n<!-- \/ Yoast SEO plugin. -->","yoast_head_json":{"title":"Comercial","description":"A nossa voca\u00e7\u00e3o de servi\u00e7o levou-nos a diversificar em diferentes \u00e1reas comerciais. No setor agroalimentar, o nosso hist\u00f3rico de atividade ao servi\u00e7o do setor foi complementada com o desenvolvimento de produtos inovadores produzidos na nossa f\u00e1brica da Extrunoga.","robots":{"index":"index","follow":"follow","max-snippet":"max-snippet:-1","max-image-preview":"max-image-preview:large","max-video-preview":"max-video-preview:-1"},"canonical":"https:\/\/gruponogar.com\/pt-pt\/comercial\/","og_locale":"pt_PT","og_type":"article","og_title":"Comercial","og_description":"A nossa voca\u00e7\u00e3o de servi\u00e7o levou-nos a diversificar em diferentes \u00e1reas comerciais. No setor agroalimentar, o nosso hist\u00f3rico de atividade ao servi\u00e7o do setor foi complementada com o desenvolvimento de produtos inovadores produzidos na nossa f\u00e1brica da Extrunoga.","og_url":"https:\/\/gruponogar.com\/pt-pt\/comercial\/","og_site_name":"Grupo Nogar - Log\u00edstica portuaria y comercio mar\u00edtimo","article_modified_time":"2026-02-06T11:43:46+00:00","twitter_card":"summary_large_image","schema":{"@context":"https:\/\/schema.org","@graph":[{"@type":"WebPage","@id":"https:\/\/gruponogar.com\/pt-pt\/comercial\/","url":"https:\/\/gruponogar.com\/pt-pt\/comercial\/","name":"Comercial","isPartOf":{"@id":"https:\/\/gruponogar.com\/#website"},"datePublished":"2019-06-27T08:29:15+00:00","dateModified":"2026-02-06T11:43:46+00:00","description":"A nossa voca\u00e7\u00e3o de servi\u00e7o levou-nos a diversificar em diferentes \u00e1reas comerciais. No setor agroalimentar, o nosso hist\u00f3rico de atividade ao servi\u00e7o do setor foi complementada com o desenvolvimento de produtos inovadores produzidos na nossa f\u00e1brica da Extrunoga.","breadcrumb":{"@id":"https:\/\/gruponogar.com\/pt-pt\/comercial\/#breadcrumb"},"inLanguage":"pt-PT","potentialAction":[{"@type":"ReadAction","target":["https:\/\/gruponogar.com\/pt-pt\/comercial\/"]}]},{"@type":"BreadcrumbList","@id":"https:\/\/gruponogar.com\/pt-pt\/comercial\/#breadcrumb","itemListElement":[{"@type":"ListItem","position":1,"name":"Portada","item":"https:\/\/gruponogar.com\/pt-pt\/"},{"@type":"ListItem","position":2,"name":"Comercial"}]},{"@type":"WebSite","@id":"https:\/\/gruponogar.com\/#website","url":"https:\/\/gruponogar.com\/","name":"Grupo Nogar - Log\u00edstica portuaria y comercio mar\u00edtimo","description":"GrupoNogar es referente en el mundo mar\u00edtimo-portuario, log\u00edstico y comercial","potentialAction":[{"@type":"SearchAction","target":{"@type":"EntryPoint","urlTemplate":"https:\/\/gruponogar.com\/?s={search_term_string}"},"query-input":"required name=search_term_string"}],"inLanguage":"pt-PT"}]}},"_links":{"self":[{"href":"https:\/\/gruponogar.com\/pt-pt\/wp-json\/wp\/v2\/pages\/12804"}],"collection":[{"href":"https:\/\/gruponogar.com\/pt-pt\/wp-json\/wp\/v2\/pages"}],"about":[{"href":"https:\/\/gruponogar.com\/pt-pt\/wp-json\/wp\/v2\/types\/page"}],"author":[{"embeddable":true,"href":"https:\/\/gruponogar.com\/pt-pt\/wp-json\/wp\/v2\/users\/1"}],"replies":[{"embeddable":true,"href":"https:\/\/gruponogar.com\/pt-pt\/wp-json\/wp\/v2\/comments?post=12804"}],"version-history":[{"count":5,"href":"https:\/\/gruponogar.com\/pt-pt\/wp-json\/wp\/v2\/pages\/12804\/revisions"}],"predecessor-version":[{"id":40718,"href":"https:\/\/gruponogar.com\/pt-pt\/wp-json\/wp\/v2\/pages\/12804\/revisions\/40718"}],"wp:attachment":[{"href":"https:\/\/gruponogar.com\/pt-pt\/wp-json\/wp\/v2\/media?parent=12804"}],"curies":[{"name":"wp","href":"https:\/\/api.w.org\/{rel}","templated":true}]}}